{"id":3428,"date":"2026-04-15T14:32:50","date_gmt":"2026-04-15T12:32:50","guid":{"rendered":"https:\/\/adekoite-preprod.fr\/keypers\/?page_id=3428"},"modified":"2026-04-28T12:31:12","modified_gmt":"2026-04-28T10:31:12","slug":"contact","status":"publish","type":"page","link":"https:\/\/adekoite-preprod.fr\/keypers\/contact\/","title":{"rendered":"Contact"},"content":{"rendered":"\t\t<div data-elementor-type=\"wp-page\" data-elementor-id=\"3428\" class=\"elementor elementor-3428\" data-elementor-post-type=\"page\">\n\t\t\t\t<div class=\"elementor-element elementor-element-fe40d13 e-flex e-con-boxed e-con e-parent\" data-id=\"fe40d13\" data-element_type=\"container\" data-e-type=\"container\">\n\t\t\t\t\t<div class=\"e-con-inner\">\n\t\t<div class=\"elementor-element elementor-element-fc6b87b e-con-full e-flex e-con e-child\" data-id=\"fc6b87b\" data-element_type=\"container\" data-e-type=\"container\">\n\t\t\t\t<div class=\"elementor-element elementor-element-a63c773 elementor-widget__width-initial pastille-orange elementor-widget elementor-widget-heading\" data-id=\"a63c773\" data-element_type=\"widget\" data-e-type=\"widget\" data-widget_type=\"heading.default\">\n\t\t\t\t\t<p class=\"elementor-heading-title elementor-size-default\">Contact<\/p>\t\t\t\t<\/div>\n\t\t\t\t<div class=\"elementor-element elementor-element-1d3f5f0 real-h1 elementor-widget elementor-widget-heading\" data-id=\"1d3f5f0\" data-element_type=\"widget\" data-e-type=\"widget\" data-widget_type=\"heading.default\">\n\t\t\t\t\t<h1 class=\"elementor-heading-title elementor-size-default\">Vous \u00eates propri\u00e9taire \u00e0 Paris et souhaitez louer votre bien en courte dur\u00e9e ou am\u00e9liorer vos revenus sur Airbnb ?<\/h1>\t\t\t\t<\/div>\n\t\t\t\t<div class=\"elementor-element elementor-element-ab7103a elementor-absolute elementor-widget elementor-widget-image\" data-id=\"ab7103a\" data-element_type=\"widget\" data-e-type=\"widget\" data-settings=\"{&quot;_position&quot;:&quot;absolute&quot;}\" data-widget_type=\"image.default\">\n\t\t\t\t\t\t\t\t\t\t\t\t\t\t\t<img decoding=\"async\" width=\"98\" height=\"130\" src=\"https:\/\/adekoite-preprod.fr\/keypers\/wp-content\/uploads\/2026\/04\/icone-crayon.svg\" class=\"attachment-large size-large wp-image-2902\" alt=\"\" \/>\t\t\t\t\t\t\t\t\t\t\t\t\t\t\t<\/div>\n\t\t\t\t<div class=\"elementor-element elementor-element-57a0885 elementor-widget__width-initial elementor-widget elementor-widget-text-editor\" data-id=\"57a0885\" data-element_type=\"widget\" data-e-type=\"widget\" data-widget_type=\"text-editor.default\">\n\t\t\t\t\t\t\t\t\t<p>Vous avez une question sur la <strong>gestion op\u00e9rationnelle<\/strong> ou la <strong>r\u00e9glementation<\/strong> ? Laissez-nous un message, nous serons ravis de vous rappeler pour \u00e9changer sur vos besoins.<\/p>\t\t\t\t\t\t\t\t<\/div>\n\t\t\t\t<div class=\"elementor-element elementor-element-6548938 elementor-widget elementor-widget-html\" data-id=\"6548938\" data-element_type=\"widget\" data-e-type=\"widget\" data-widget_type=\"html.default\">\n\t\t\t\t\t<a class=\"btn-whatsapp-keypers\" href=\"https:\/\/wa.me\/33650785800\" target=\"_blank\" rel=\"noopener\">\r\n\t<span>Nous contacter sur WhatsApp<\/span>\r\n\t<svg viewBox=\"0 0 32 32\" aria-hidden=\"true\">\r\n\t\t<path d=\"M16 3C8.8 3 3 8.8 3 16c0 2.3.6 4.5 1.7 6.4L3 29l6.8-1.6C11.6 28.4 13.8 29 16 29c7.2 0 13-5.8 13-13S23.2 3 16 3zm0 23.7c-2 0-3.9-.5-5.6-1.6l-.4-.2-4 .9.9-3.9-.2-.4c-1.1-1.7-1.7-3.6-1.7-5.6C5 9.9 9.9 5 16 5s11 4.9 11 11-4.9 10.7-11 10.7zm6.1-8c-.3-.2-2-1-2.3-1.1-.3-.1-.5-.2-.8.2-.2.3-.9 1.1-1.1 1.3-.2.2-.4.2-.7.1-.3-.2-1.4-.5-2.6-1.6-1-.9-1.6-2-1.8-2.3-.2-.3 0-.5.1-.7.1-.1.3-.4.5-.5.2-.2.2-.3.3-.5.1-.2 0-.4 0-.5s-.8-1.9-1.1-2.6c-.3-.7-.6-.6-.8-.6h-.7c-.2 0-.5.1-.8.4-.3.3-1 1-1 2.4s1 2.8 1.2 3c.2.2 2 3.1 4.9 4.3.7.3 1.2.5 1.6.6.7.2 1.3.2 1.8.1.6-.1 2-.8 2.2-1.6.3-.8.3-1.5.2-1.6-.1-.1-.3-.2-.6-.4z\"\/>\r\n\t<\/svg>\r\n<\/a>\t\t\t\t<\/div>\n\t\t\t\t<\/div>\n\t\t<div class=\"elementor-element elementor-element-b37afc9 e-con-full elementor-hidden-mobile e-flex e-con e-child\" data-id=\"b37afc9\" data-element_type=\"container\" data-e-type=\"container\">\n\t\t\t\t<div class=\"elementor-element elementor-element-6c02c48 elementor-widget elementor-widget-image\" data-id=\"6c02c48\" data-element_type=\"widget\" data-e-type=\"widget\" data-widget_type=\"image.default\">\n\t\t\t\t\t\t\t\t\t\t\t\t\t\t\t<img fetchpriority=\"high\" decoding=\"async\" width=\"716\" height=\"215\" src=\"https:\/\/adekoite-preprod.fr\/keypers\/wp-content\/uploads\/2026\/03\/vue_paris_panoramique.svg\" class=\"attachment-large size-large wp-image-2689\" alt=\"Vue panoramique de Paris en illustration\" \/>\t\t\t\t\t\t\t\t\t\t\t\t\t\t\t<\/div>\n\t\t\t\t<\/div>\n\t\t\t\t\t<\/div>\n\t\t\t\t<\/div>\n\t\t<div class=\"elementor-element elementor-element-ff20d85 e-flex e-con-boxed e-con e-parent\" data-id=\"ff20d85\" data-element_type=\"container\" data-e-type=\"container\" data-settings=\"{&quot;background_background&quot;:&quot;classic&quot;}\">\n\t\t\t\t\t<div class=\"e-con-inner\">\n\t\t\t\t<div class=\"elementor-element elementor-element-4ac54f3 elementor-widget elementor-widget-formidable\" data-id=\"4ac54f3\" data-element_type=\"widget\" data-e-type=\"widget\" data-widget_type=\"formidable.default\">\n\t\t\t\t<div class=\"elementor-widget-container\">\n\t\t\t\t\t<div class=\"frm_forms  with_frm_style frm_style_style-formidable\" id=\"frm_form_2_container\" data-token=\"3bc7a668f0f1793dc96f73212a0ee1b8\">\n<form enctype=\"multipart\/form-data\" method=\"post\" class=\"frm-show-form \" id=\"form_contact\" data-token=\"3bc7a668f0f1793dc96f73212a0ee1b8\">\n<div class=\"frm_form_fields \">\n<fieldset>\n<legend class=\"frm_screen_reader\">Contact<\/legend>\r\n\r\n<div class=\"frm_fields_container\">\n<input type=\"hidden\" name=\"frm_action\" value=\"create\" \/>\n<input type=\"hidden\" name=\"form_id\" value=\"2\" \/>\n<input type=\"hidden\" name=\"frm_hide_fields_2\" id=\"frm_hide_fields_2\" value=\"\" \/>\n<input type=\"hidden\" name=\"form_key\" value=\"contact\" \/>\n<input type=\"hidden\" name=\"item_meta[0]\" value=\"\" \/>\n<input type=\"hidden\" id=\"frm_submit_entry_2\" name=\"frm_submit_entry_2\" value=\"cb646e03ec\" \/><input type=\"hidden\" name=\"_wp_http_referer\" value=\"\/keypers\/wp-json\/wp\/v2\/pages\/3428\" \/><div id=\"frm_field_6_container\" class=\"frm_form_field form-field  frm_required_field frm_top_container frm6 frm_first\">\r\n    <label for=\"field_qh4icy2\" class=\"frm_primary_label\">Nom\r\n        <span class=\"frm_required\">*<\/span>\r\n    <\/label>\r\n    <input type=\"text\" id=\"field_qh4icy2\" name=\"item_meta[6]\" value=\"\"  data-reqmsg=\"Nom cannot be blank.\" aria-required=\"true\" data-invmsg=\"Nom est non valide\" aria-invalid=\"false\"  \/>\r\n    \r\n    \r\n<\/div>\n<div id=\"frm_field_24_container\" class=\"frm_form_field form-field  frm_required_field frm_top_container frm6\">\r\n    <label for=\"field_r0oqw\" class=\"frm_primary_label\">Pr\u00e9nom\r\n        <span class=\"frm_required\">*<\/span>\r\n    <\/label>\r\n    <input type=\"text\" id=\"field_r0oqw\" name=\"item_meta[24]\" value=\"\"  data-reqmsg=\"Pr\u00e9nom cannot be blank.\" aria-required=\"true\" data-invmsg=\"Pr\u00e9nom est non valide\" aria-invalid=\"false\"  \/>\r\n    \r\n    \r\n<\/div>\n<div id=\"frm_field_8_container\" class=\"frm_form_field form-field  frm_required_field frm_top_container frm6 frm_first\">\r\n    <label for=\"field_29yf4d2\" class=\"frm_primary_label\">Email\r\n        <span class=\"frm_required\">*<\/span>\r\n    <\/label>\r\n    <input type=\"email\" id=\"field_29yf4d2\" name=\"item_meta[8]\" value=\"\"  data-reqmsg=\"Email cannot be blank.\" aria-required=\"true\" data-invmsg=\"Please enter a valid email address\" aria-invalid=\"false\"  \/>\r\n    \r\n    \r\n<\/div>\n<div id=\"frm_field_16_container\" class=\"frm_form_field form-field  frm_top_container frm6\">\r\n\t<label for=\"field_802nc\" id=\"field_802nc_label\" class=\"frm_primary_label\">T\u00e9l\u00e9phone\r\n\t\t<span class=\"frm_required\" aria-hidden=\"true\"><\/span>\r\n\t<\/label>\r\n\t<input type=\"tel\" id=\"field_802nc\" name=\"item_meta[16]\" value=\"\"  data-invmsg=\"T\u00e9l\u00e9phone est non valide\" aria-invalid=\"false\" pattern=\"((\\+\\d{1,3}(-|.| )?\\(?\\d\\)?(-| |.)?\\d{1,5})|(\\(?\\d{2,6}\\)?))(-|.| )?(\\d{3,4})(-|.| )?(\\d{4})(( x| ext)\\d{1,5}){0,1}$\"  \/>\r\n\t\r\n\t\r\n<\/div>\n<div id=\"frm_field_17_container\" class=\"frm_form_field form-field  frm_required_field frm_top_container frm12 frm_first\">\r\n\t<label for=\"field_dspjf\" id=\"field_dspjf_label\" class=\"frm_primary_label\">Adresse du bien concern\u00e9\r\n\t\t<span class=\"frm_required\" aria-hidden=\"true\">*<\/span>\r\n\t<\/label>\r\n\t<input type=\"text\" id=\"field_dspjf\" name=\"item_meta[17]\" value=\"\"  data-reqmsg=\"Adresse du bien concern\u00e9 ne peut pas \u00eatre vide.\" aria-required=\"true\" data-invmsg=\"Adresse du bien concern\u00e9 est non valide\" aria-invalid=\"false\"  \/>\r\n\t\r\n\t\r\n<\/div>\n<div id=\"frm_field_10_container\" class=\"frm_form_field form-field  frm_top_container frm_full\">\r\n    <label for=\"field_9jv0r12\" class=\"frm_primary_label\">Message\r\n        <span class=\"frm_required\"><\/span>\r\n    <\/label>\r\n    <textarea name=\"item_meta[10]\" id=\"field_9jv0r12\" rows=\"5\"  data-invmsg=\"Message est non valide\" aria-invalid=\"false\"  ><\/textarea>\r\n    \r\n    \r\n<\/div>\n<div id=\"frm_field_15_container\" class=\"frm_form_field  frm12 frm_first frm_html_container form-field\">\n<p>Les donn\u00e9es \u00e0 caract\u00e8re personnel collect\u00e9es via ce formulaire sont trait\u00e9es par KEYPERS, en sa qualit\u00e9 de responsable de traitement, afin de r\u00e9pondre \u00e0 votre demande et d\u2019assurer le suivi des \u00e9changes. Ce traitement repose sur l\u2019int\u00e9r\u00eat l\u00e9gitime de KEYPERS \u00e0 g\u00e9rer les sollicitations qui lui sont adress\u00e9es.<\/p>\n<p>Elles sont conserv\u00e9es pendant une dur\u00e9e de trois (3) ans \u00e0 compter du dernier contact avec vous, sauf conclusion d\u2019un contrat.<\/p>\n<p>Pour en savoir plus sur la gestion de vos donn\u00e9es \u00e0 caract\u00e8re personnel et sur vos droits, vous pouvez consulter notre <a href=\"https:\/\/adekoite-preprod.fr\/keypers\/politique-confidentialite\" target=\"_blank\" rel=\"noopener\">politique de confidentialit\u00e9.<\/a><\/p>\n<\/div>\n<div id=\"frm_field_11_container\" class=\"frm_form_field form-field  frm12 frm_first\">\r\n\t<div class=\"frm_submit\">\r\n\r\n<button class=\"frm_button_submit\" type=\"submit\" >Envoyer<\/button>\r\n\r\n<\/div>\r\n<\/div>\n\t<input type=\"hidden\" name=\"item_key\" value=\"\" \/>\n\t\t\t<div id=\"frm_field_25_container\">\n\t\t\t<label for=\"field_9awb4\" >\n\t\t\t\tSi vous \u00eates un humain, ne remplissez pas ce champ.\t\t\t<\/label>\n\t\t\t<input  id=\"field_9awb4\" type=\"text\" class=\"frm_form_field form-field frm_verify\" name=\"item_meta[25]\" value=\"\"  \/>\n\t\t<\/div>\n\t\t<input name=\"frm_state\" type=\"hidden\" value=\"NAH4efRFt0kapc9371LpSwgU1wvo0p38i8Z1a6wWOUI=\" \/><\/div>\n<\/fieldset>\n<\/div>\n\n<\/form>\n<\/div>\n\t\t\t\t<\/div>\n\t\t\t\t<\/div>\n\t\t\t\t<div class=\"elementor-element elementor-element-0bf4a63 elementor-absolute e-transform elementor-widget elementor-widget-image\" data-id=\"0bf4a63\" data-element_type=\"widget\" data-e-type=\"widget\" data-settings=\"{&quot;_position&quot;:&quot;absolute&quot;,&quot;_transform_rotateZ_effect&quot;:{&quot;unit&quot;:&quot;px&quot;,&quot;size&quot;:-45,&quot;sizes&quot;:[]},&quot;_transform_rotateZ_effect_tablet&quot;:{&quot;unit&quot;:&quot;deg&quot;,&quot;size&quot;:&quot;&quot;,&quot;sizes&quot;:[]},&quot;_transform_rotateZ_effect_mobile&quot;:{&quot;unit&quot;:&quot;deg&quot;,&quot;size&quot;:&quot;&quot;,&quot;sizes&quot;:[]}}\" data-widget_type=\"image.default\">\n\t\t\t\t\t\t\t\t\t\t\t\t\t\t\t<img decoding=\"async\" width=\"98\" height=\"99\" src=\"https:\/\/adekoite-preprod.fr\/keypers\/wp-content\/uploads\/2026\/04\/2petales.svg\" class=\"attachment-large size-large wp-image-3258\" alt=\"\" \/>\t\t\t\t\t\t\t\t\t\t\t\t\t\t\t<\/div>\n\t\t\t\t\t<\/div>\n\t\t\t\t<\/div>\n\t\t\t\t<\/div>\n\t\t","protected":false},"excerpt":{"rendered":"<p>Contact Vous \u00eates propri\u00e9taire \u00e0 Paris et souhaitez louer votre bien en courte dur\u00e9e ou am\u00e9liorer vos revenus sur Airbnb ? Vous avez une question sur la gestion op\u00e9rationnelle ou la r\u00e9glementation ? Laissez-nous un message, nous serons ravis de vous rappeler pour \u00e9changer sur vos besoins. Nous contacter sur WhatsApp Contact Nom * Pr\u00e9nom [&hellip;]<\/p>\n","protected":false},"author":1,"featured_media":0,"parent":0,"menu_order":0,"comment_status":"closed","ping_status":"closed","template":"","meta":{"footnotes":""},"class_list":["post-3428","page","type-page","status-publish","hentry"],"yoast_head":"<!-- This site is optimized with the Yoast SEO plugin v27.4 - https:\/\/yoast.com\/product\/yoast-seo-wordpress\/ -->\n<title>Contacter Keypers, la conciergerie parisienne pour Airbnb, Booking et Vrbo<\/title>\n<meta name=\"description\" content=\"Vous \u00eates propri\u00e9taire \u00e0 Paris et souhaitez louer votre bien en courte dur\u00e9e ou am\u00e9liorer vos revenus sur Airbnb ? Contactez-nous !\" \/>\n<meta name=\"robots\" content=\"noindex, follow, max-snippet:-1, max-image-preview:large, max-video-preview:-1\" \/>\n<meta property=\"og:locale\" content=\"fr_FR\" \/>\n<meta property=\"og:type\" content=\"article\" \/>\n<meta property=\"og:title\" content=\"Contacter Keypers, la conciergerie parisienne pour Airbnb, Booking et Vrbo\" \/>\n<meta property=\"og:description\" content=\"Vous \u00eates propri\u00e9taire \u00e0 Paris et souhaitez louer votre bien en courte dur\u00e9e ou am\u00e9liorer vos revenus sur Airbnb ? Contactez-nous !\" \/>\n<meta property=\"og:url\" content=\"https:\/\/adekoite-preprod.fr\/keypers\/contact\/\" \/>\n<meta property=\"og:site_name\" content=\"Keypers\" \/>\n<meta property=\"article:modified_time\" content=\"2026-04-28T10:31:12+00:00\" \/>\n<meta property=\"og:image\" content=\"https:\/\/adekoite-preprod.fr\/keypers\/wp-content\/uploads\/2026\/04\/icone-crayon.svg\" \/>\n<meta name=\"twitter:card\" content=\"summary_large_image\" \/>\n<meta name=\"twitter:label1\" content=\"Dur\u00e9e de lecture estim\u00e9e\" \/>\n\t<meta name=\"twitter:data1\" content=\"2 minutes\" \/>\n<script type=\"application\/ld+json\" class=\"yoast-schema-graph\">{\"@context\":\"https:\\\/\\\/schema.org\",\"@graph\":[{\"@type\":\"WebPage\",\"@id\":\"https:\\\/\\\/adekoite-preprod.fr\\\/keypers\\\/contact\\\/\",\"url\":\"https:\\\/\\\/adekoite-preprod.fr\\\/keypers\\\/contact\\\/\",\"name\":\"Contacter Keypers, la conciergerie parisienne pour Airbnb, Booking et Vrbo\",\"isPartOf\":{\"@id\":\"https:\\\/\\\/adekoite-preprod.fr\\\/keypers\\\/#website\"},\"primaryImageOfPage\":{\"@id\":\"https:\\\/\\\/adekoite-preprod.fr\\\/keypers\\\/contact\\\/#primaryimage\"},\"image\":{\"@id\":\"https:\\\/\\\/adekoite-preprod.fr\\\/keypers\\\/contact\\\/#primaryimage\"},\"thumbnailUrl\":\"https:\\\/\\\/adekoite-preprod.fr\\\/keypers\\\/wp-content\\\/uploads\\\/2026\\\/04\\\/icone-crayon.svg\",\"datePublished\":\"2026-04-15T12:32:50+00:00\",\"dateModified\":\"2026-04-28T10:31:12+00:00\",\"description\":\"Vous \u00eates propri\u00e9taire \u00e0 Paris et souhaitez louer votre bien en courte dur\u00e9e ou am\u00e9liorer vos revenus sur Airbnb ? Contactez-nous !\",\"breadcrumb\":{\"@id\":\"https:\\\/\\\/adekoite-preprod.fr\\\/keypers\\\/contact\\\/#breadcrumb\"},\"inLanguage\":\"fr-FR\",\"potentialAction\":[{\"@type\":\"ReadAction\",\"target\":[\"https:\\\/\\\/adekoite-preprod.fr\\\/keypers\\\/contact\\\/\"]}]},{\"@type\":\"ImageObject\",\"inLanguage\":\"fr-FR\",\"@id\":\"https:\\\/\\\/adekoite-preprod.fr\\\/keypers\\\/contact\\\/#primaryimage\",\"url\":\"https:\\\/\\\/adekoite-preprod.fr\\\/keypers\\\/wp-content\\\/uploads\\\/2026\\\/04\\\/icone-crayon.svg\",\"contentUrl\":\"https:\\\/\\\/adekoite-preprod.fr\\\/keypers\\\/wp-content\\\/uploads\\\/2026\\\/04\\\/icone-crayon.svg\",\"width\":98,\"height\":130},{\"@type\":\"BreadcrumbList\",\"@id\":\"https:\\\/\\\/adekoite-preprod.fr\\\/keypers\\\/contact\\\/#breadcrumb\",\"itemListElement\":[{\"@type\":\"ListItem\",\"position\":1,\"name\":\"Accueil\",\"item\":\"https:\\\/\\\/adekoite-preprod.fr\\\/keypers\\\/\"},{\"@type\":\"ListItem\",\"position\":2,\"name\":\"Contact\"}]},{\"@type\":\"WebSite\",\"@id\":\"https:\\\/\\\/adekoite-preprod.fr\\\/keypers\\\/#website\",\"url\":\"https:\\\/\\\/adekoite-preprod.fr\\\/keypers\\\/\",\"name\":\"Keypers\",\"description\":\"\",\"publisher\":{\"@id\":\"https:\\\/\\\/adekoite-preprod.fr\\\/keypers\\\/#organization\"},\"potentialAction\":[{\"@type\":\"SearchAction\",\"target\":{\"@type\":\"EntryPoint\",\"urlTemplate\":\"https:\\\/\\\/adekoite-preprod.fr\\\/keypers\\\/?s={search_term_string}\"},\"query-input\":{\"@type\":\"PropertyValueSpecification\",\"valueRequired\":true,\"valueName\":\"search_term_string\"}}],\"inLanguage\":\"fr-FR\"},{\"@type\":\"Organization\",\"@id\":\"https:\\\/\\\/adekoite-preprod.fr\\\/keypers\\\/#organization\",\"name\":\"Keypers\",\"url\":\"https:\\\/\\\/adekoite-preprod.fr\\\/keypers\\\/\",\"logo\":{\"@type\":\"ImageObject\",\"inLanguage\":\"fr-FR\",\"@id\":\"https:\\\/\\\/adekoite-preprod.fr\\\/keypers\\\/#\\\/schema\\\/logo\\\/image\\\/\",\"url\":\"https:\\\/\\\/adekoite-preprod.fr\\\/keypers\\\/wp-content\\\/uploads\\\/2026\\\/03\\\/logo-keypers.png\",\"contentUrl\":\"https:\\\/\\\/adekoite-preprod.fr\\\/keypers\\\/wp-content\\\/uploads\\\/2026\\\/03\\\/logo-keypers.png\",\"width\":400,\"height\":192,\"caption\":\"Keypers\"},\"image\":{\"@id\":\"https:\\\/\\\/adekoite-preprod.fr\\\/keypers\\\/#\\\/schema\\\/logo\\\/image\\\/\"}}]}<\/script>\n<!-- \/ Yoast SEO plugin. -->","yoast_head_json":{"title":"Contacter Keypers, la conciergerie parisienne pour Airbnb, Booking et Vrbo","description":"Vous \u00eates propri\u00e9taire \u00e0 Paris et souhaitez louer votre bien en courte dur\u00e9e ou am\u00e9liorer vos revenus sur Airbnb ? Contactez-nous !","robots":{"index":"noindex","follow":"follow","max-snippet":"max-snippet:-1","max-image-preview":"max-image-preview:large","max-video-preview":"max-video-preview:-1"},"og_locale":"fr_FR","og_type":"article","og_title":"Contacter Keypers, la conciergerie parisienne pour Airbnb, Booking et Vrbo","og_description":"Vous \u00eates propri\u00e9taire \u00e0 Paris et souhaitez louer votre bien en courte dur\u00e9e ou am\u00e9liorer vos revenus sur Airbnb ? Contactez-nous !","og_url":"https:\/\/adekoite-preprod.fr\/keypers\/contact\/","og_site_name":"Keypers","article_modified_time":"2026-04-28T10:31:12+00:00","og_image":[{"url":"https:\/\/adekoite-preprod.fr\/keypers\/wp-content\/uploads\/2026\/04\/icone-crayon.svg","type":"","width":"","height":""}],"twitter_card":"summary_large_image","twitter_misc":{"Dur\u00e9e de lecture estim\u00e9e":"2 minutes"},"schema":{"@context":"https:\/\/schema.org","@graph":[{"@type":"WebPage","@id":"https:\/\/adekoite-preprod.fr\/keypers\/contact\/","url":"https:\/\/adekoite-preprod.fr\/keypers\/contact\/","name":"Contacter Keypers, la conciergerie parisienne pour Airbnb, Booking et Vrbo","isPartOf":{"@id":"https:\/\/adekoite-preprod.fr\/keypers\/#website"},"primaryImageOfPage":{"@id":"https:\/\/adekoite-preprod.fr\/keypers\/contact\/#primaryimage"},"image":{"@id":"https:\/\/adekoite-preprod.fr\/keypers\/contact\/#primaryimage"},"thumbnailUrl":"https:\/\/adekoite-preprod.fr\/keypers\/wp-content\/uploads\/2026\/04\/icone-crayon.svg","datePublished":"2026-04-15T12:32:50+00:00","dateModified":"2026-04-28T10:31:12+00:00","description":"Vous \u00eates propri\u00e9taire \u00e0 Paris et souhaitez louer votre bien en courte dur\u00e9e ou am\u00e9liorer vos revenus sur Airbnb ? Contactez-nous !","breadcrumb":{"@id":"https:\/\/adekoite-preprod.fr\/keypers\/contact\/#breadcrumb"},"inLanguage":"fr-FR","potentialAction":[{"@type":"ReadAction","target":["https:\/\/adekoite-preprod.fr\/keypers\/contact\/"]}]},{"@type":"ImageObject","inLanguage":"fr-FR","@id":"https:\/\/adekoite-preprod.fr\/keypers\/contact\/#primaryimage","url":"https:\/\/adekoite-preprod.fr\/keypers\/wp-content\/uploads\/2026\/04\/icone-crayon.svg","contentUrl":"https:\/\/adekoite-preprod.fr\/keypers\/wp-content\/uploads\/2026\/04\/icone-crayon.svg","width":98,"height":130},{"@type":"BreadcrumbList","@id":"https:\/\/adekoite-preprod.fr\/keypers\/contact\/#breadcrumb","itemListElement":[{"@type":"ListItem","position":1,"name":"Accueil","item":"https:\/\/adekoite-preprod.fr\/keypers\/"},{"@type":"ListItem","position":2,"name":"Contact"}]},{"@type":"WebSite","@id":"https:\/\/adekoite-preprod.fr\/keypers\/#website","url":"https:\/\/adekoite-preprod.fr\/keypers\/","name":"Keypers","description":"","publisher":{"@id":"https:\/\/adekoite-preprod.fr\/keypers\/#organization"},"potentialAction":[{"@type":"SearchAction","target":{"@type":"EntryPoint","urlTemplate":"https:\/\/adekoite-preprod.fr\/keypers\/?s={search_term_string}"},"query-input":{"@type":"PropertyValueSpecification","valueRequired":true,"valueName":"search_term_string"}}],"inLanguage":"fr-FR"},{"@type":"Organization","@id":"https:\/\/adekoite-preprod.fr\/keypers\/#organization","name":"Keypers","url":"https:\/\/adekoite-preprod.fr\/keypers\/","logo":{"@type":"ImageObject","inLanguage":"fr-FR","@id":"https:\/\/adekoite-preprod.fr\/keypers\/#\/schema\/logo\/image\/","url":"https:\/\/adekoite-preprod.fr\/keypers\/wp-content\/uploads\/2026\/03\/logo-keypers.png","contentUrl":"https:\/\/adekoite-preprod.fr\/keypers\/wp-content\/uploads\/2026\/03\/logo-keypers.png","width":400,"height":192,"caption":"Keypers"},"image":{"@id":"https:\/\/adekoite-preprod.fr\/keypers\/#\/schema\/logo\/image\/"}}]}},"_links":{"self":[{"href":"https:\/\/adekoite-preprod.fr\/keypers\/wp-json\/wp\/v2\/pages\/3428","targetHints":{"allow":["GET"]}}],"collection":[{"href":"https:\/\/adekoite-preprod.fr\/keypers\/wp-json\/wp\/v2\/pages"}],"about":[{"href":"https:\/\/adekoite-preprod.fr\/keypers\/wp-json\/wp\/v2\/types\/page"}],"author":[{"embeddable":true,"href":"https:\/\/adekoite-preprod.fr\/keypers\/wp-json\/wp\/v2\/users\/1"}],"replies":[{"embeddable":true,"href":"https:\/\/adekoite-preprod.fr\/keypers\/wp-json\/wp\/v2\/comments?post=3428"}],"version-history":[{"count":70,"href":"https:\/\/adekoite-preprod.fr\/keypers\/wp-json\/wp\/v2\/pages\/3428\/revisions"}],"predecessor-version":[{"id":5791,"href":"https:\/\/adekoite-preprod.fr\/keypers\/wp-json\/wp\/v2\/pages\/3428\/revisions\/5791"}],"wp:attachment":[{"href":"https:\/\/adekoite-preprod.fr\/keypers\/wp-json\/wp\/v2\/media?parent=3428"}],"curies":[{"name":"wp","href":"https:\/\/api.w.org\/{rel}","templated":true}]}}