{"id":3909,"date":"2026-04-17T16:01:31","date_gmt":"2026-04-17T14:01:31","guid":{"rendered":"https:\/\/adekoite-preprod.fr\/keypers\/?page_id=3909"},"modified":"2026-04-17T16:04:24","modified_gmt":"2026-04-17T14:04:24","slug":"mentions-legales","status":"publish","type":"page","link":"https:\/\/adekoite-preprod.fr\/keypers\/mentions-legales\/","title":{"rendered":"Mentions L\u00e9gales"},"content":{"rendered":"\t\t<div data-elementor-type=\"wp-page\" data-elementor-id=\"3909\" class=\"elementor elementor-3909\" data-elementor-post-type=\"page\">\n\t\t\t\t<div class=\"elementor-element elementor-element-3f0cab3 e-flex e-con-boxed e-con e-parent\" data-id=\"3f0cab3\" data-element_type=\"container\" data-e-type=\"container\" data-settings=\"{&quot;background_background&quot;:&quot;classic&quot;}\">\n\t\t\t\t\t<div class=\"e-con-inner\">\n\t\t\t\t<div class=\"elementor-element elementor-element-23b8541 real-h1 elementor-widget elementor-widget-heading\" data-id=\"23b8541\" data-element_type=\"widget\" data-e-type=\"widget\" data-widget_type=\"heading.default\">\n\t\t\t\t\t<h1 class=\"elementor-heading-title elementor-size-default\">Mentions l\u00e9gales<\/h1>\t\t\t\t<\/div>\n\t\t\t\t\t<\/div>\n\t\t\t\t<\/div>\n\t\t<div class=\"elementor-element elementor-element-4612b89d e-flex e-con-boxed e-con e-parent\" data-id=\"4612b89d\" data-element_type=\"container\" data-e-type=\"container\">\n\t\t\t\t\t<div class=\"e-con-inner\">\n\t\t\t\t<div class=\"elementor-element elementor-element-423f6b08 confidentialite elementor-widget elementor-widget-text-editor\" data-id=\"423f6b08\" data-element_type=\"widget\" data-e-type=\"widget\" data-widget_type=\"text-editor.default\">\n\t\t\t\t\t\t\t\t\t<h2>1. \u00c9diteur du site<\/h2><p>Le site <a href=\"https:\/\/www.keypers.paris\/\">www.keypers.paris<\/a> est \u00e9dit\u00e9 par la soci\u00e9t\u00e9 :<\/p><p><strong>KEYPERS<\/strong>, Soci\u00e9t\u00e9 par actions simplifi\u00e9e (SAS)<br \/>Au capital social de 1 000 euros<br \/>Immatricul\u00e9e au Registre du Commerce et des Soci\u00e9t\u00e9s de Paris sous le num\u00e9ro <strong>833 919 038 RCS Paris<\/strong><\/p><p>Si\u00e8ge social :<br \/>23 rue Damesme<br \/>75013 Paris \u2013 France<\/p><p>Num\u00e9ro SIRET : 833 919 038 00020<\/p><p>Repr\u00e9sentants l\u00e9gaux :<br \/>Pr\u00e9sident : PBardi Eurl<br \/>Directeur G\u00e9n\u00e9ral : PFCouche\u00a0Eurl<\/p><p>Contact : <a href=\"mailto:contact@keypers.paris\">contact@keypers.paris<\/a><\/p><h2>2. H\u00e9bergement<\/h2><p>Le site est h\u00e9berg\u00e9 par :<\/p><p><strong>OVH SAS<\/strong><br \/>2 rue Kellermann<br \/>59100 Roubaix \u2013 France<br \/>Site web : <a href=\"http:\/\/www.ovhcloud.com\">www.ovhcloud.com<\/a><\/p><h2>3. Activit\u00e9s<\/h2><p>KEYPERS propose des services de conciergerie et de gestion locative, notamment pour la location courte dur\u00e9e et saisonni\u00e8re, ainsi que des prestations de services aux propri\u00e9taires.<\/p><p>KEYPERS est titulaire de la carte professionnelle n\u00b0 CPI75012020000045478, de\u0301livre\u0301e par la CCI de Paris Ile-de-France le 18\/09\/2020, garantie par SO.CA.F. 26 avenue de Suffren Paris 15, pour :<\/p><ul><li>La transaction sur immeubles et fonds de commerce pour un montant de 110 000 euros, sans maniement \/ de\u0301tention de fonds.<\/li><li>La gestion immobili\u00e8re pour un montant de 120 000 euros, sans maniement \/ d\u00e9tention de fonds<\/li><\/ul><h2>4. Propri\u00e9t\u00e9 intellectuelle<\/h2><p>L\u2019ensemble des contenus pr\u00e9sents sur le site <a href=\"http:\/\/www.keypers.paris\">www.keypers.paris<\/a> (textes, images, logos, \u00e9l\u00e9ments graphiques, structure, etc.) est prot\u00e9g\u00e9 par le droit de la propri\u00e9t\u00e9 intellectuelle.<\/p><p>Toute reproduction, repr\u00e9sentation, modification, publication ou adaptation, totale ou partielle, est interdite sans l\u2019autorisation \u00e9crite pr\u00e9alable de KEYPERS.<\/p><p>La d\u00e9nomination \u00ab KEYPERS \u00bb fait l\u2019objet d\u2019un d\u00e9p\u00f4t de marque aupr\u00e8s de INPI.<\/p><h2>5. Responsabilit\u00e9<\/h2><p>KEYPERS s\u2019efforce de fournir des informations aussi pr\u00e9cises que possible sur le site. Toutefois, la soci\u00e9t\u00e9 ne saurait \u00eatre tenue responsable des omissions, inexactitudes ou carences dans la mise \u00e0 jour.<\/p><p>L\u2019utilisation du site se fait sous la responsabilit\u00e9 de l\u2019utilisateur.<\/p><h2>6. Droit applicable<\/h2><p>Les pr\u00e9sentes mentions l\u00e9gales sont r\u00e9gies par le droit fran\u00e7ais.<\/p>\t\t\t\t\t\t\t\t<\/div>\n\t\t\t\t\t<\/div>\n\t\t\t\t<\/div>\n\t\t\t\t<\/div>\n\t\t","protected":false},"excerpt":{"rendered":"<p>Mentions l\u00e9gales 1. \u00c9diteur du site Le site www.keypers.paris est \u00e9dit\u00e9 par la soci\u00e9t\u00e9 : KEYPERS, Soci\u00e9t\u00e9 par actions simplifi\u00e9e (SAS)Au capital social de 1 000 eurosImmatricul\u00e9e au Registre du Commerce et des Soci\u00e9t\u00e9s de Paris sous le num\u00e9ro 833 919 038 RCS Paris Si\u00e8ge social :23 rue Damesme75013 Paris \u2013 France Num\u00e9ro SIRET : [&hellip;]<\/p>\n","protected":false},"author":1,"featured_media":0,"parent":0,"menu_order":0,"comment_status":"closed","ping_status":"open","template":"","meta":{"footnotes":""},"class_list":["post-3909","page","type-page","status-publish","hentry"],"yoast_head":"<!-- This site is optimized with the Yoast SEO plugin v27.4 - https:\/\/yoast.com\/product\/yoast-seo-wordpress\/ -->\n<title>Mentions L\u00e9gales - Keypers<\/title>\n<meta name=\"robots\" content=\"noindex, nofollow\" \/>\n<meta property=\"og:locale\" content=\"fr_FR\" \/>\n<meta property=\"og:type\" content=\"article\" \/>\n<meta property=\"og:title\" content=\"Mentions L\u00e9gales - Keypers\" \/>\n<meta property=\"og:description\" content=\"Mentions l\u00e9gales 1. \u00c9diteur du site Le site www.keypers.paris est \u00e9dit\u00e9 par la soci\u00e9t\u00e9 : KEYPERS, Soci\u00e9t\u00e9 par actions simplifi\u00e9e (SAS)Au capital social de 1 000 eurosImmatricul\u00e9e au Registre du Commerce et des Soci\u00e9t\u00e9s de Paris sous le num\u00e9ro 833 919 038 RCS Paris Si\u00e8ge social :23 rue Damesme75013 Paris \u2013 France Num\u00e9ro SIRET : [&hellip;]\" \/>\n<meta property=\"og:url\" content=\"https:\/\/adekoite-preprod.fr\/keypers\/mentions-legales\/\" \/>\n<meta property=\"og:site_name\" content=\"Keypers\" \/>\n<meta property=\"article:modified_time\" content=\"2026-04-17T14:04:24+00:00\" \/>\n<meta name=\"twitter:card\" content=\"summary_large_image\" \/>\n<meta name=\"twitter:label1\" content=\"Dur\u00e9e de lecture estim\u00e9e\" \/>\n\t<meta name=\"twitter:data1\" content=\"2 minutes\" \/>\n<script type=\"application\/ld+json\" class=\"yoast-schema-graph\">{\"@context\":\"https:\\\/\\\/schema.org\",\"@graph\":[{\"@type\":\"WebPage\",\"@id\":\"https:\\\/\\\/adekoite-preprod.fr\\\/keypers\\\/mentions-legales\\\/\",\"url\":\"https:\\\/\\\/adekoite-preprod.fr\\\/keypers\\\/mentions-legales\\\/\",\"name\":\"Mentions L\u00e9gales - Keypers\",\"isPartOf\":{\"@id\":\"https:\\\/\\\/adekoite-preprod.fr\\\/keypers\\\/#website\"},\"datePublished\":\"2026-04-17T14:01:31+00:00\",\"dateModified\":\"2026-04-17T14:04:24+00:00\",\"breadcrumb\":{\"@id\":\"https:\\\/\\\/adekoite-preprod.fr\\\/keypers\\\/mentions-legales\\\/#breadcrumb\"},\"inLanguage\":\"fr-FR\",\"potentialAction\":[{\"@type\":\"ReadAction\",\"target\":[\"https:\\\/\\\/adekoite-preprod.fr\\\/keypers\\\/mentions-legales\\\/\"]}]},{\"@type\":\"BreadcrumbList\",\"@id\":\"https:\\\/\\\/adekoite-preprod.fr\\\/keypers\\\/mentions-legales\\\/#breadcrumb\",\"itemListElement\":[{\"@type\":\"ListItem\",\"position\":1,\"name\":\"Accueil\",\"item\":\"https:\\\/\\\/adekoite-preprod.fr\\\/keypers\\\/\"},{\"@type\":\"ListItem\",\"position\":2,\"name\":\"Mentions L\u00e9gales\"}]},{\"@type\":\"WebSite\",\"@id\":\"https:\\\/\\\/adekoite-preprod.fr\\\/keypers\\\/#website\",\"url\":\"https:\\\/\\\/adekoite-preprod.fr\\\/keypers\\\/\",\"name\":\"Keypers\",\"description\":\"\",\"publisher\":{\"@id\":\"https:\\\/\\\/adekoite-preprod.fr\\\/keypers\\\/#organization\"},\"potentialAction\":[{\"@type\":\"SearchAction\",\"target\":{\"@type\":\"EntryPoint\",\"urlTemplate\":\"https:\\\/\\\/adekoite-preprod.fr\\\/keypers\\\/?s={search_term_string}\"},\"query-input\":{\"@type\":\"PropertyValueSpecification\",\"valueRequired\":true,\"valueName\":\"search_term_string\"}}],\"inLanguage\":\"fr-FR\"},{\"@type\":\"Organization\",\"@id\":\"https:\\\/\\\/adekoite-preprod.fr\\\/keypers\\\/#organization\",\"name\":\"Keypers\",\"url\":\"https:\\\/\\\/adekoite-preprod.fr\\\/keypers\\\/\",\"logo\":{\"@type\":\"ImageObject\",\"inLanguage\":\"fr-FR\",\"@id\":\"https:\\\/\\\/adekoite-preprod.fr\\\/keypers\\\/#\\\/schema\\\/logo\\\/image\\\/\",\"url\":\"https:\\\/\\\/adekoite-preprod.fr\\\/keypers\\\/wp-content\\\/uploads\\\/2026\\\/03\\\/logo-keypers.png\",\"contentUrl\":\"https:\\\/\\\/adekoite-preprod.fr\\\/keypers\\\/wp-content\\\/uploads\\\/2026\\\/03\\\/logo-keypers.png\",\"width\":400,\"height\":192,\"caption\":\"Keypers\"},\"image\":{\"@id\":\"https:\\\/\\\/adekoite-preprod.fr\\\/keypers\\\/#\\\/schema\\\/logo\\\/image\\\/\"}}]}<\/script>\n<!-- \/ Yoast SEO plugin. -->","yoast_head_json":{"title":"Mentions L\u00e9gales - Keypers","robots":{"index":"noindex","follow":"nofollow"},"og_locale":"fr_FR","og_type":"article","og_title":"Mentions L\u00e9gales - Keypers","og_description":"Mentions l\u00e9gales 1. \u00c9diteur du site Le site www.keypers.paris est \u00e9dit\u00e9 par la soci\u00e9t\u00e9 : KEYPERS, Soci\u00e9t\u00e9 par actions simplifi\u00e9e (SAS)Au capital social de 1 000 eurosImmatricul\u00e9e au Registre du Commerce et des Soci\u00e9t\u00e9s de Paris sous le num\u00e9ro 833 919 038 RCS Paris Si\u00e8ge social :23 rue Damesme75013 Paris \u2013 France Num\u00e9ro SIRET : [&hellip;]","og_url":"https:\/\/adekoite-preprod.fr\/keypers\/mentions-legales\/","og_site_name":"Keypers","article_modified_time":"2026-04-17T14:04:24+00:00","twitter_card":"summary_large_image","twitter_misc":{"Dur\u00e9e de lecture estim\u00e9e":"2 minutes"},"schema":{"@context":"https:\/\/schema.org","@graph":[{"@type":"WebPage","@id":"https:\/\/adekoite-preprod.fr\/keypers\/mentions-legales\/","url":"https:\/\/adekoite-preprod.fr\/keypers\/mentions-legales\/","name":"Mentions L\u00e9gales - Keypers","isPartOf":{"@id":"https:\/\/adekoite-preprod.fr\/keypers\/#website"},"datePublished":"2026-04-17T14:01:31+00:00","dateModified":"2026-04-17T14:04:24+00:00","breadcrumb":{"@id":"https:\/\/adekoite-preprod.fr\/keypers\/mentions-legales\/#breadcrumb"},"inLanguage":"fr-FR","potentialAction":[{"@type":"ReadAction","target":["https:\/\/adekoite-preprod.fr\/keypers\/mentions-legales\/"]}]},{"@type":"BreadcrumbList","@id":"https:\/\/adekoite-preprod.fr\/keypers\/mentions-legales\/#breadcrumb","itemListElement":[{"@type":"ListItem","position":1,"name":"Accueil","item":"https:\/\/adekoite-preprod.fr\/keypers\/"},{"@type":"ListItem","position":2,"name":"Mentions L\u00e9gales"}]},{"@type":"WebSite","@id":"https:\/\/adekoite-preprod.fr\/keypers\/#website","url":"https:\/\/adekoite-preprod.fr\/keypers\/","name":"Keypers","description":"","publisher":{"@id":"https:\/\/adekoite-preprod.fr\/keypers\/#organization"},"potentialAction":[{"@type":"SearchAction","target":{"@type":"EntryPoint","urlTemplate":"https:\/\/adekoite-preprod.fr\/keypers\/?s={search_term_string}"},"query-input":{"@type":"PropertyValueSpecification","valueRequired":true,"valueName":"search_term_string"}}],"inLanguage":"fr-FR"},{"@type":"Organization","@id":"https:\/\/adekoite-preprod.fr\/keypers\/#organization","name":"Keypers","url":"https:\/\/adekoite-preprod.fr\/keypers\/","logo":{"@type":"ImageObject","inLanguage":"fr-FR","@id":"https:\/\/adekoite-preprod.fr\/keypers\/#\/schema\/logo\/image\/","url":"https:\/\/adekoite-preprod.fr\/keypers\/wp-content\/uploads\/2026\/03\/logo-keypers.png","contentUrl":"https:\/\/adekoite-preprod.fr\/keypers\/wp-content\/uploads\/2026\/03\/logo-keypers.png","width":400,"height":192,"caption":"Keypers"},"image":{"@id":"https:\/\/adekoite-preprod.fr\/keypers\/#\/schema\/logo\/image\/"}}]}},"_links":{"self":[{"href":"https:\/\/adekoite-preprod.fr\/keypers\/wp-json\/wp\/v2\/pages\/3909","targetHints":{"allow":["GET"]}}],"collection":[{"href":"https:\/\/adekoite-preprod.fr\/keypers\/wp-json\/wp\/v2\/pages"}],"about":[{"href":"https:\/\/adekoite-preprod.fr\/keypers\/wp-json\/wp\/v2\/types\/page"}],"author":[{"embeddable":true,"href":"https:\/\/adekoite-preprod.fr\/keypers\/wp-json\/wp\/v2\/users\/1"}],"replies":[{"embeddable":true,"href":"https:\/\/adekoite-preprod.fr\/keypers\/wp-json\/wp\/v2\/comments?post=3909"}],"version-history":[{"count":4,"href":"https:\/\/adekoite-preprod.fr\/keypers\/wp-json\/wp\/v2\/pages\/3909\/revisions"}],"predecessor-version":[{"id":3913,"href":"https:\/\/adekoite-preprod.fr\/keypers\/wp-json\/wp\/v2\/pages\/3909\/revisions\/3913"}],"wp:attachment":[{"href":"https:\/\/adekoite-preprod.fr\/keypers\/wp-json\/wp\/v2\/media?parent=3909"}],"curies":[{"name":"wp","href":"https:\/\/api.w.org\/{rel}","templated":true}]}}