{"id":5627,"date":"2025-06-30T14:18:10","date_gmt":"2025-06-30T12:18:10","guid":{"rendered":"https:\/\/adekoite-preprod.fr\/pepiniere\/?post_type=product&#038;p=5627"},"modified":"2026-01-08T17:05:03","modified_gmt":"2026-01-08T16:05:03","slug":"catalpa-speciosa","status":"publish","type":"product","link":"https:\/\/adekoite-preprod.fr\/pepiniere\/produit\/catalpa-speciosa\/","title":{"rendered":"Catalpa speciosa"},"content":{"rendered":"<p><strong>Catalpa speciosa<\/strong> est un arbre robuste et ornemental \u00e0 croissance rapide, qui atteindra jusqu\u2019\u00e0 20 m\u00e8tres de haut. En <b>juillet-ao\u00fbt<\/b><span style=\"font-weight: 400;\">, il offre de belles grappes de fleurs blanches tachet\u00e9es de jaune et violet, tr\u00e8s d\u00e9coratives. R\u00e9sistant \u00e0 la pollution, il s\u2019adapte \u00e0 la plupart des sols et tol\u00e8re la s\u00e9cheresse et la chaleur une fois install\u00e9. Il est rustique jusqu\u2019\u00e0 <b>-25\u00b0C<\/b>.<\/span><\/p>\n<h3>Origine du [nom_produit] \ud83c\udf0e<\/h3>\n<p>Cet arbre nous vient des <b>\u00c9tats-Unis<\/b>, plus pr\u00e9cis\u00e9ment du sud du pays, dans le bassin du <b>Mississippi<\/b><\/p>\n<h3>Description physique du [nom_produit] \ud83c\udf3f<\/h3>\n<p><strong>Catalpa speciosa<\/strong><span style=\"font-weight: 400;\"> est un arbre \u00e0 croissance rapide, d\u00e9passant rarement les 20 m\u00e8tres de haut en culture. Dans son habitat naturel, il d\u00e9passe largement ces dimensions. Ses feuilles sont tr\u00e8s larges, bien plus larges qu\u2019une main, m\u00eame une grosse. Elles sont ovales, \u00e0 base cord\u00e9e ou arrondie, et \u00e0 pointe allong\u00e9e et effil\u00e9e. Elles sont presque glabres sur le dessus \u00e0 maturit\u00e9 et recouvertes d\u2019un duvet brun p\u00e2le en dessous.<br \/>\nLes panicules d\u2019une vingtaine de centim\u00e8tres de long apparaissent en <\/span><b>juillet-ao\u00fbt<\/b><span style=\"font-weight: 400;\"> et portent des fleurs \u00e0 corolle blanche ponctu\u00e9e de jaune et de violet.<\/span><\/p>\n<h3>Avantages du [nom_produit] \u2728<\/h3>\n<ul>\n<li><strong>Croissance rapide<\/strong> : On peut rapidement profiter de l\u2019ombre sous son feuillage.<\/li>\n<li><strong>Adaptabilit\u00e9<\/strong> : Il s\u2019adapte \u00e0 la plupart des sols, avec une pr\u00e9f\u00e9rence pour les sols profonds et frais.<\/li>\n<li><strong>Tol\u00e9rance aux conditions de culture<\/strong> : Une fois install\u00e9, il tol\u00e8re bien les p\u00e9riodes s\u00e8ches ainsi que les fortes chaleurs.<\/li>\n<li><strong>R\u00e9sistance \u00e0 la pollution<\/strong> : Il s\u2019accommode bien de la pollution et des conditions de vie urbaine.<\/li>\n<li><strong>R\u00e9sistance au froid<\/strong> : Bien rustique, il supporte sans probl\u00e8me des temp\u00e9ratures de l\u2019ordre de -25\u00b0C.<\/li>\n<\/ul>\n","protected":false},"excerpt":{"rendered":"<p><span style=\"font-weight: 400;\">Peu commun en culture, <\/span><b>Catalpa speciosa<\/b><span style=\"font-weight: 400;\"> est pourtant un arbre robuste, r\u00e9sistant \u00e0 la pollution, florif\u00e8re et facile \u00e0 r\u00e9ussir. Il prend rapidement de l\u2019ampleur, permettant de se r\u00e9fugier sous ses larges feuilles pour se prot\u00e9ger de la chaleur estivale.<\/span><\/p>\n","protected":false},"featured_media":5628,"template":"","meta":{"_acf_changed":false},"product_brand":[],"product_cat":[110,116],"product_tag":[],"class_list":{"0":"post-5627","1":"product","2":"type-product","3":"status-publish","4":"has-post-thumbnail","6":"product_cat-arbres-et-arbustes","7":"product_cat-plantes-pour-2050","9":"first","10":"instock","11":"taxable","12":"shipping-taxable","13":"purchasable","14":"product-type-simple"},"acf":[],"yoast_head":"<!-- This site is optimized with the Yoast SEO plugin v27.0 - https:\/\/yoast.com\/product\/yoast-seo-wordpress\/ -->\n<title>Catalpa speciosa, un arbre robuste - P\u00e9pini\u00e8re du Dandelion<\/title>\n<meta name=\"description\" content=\"Peu commun en culture, le Catalpa speciosa est pourtant un arbre robuste, r\u00e9sistant \u00e0 la pollution, florif\u00e8re et facile \u00e0 r\u00e9ussir. Commandez-le en ligne !\" \/>\n<meta name=\"robots\" content=\"noindex, follow, max-snippet:-1, max-image-preview:large, max-video-preview:-1\" \/>\n<meta property=\"og:locale\" content=\"fr_FR\" \/>\n<meta property=\"og:type\" content=\"article\" \/>\n<meta property=\"og:title\" content=\"Catalpa speciosa, un arbre robuste - P\u00e9pini\u00e8re du Dandelion\" \/>\n<meta property=\"og:description\" content=\"Peu commun en culture, le Catalpa speciosa est pourtant un arbre robuste, r\u00e9sistant \u00e0 la pollution, florif\u00e8re et facile \u00e0 r\u00e9ussir. Commandez-le en ligne !\" \/>\n<meta property=\"og:url\" content=\"https:\/\/adekoite-preprod.fr\/pepiniere\/produit\/catalpa-speciosa\/\" \/>\n<meta property=\"og:site_name\" content=\"P\u00e9pini\u00e8re du Dandelion\" \/>\n<meta property=\"article:modified_time\" content=\"2026-01-08T16:05:03+00:00\" \/>\n<meta property=\"og:image\" content=\"https:\/\/adekoite-preprod.fr\/pepiniere\/wp-content\/uploads\/2025\/06\/catalpa-speciosa.webp\" \/>\n\t<meta property=\"og:image:width\" content=\"1223\" \/>\n\t<meta property=\"og:image:height\" content=\"1599\" \/>\n\t<meta property=\"og:image:type\" content=\"image\/webp\" \/>\n<meta name=\"twitter:card\" content=\"summary_large_image\" \/>\n<meta name=\"twitter:label1\" content=\"Dur\u00e9e de lecture estim\u00e9e\" \/>\n\t<meta name=\"twitter:data1\" content=\"2 minutes\" \/>\n<script type=\"application\/ld+json\" class=\"yoast-schema-graph\">{\"@context\":\"https:\/\/schema.org\",\"@graph\":[{\"@type\":\"WebPage\",\"@id\":\"https:\/\/adekoite-preprod.fr\/pepiniere\/produit\/catalpa-speciosa\/\",\"url\":\"https:\/\/adekoite-preprod.fr\/pepiniere\/produit\/catalpa-speciosa\/\",\"name\":\"Catalpa speciosa, un arbre robuste - P\u00e9pini\u00e8re du Dandelion\",\"isPartOf\":{\"@id\":\"https:\/\/adekoite-preprod.fr\/pepiniere\/#website\"},\"primaryImageOfPage\":{\"@id\":\"https:\/\/adekoite-preprod.fr\/pepiniere\/produit\/catalpa-speciosa\/#primaryimage\"},\"image\":{\"@id\":\"https:\/\/adekoite-preprod.fr\/pepiniere\/produit\/catalpa-speciosa\/#primaryimage\"},\"thumbnailUrl\":\"https:\/\/adekoite-preprod.fr\/pepiniere\/wp-content\/uploads\/2025\/06\/catalpa-speciosa.webp\",\"datePublished\":\"2025-06-30T12:18:10+00:00\",\"dateModified\":\"2026-01-08T16:05:03+00:00\",\"description\":\"Peu commun en culture, le Catalpa speciosa est pourtant un arbre robuste, r\u00e9sistant \u00e0 la pollution, florif\u00e8re et facile \u00e0 r\u00e9ussir. Commandez-le en ligne !\",\"breadcrumb\":{\"@id\":\"https:\/\/adekoite-preprod.fr\/pepiniere\/produit\/catalpa-speciosa\/#breadcrumb\"},\"inLanguage\":\"fr-FR\",\"potentialAction\":[{\"@type\":\"ReadAction\",\"target\":[\"https:\/\/adekoite-preprod.fr\/pepiniere\/produit\/catalpa-speciosa\/\"]}]},{\"@type\":\"ImageObject\",\"inLanguage\":\"fr-FR\",\"@id\":\"https:\/\/adekoite-preprod.fr\/pepiniere\/produit\/catalpa-speciosa\/#primaryimage\",\"url\":\"https:\/\/adekoite-preprod.fr\/pepiniere\/wp-content\/uploads\/2025\/06\/catalpa-speciosa.webp\",\"contentUrl\":\"https:\/\/adekoite-preprod.fr\/pepiniere\/wp-content\/uploads\/2025\/06\/catalpa-speciosa.webp\",\"width\":1223,\"height\":1599,\"caption\":\"Catalpa speciosa\"},{\"@type\":\"BreadcrumbList\",\"@id\":\"https:\/\/adekoite-preprod.fr\/pepiniere\/produit\/catalpa-speciosa\/#breadcrumb\",\"itemListElement\":[{\"@type\":\"ListItem\",\"position\":1,\"name\":\"Accueil\",\"item\":\"https:\/\/adekoite-preprod.fr\/pepiniere\/\"},{\"@type\":\"ListItem\",\"position\":2,\"name\":\"Boutique\",\"item\":\"https:\/\/adekoite-preprod.fr\/pepiniere\/boutique\/\"},{\"@type\":\"ListItem\",\"position\":3,\"name\":\"Catalpa speciosa\"}]},{\"@type\":\"WebSite\",\"@id\":\"https:\/\/adekoite-preprod.fr\/pepiniere\/#website\",\"url\":\"https:\/\/adekoite-preprod.fr\/pepiniere\/\",\"name\":\"P\u00e9pini\u00e8re du Dandelion\",\"description\":\"\",\"potentialAction\":[{\"@type\":\"SearchAction\",\"target\":{\"@type\":\"EntryPoint\",\"urlTemplate\":\"https:\/\/adekoite-preprod.fr\/pepiniere\/?s={search_term_string}\"},\"query-input\":{\"@type\":\"PropertyValueSpecification\",\"valueRequired\":true,\"valueName\":\"search_term_string\"}}],\"inLanguage\":\"fr-FR\"}]}<\/script>\n<!-- \/ Yoast SEO plugin. -->","yoast_head_json":{"title":"Catalpa speciosa, un arbre robuste - P\u00e9pini\u00e8re du Dandelion","description":"Peu commun en culture, le Catalpa speciosa est pourtant un arbre robuste, r\u00e9sistant \u00e0 la pollution, florif\u00e8re et facile \u00e0 r\u00e9ussir. Commandez-le en ligne !","robots":{"index":"noindex","follow":"follow","max-snippet":"max-snippet:-1","max-image-preview":"max-image-preview:large","max-video-preview":"max-video-preview:-1"},"og_locale":"fr_FR","og_type":"article","og_title":"Catalpa speciosa, un arbre robuste - P\u00e9pini\u00e8re du Dandelion","og_description":"Peu commun en culture, le Catalpa speciosa est pourtant un arbre robuste, r\u00e9sistant \u00e0 la pollution, florif\u00e8re et facile \u00e0 r\u00e9ussir. Commandez-le en ligne !","og_url":"https:\/\/adekoite-preprod.fr\/pepiniere\/produit\/catalpa-speciosa\/","og_site_name":"P\u00e9pini\u00e8re du Dandelion","article_modified_time":"2026-01-08T16:05:03+00:00","og_image":[{"width":1223,"height":1599,"url":"https:\/\/adekoite-preprod.fr\/pepiniere\/wp-content\/uploads\/2025\/06\/catalpa-speciosa.webp","type":"image\/webp"}],"twitter_card":"summary_large_image","twitter_misc":{"Dur\u00e9e de lecture estim\u00e9e":"2 minutes"},"schema":{"@context":"https:\/\/schema.org","@graph":[{"@type":"WebPage","@id":"https:\/\/adekoite-preprod.fr\/pepiniere\/produit\/catalpa-speciosa\/","url":"https:\/\/adekoite-preprod.fr\/pepiniere\/produit\/catalpa-speciosa\/","name":"Catalpa speciosa, un arbre robuste - P\u00e9pini\u00e8re du Dandelion","isPartOf":{"@id":"https:\/\/adekoite-preprod.fr\/pepiniere\/#website"},"primaryImageOfPage":{"@id":"https:\/\/adekoite-preprod.fr\/pepiniere\/produit\/catalpa-speciosa\/#primaryimage"},"image":{"@id":"https:\/\/adekoite-preprod.fr\/pepiniere\/produit\/catalpa-speciosa\/#primaryimage"},"thumbnailUrl":"https:\/\/adekoite-preprod.fr\/pepiniere\/wp-content\/uploads\/2025\/06\/catalpa-speciosa.webp","datePublished":"2025-06-30T12:18:10+00:00","dateModified":"2026-01-08T16:05:03+00:00","description":"Peu commun en culture, le Catalpa speciosa est pourtant un arbre robuste, r\u00e9sistant \u00e0 la pollution, florif\u00e8re et facile \u00e0 r\u00e9ussir. Commandez-le en ligne !","breadcrumb":{"@id":"https:\/\/adekoite-preprod.fr\/pepiniere\/produit\/catalpa-speciosa\/#breadcrumb"},"inLanguage":"fr-FR","potentialAction":[{"@type":"ReadAction","target":["https:\/\/adekoite-preprod.fr\/pepiniere\/produit\/catalpa-speciosa\/"]}]},{"@type":"ImageObject","inLanguage":"fr-FR","@id":"https:\/\/adekoite-preprod.fr\/pepiniere\/produit\/catalpa-speciosa\/#primaryimage","url":"https:\/\/adekoite-preprod.fr\/pepiniere\/wp-content\/uploads\/2025\/06\/catalpa-speciosa.webp","contentUrl":"https:\/\/adekoite-preprod.fr\/pepiniere\/wp-content\/uploads\/2025\/06\/catalpa-speciosa.webp","width":1223,"height":1599,"caption":"Catalpa speciosa"},{"@type":"BreadcrumbList","@id":"https:\/\/adekoite-preprod.fr\/pepiniere\/produit\/catalpa-speciosa\/#breadcrumb","itemListElement":[{"@type":"ListItem","position":1,"name":"Accueil","item":"https:\/\/adekoite-preprod.fr\/pepiniere\/"},{"@type":"ListItem","position":2,"name":"Boutique","item":"https:\/\/adekoite-preprod.fr\/pepiniere\/boutique\/"},{"@type":"ListItem","position":3,"name":"Catalpa speciosa"}]},{"@type":"WebSite","@id":"https:\/\/adekoite-preprod.fr\/pepiniere\/#website","url":"https:\/\/adekoite-preprod.fr\/pepiniere\/","name":"P\u00e9pini\u00e8re du Dandelion","description":"","potentialAction":[{"@type":"SearchAction","target":{"@type":"EntryPoint","urlTemplate":"https:\/\/adekoite-preprod.fr\/pepiniere\/?s={search_term_string}"},"query-input":{"@type":"PropertyValueSpecification","valueRequired":true,"valueName":"search_term_string"}}],"inLanguage":"fr-FR"}]}},"_links":{"self":[{"href":"https:\/\/adekoite-preprod.fr\/pepiniere\/wp-json\/wp\/v2\/product\/5627","targetHints":{"allow":["GET"]}}],"collection":[{"href":"https:\/\/adekoite-preprod.fr\/pepiniere\/wp-json\/wp\/v2\/product"}],"about":[{"href":"https:\/\/adekoite-preprod.fr\/pepiniere\/wp-json\/wp\/v2\/types\/product"}],"wp:featuredmedia":[{"embeddable":true,"href":"https:\/\/adekoite-preprod.fr\/pepiniere\/wp-json\/wp\/v2\/media\/5628"}],"wp:attachment":[{"href":"https:\/\/adekoite-preprod.fr\/pepiniere\/wp-json\/wp\/v2\/media?parent=5627"}],"wp:term":[{"taxonomy":"product_brand","embeddable":true,"href":"https:\/\/adekoite-preprod.fr\/pepiniere\/wp-json\/wp\/v2\/product_brand?post=5627"},{"taxonomy":"product_cat","embeddable":true,"href":"https:\/\/adekoite-preprod.fr\/pepiniere\/wp-json\/wp\/v2\/product_cat?post=5627"},{"taxonomy":"product_tag","embeddable":true,"href":"https:\/\/adekoite-preprod.fr\/pepiniere\/wp-json\/wp\/v2\/product_tag?post=5627"}],"curies":[{"name":"wp","href":"https:\/\/api.w.org\/{rel}","templated":true}]}}