{"id":5630,"date":"2025-06-30T14:28:27","date_gmt":"2025-06-30T12:28:27","guid":{"rendered":"https:\/\/adekoite-preprod.fr\/pepiniere\/?post_type=product&#038;p=5630"},"modified":"2026-01-08T17:05:12","modified_gmt":"2026-01-08T16:05:12","slug":"ehretia-dicksonii","status":"publish","type":"product","link":"https:\/\/adekoite-preprod.fr\/pepiniere\/produit\/ehretia-dicksonii\/","title":{"rendered":"Ehretia dicksonii"},"content":{"rendered":"<p>Le <strong>Cabrillet de Dickson<\/strong> (Ehretia dicksonii) est un petit arbre (jusqu\u2019\u00e0 8 m\u00e8tres) aux grandes feuilles lustr\u00e9es, \u00e0 la floraison estivale blanche et parfum\u00e9e (mellif\u00e8re), et aux fruits orange en forme de poire, comestibles mais peu savoureux. Robuste et facile \u00e0 cultiver, il <strong>s\u2019adapte \u00e0 tous les sols drainants<\/strong>, m\u00eame calcaires, et tol\u00e8re mi-ombre ou plein soleil. <strong>R\u00e9sistant \u00e0 la s\u00e9cheresse<\/strong> une fois install\u00e9 et rustique jusqu\u2019\u00e0 -15\u00b0C. Rare dans nos jardins, c\u2019est un arbre sans souci et robuste.<\/p>\n<h3>Origine de l&#8217; [nom_produit] \ud83c\udf0e<\/h3>\n<p>Ehretia dicksonii est originaire de Chine et de Ta\u00efwan.<\/p>\n<h3>Description physique de l&#8217; [nom_produit] \ud83c\udf3f<\/h3>\n<p>Le Cabrillet de Dickson est un petit arbre dont la taille adulte tourne autour des 8 m\u00e8tres. Ses feuilles sont elliptiques, arrondies, relativement grandes et d\u2019un joli vert lustr\u00e9. La floraison a lieu en \u00e9t\u00e9 et prend la forme de panicules aplaties de 5 \u00e0 10 cm de long et de large rassemblant de nombreuses petites fleurs blanches. Cette derni\u00e8re donne naissance \u00e0 de petits fruits en forme de poire, oranges \u00e0 maturit\u00e9.<\/p>\n<h3>Avantages de l&#8217; [nom_produit] \u2728<\/h3>\n<ul>\n<li><strong>Feuillage attrayant<\/strong> : Ses grandes feuilles lustr\u00e9es ajoutent une touche d&#8217;\u00e9l\u00e9gance \u00e0 tout jardin.<\/li>\n<li><strong>Floraison parfum\u00e9e et mellif\u00e8re<\/strong> : La floraison estivale blanche est tr\u00e8s parfum\u00e9e et attire les pollinisateurs.<\/li>\n<li><strong>Fruits d\u00e9coratifs<\/strong> : Les fruits orange en forme de poire sont d\u00e9coratifs, ils sont comestibles bien que peu int\u00e9ressants sur le plan culinaire.<\/li>\n<li><strong>Adaptabilit\u00e9<\/strong> : C&#8217;est un arbre facile \u00e0 cultiver qui s&#8217;adapte \u00e0 une vari\u00e9t\u00e9 de conditions de sol et de lumi\u00e8re.<\/li>\n<li><strong>Croissance rapide et taille mod\u00e9r\u00e9e<\/strong> : Avec une hauteur moyenne de 8 m\u00e8tres, il est adapt\u00e9 aux petits espaces et offre rapidement un ombrage gr\u00e2ce \u00e0 sa croissance rapide.<\/li>\n<\/ul>\n","protected":false},"excerpt":{"rendered":"<p>Ehretia dicksonii est un <strong>bel arbre \u00e0 croissance assez rapide<\/strong>, peu courant dans les jardins. Appr\u00e9ci\u00e9 pour ses <strong>grandes feuilles lustr\u00e9es<\/strong> et sa <strong>floraison estivale blanche parfum\u00e9e<\/strong>, il produit des fruits orange comestibles en forme de poire. Facile \u00e0 cultiver, il prosp\u00e8re \u00e0 <strong>mi-ombre ou en plein soleil<\/strong> et tol\u00e8re la s\u00e9cheresse.<\/p>\n","protected":false},"featured_media":5631,"template":"","meta":{"_acf_changed":false},"product_brand":[],"product_cat":[110,116],"product_tag":[],"class_list":{"0":"post-5630","1":"product","2":"type-product","3":"status-publish","4":"has-post-thumbnail","6":"product_cat-arbres-et-arbustes","7":"product_cat-plantes-pour-2050","9":"first","10":"instock","11":"taxable","12":"shipping-taxable","13":"purchasable","14":"product-type-simple"},"acf":[],"yoast_head":"<!-- This site is optimized with the Yoast SEO plugin v27.0 - https:\/\/yoast.com\/product\/yoast-seo-wordpress\/ -->\n<title>Ehretia dicksonii - Erable \u00e0 feuilles d&#039;obier - P\u00e9pini\u00e8re du Dandelion<\/title>\n<meta name=\"description\" content=\"Tr\u00e8s bel arbre et pourtant peu commun dans nos jardins.\u00a0D\u00e9couvrez les caract\u00e9risriques du &quot;Cabrillet&quot; et commandez-le sur notre boutique en ligne !\" \/>\n<meta name=\"robots\" content=\"noindex, follow, max-snippet:-1, max-image-preview:large, max-video-preview:-1\" \/>\n<meta property=\"og:locale\" content=\"fr_FR\" \/>\n<meta property=\"og:type\" content=\"article\" \/>\n<meta property=\"og:title\" content=\"Ehretia dicksonii - Erable \u00e0 feuilles d&#039;obier - P\u00e9pini\u00e8re du Dandelion\" \/>\n<meta property=\"og:description\" content=\"Tr\u00e8s bel arbre et pourtant peu commun dans nos jardins.\u00a0D\u00e9couvrez les caract\u00e9risriques du &quot;Cabrillet&quot; et commandez-le sur notre boutique en ligne !\" \/>\n<meta property=\"og:url\" content=\"https:\/\/adekoite-preprod.fr\/pepiniere\/produit\/ehretia-dicksonii\/\" \/>\n<meta property=\"og:site_name\" content=\"P\u00e9pini\u00e8re du Dandelion\" \/>\n<meta property=\"article:modified_time\" content=\"2026-01-08T16:05:12+00:00\" \/>\n<meta property=\"og:image\" content=\"https:\/\/adekoite-preprod.fr\/pepiniere\/wp-content\/uploads\/2025\/06\/ehretia-dicksonii-1.webp\" \/>\n\t<meta property=\"og:image:width\" content=\"714\" \/>\n\t<meta property=\"og:image:height\" content=\"898\" \/>\n\t<meta property=\"og:image:type\" content=\"image\/webp\" \/>\n<meta name=\"twitter:card\" content=\"summary_large_image\" \/>\n<meta name=\"twitter:label1\" content=\"Dur\u00e9e de lecture estim\u00e9e\" \/>\n\t<meta name=\"twitter:data1\" content=\"2 minutes\" \/>\n<script type=\"application\/ld+json\" class=\"yoast-schema-graph\">{\"@context\":\"https:\/\/schema.org\",\"@graph\":[{\"@type\":\"WebPage\",\"@id\":\"https:\/\/adekoite-preprod.fr\/pepiniere\/produit\/ehretia-dicksonii\/\",\"url\":\"https:\/\/adekoite-preprod.fr\/pepiniere\/produit\/ehretia-dicksonii\/\",\"name\":\"Ehretia dicksonii - Erable \u00e0 feuilles d'obier - P\u00e9pini\u00e8re du Dandelion\",\"isPartOf\":{\"@id\":\"https:\/\/adekoite-preprod.fr\/pepiniere\/#website\"},\"primaryImageOfPage\":{\"@id\":\"https:\/\/adekoite-preprod.fr\/pepiniere\/produit\/ehretia-dicksonii\/#primaryimage\"},\"image\":{\"@id\":\"https:\/\/adekoite-preprod.fr\/pepiniere\/produit\/ehretia-dicksonii\/#primaryimage\"},\"thumbnailUrl\":\"https:\/\/adekoite-preprod.fr\/pepiniere\/wp-content\/uploads\/2025\/06\/ehretia-dicksonii-1.webp\",\"datePublished\":\"2025-06-30T12:28:27+00:00\",\"dateModified\":\"2026-01-08T16:05:12+00:00\",\"description\":\"Tr\u00e8s bel arbre et pourtant peu commun dans nos jardins.\u00a0D\u00e9couvrez les caract\u00e9risriques du \\\"Cabrillet\\\" et commandez-le sur notre boutique en ligne !\",\"breadcrumb\":{\"@id\":\"https:\/\/adekoite-preprod.fr\/pepiniere\/produit\/ehretia-dicksonii\/#breadcrumb\"},\"inLanguage\":\"fr-FR\",\"potentialAction\":[{\"@type\":\"ReadAction\",\"target\":[\"https:\/\/adekoite-preprod.fr\/pepiniere\/produit\/ehretia-dicksonii\/\"]}]},{\"@type\":\"ImageObject\",\"inLanguage\":\"fr-FR\",\"@id\":\"https:\/\/adekoite-preprod.fr\/pepiniere\/produit\/ehretia-dicksonii\/#primaryimage\",\"url\":\"https:\/\/adekoite-preprod.fr\/pepiniere\/wp-content\/uploads\/2025\/06\/ehretia-dicksonii-1.webp\",\"contentUrl\":\"https:\/\/adekoite-preprod.fr\/pepiniere\/wp-content\/uploads\/2025\/06\/ehretia-dicksonii-1.webp\",\"width\":714,\"height\":898,\"caption\":\"Ehretia dicksonii\"},{\"@type\":\"BreadcrumbList\",\"@id\":\"https:\/\/adekoite-preprod.fr\/pepiniere\/produit\/ehretia-dicksonii\/#breadcrumb\",\"itemListElement\":[{\"@type\":\"ListItem\",\"position\":1,\"name\":\"Accueil\",\"item\":\"https:\/\/adekoite-preprod.fr\/pepiniere\/\"},{\"@type\":\"ListItem\",\"position\":2,\"name\":\"Boutique\",\"item\":\"https:\/\/adekoite-preprod.fr\/pepiniere\/boutique\/\"},{\"@type\":\"ListItem\",\"position\":3,\"name\":\"Ehretia dicksonii\"}]},{\"@type\":\"WebSite\",\"@id\":\"https:\/\/adekoite-preprod.fr\/pepiniere\/#website\",\"url\":\"https:\/\/adekoite-preprod.fr\/pepiniere\/\",\"name\":\"P\u00e9pini\u00e8re du Dandelion\",\"description\":\"\",\"potentialAction\":[{\"@type\":\"SearchAction\",\"target\":{\"@type\":\"EntryPoint\",\"urlTemplate\":\"https:\/\/adekoite-preprod.fr\/pepiniere\/?s={search_term_string}\"},\"query-input\":{\"@type\":\"PropertyValueSpecification\",\"valueRequired\":true,\"valueName\":\"search_term_string\"}}],\"inLanguage\":\"fr-FR\"}]}<\/script>\n<!-- \/ Yoast SEO plugin. -->","yoast_head_json":{"title":"Ehretia dicksonii - Erable \u00e0 feuilles d'obier - P\u00e9pini\u00e8re du Dandelion","description":"Tr\u00e8s bel arbre et pourtant peu commun dans nos jardins.\u00a0D\u00e9couvrez les caract\u00e9risriques du \"Cabrillet\" et commandez-le sur notre boutique en ligne !","robots":{"index":"noindex","follow":"follow","max-snippet":"max-snippet:-1","max-image-preview":"max-image-preview:large","max-video-preview":"max-video-preview:-1"},"og_locale":"fr_FR","og_type":"article","og_title":"Ehretia dicksonii - Erable \u00e0 feuilles d'obier - P\u00e9pini\u00e8re du Dandelion","og_description":"Tr\u00e8s bel arbre et pourtant peu commun dans nos jardins.\u00a0D\u00e9couvrez les caract\u00e9risriques du \"Cabrillet\" et commandez-le sur notre boutique en ligne !","og_url":"https:\/\/adekoite-preprod.fr\/pepiniere\/produit\/ehretia-dicksonii\/","og_site_name":"P\u00e9pini\u00e8re du Dandelion","article_modified_time":"2026-01-08T16:05:12+00:00","og_image":[{"width":714,"height":898,"url":"https:\/\/adekoite-preprod.fr\/pepiniere\/wp-content\/uploads\/2025\/06\/ehretia-dicksonii-1.webp","type":"image\/webp"}],"twitter_card":"summary_large_image","twitter_misc":{"Dur\u00e9e de lecture estim\u00e9e":"2 minutes"},"schema":{"@context":"https:\/\/schema.org","@graph":[{"@type":"WebPage","@id":"https:\/\/adekoite-preprod.fr\/pepiniere\/produit\/ehretia-dicksonii\/","url":"https:\/\/adekoite-preprod.fr\/pepiniere\/produit\/ehretia-dicksonii\/","name":"Ehretia dicksonii - Erable \u00e0 feuilles d'obier - P\u00e9pini\u00e8re du Dandelion","isPartOf":{"@id":"https:\/\/adekoite-preprod.fr\/pepiniere\/#website"},"primaryImageOfPage":{"@id":"https:\/\/adekoite-preprod.fr\/pepiniere\/produit\/ehretia-dicksonii\/#primaryimage"},"image":{"@id":"https:\/\/adekoite-preprod.fr\/pepiniere\/produit\/ehretia-dicksonii\/#primaryimage"},"thumbnailUrl":"https:\/\/adekoite-preprod.fr\/pepiniere\/wp-content\/uploads\/2025\/06\/ehretia-dicksonii-1.webp","datePublished":"2025-06-30T12:28:27+00:00","dateModified":"2026-01-08T16:05:12+00:00","description":"Tr\u00e8s bel arbre et pourtant peu commun dans nos jardins.\u00a0D\u00e9couvrez les caract\u00e9risriques du \"Cabrillet\" et commandez-le sur notre boutique en ligne !","breadcrumb":{"@id":"https:\/\/adekoite-preprod.fr\/pepiniere\/produit\/ehretia-dicksonii\/#breadcrumb"},"inLanguage":"fr-FR","potentialAction":[{"@type":"ReadAction","target":["https:\/\/adekoite-preprod.fr\/pepiniere\/produit\/ehretia-dicksonii\/"]}]},{"@type":"ImageObject","inLanguage":"fr-FR","@id":"https:\/\/adekoite-preprod.fr\/pepiniere\/produit\/ehretia-dicksonii\/#primaryimage","url":"https:\/\/adekoite-preprod.fr\/pepiniere\/wp-content\/uploads\/2025\/06\/ehretia-dicksonii-1.webp","contentUrl":"https:\/\/adekoite-preprod.fr\/pepiniere\/wp-content\/uploads\/2025\/06\/ehretia-dicksonii-1.webp","width":714,"height":898,"caption":"Ehretia dicksonii"},{"@type":"BreadcrumbList","@id":"https:\/\/adekoite-preprod.fr\/pepiniere\/produit\/ehretia-dicksonii\/#breadcrumb","itemListElement":[{"@type":"ListItem","position":1,"name":"Accueil","item":"https:\/\/adekoite-preprod.fr\/pepiniere\/"},{"@type":"ListItem","position":2,"name":"Boutique","item":"https:\/\/adekoite-preprod.fr\/pepiniere\/boutique\/"},{"@type":"ListItem","position":3,"name":"Ehretia dicksonii"}]},{"@type":"WebSite","@id":"https:\/\/adekoite-preprod.fr\/pepiniere\/#website","url":"https:\/\/adekoite-preprod.fr\/pepiniere\/","name":"P\u00e9pini\u00e8re du Dandelion","description":"","potentialAction":[{"@type":"SearchAction","target":{"@type":"EntryPoint","urlTemplate":"https:\/\/adekoite-preprod.fr\/pepiniere\/?s={search_term_string}"},"query-input":{"@type":"PropertyValueSpecification","valueRequired":true,"valueName":"search_term_string"}}],"inLanguage":"fr-FR"}]}},"_links":{"self":[{"href":"https:\/\/adekoite-preprod.fr\/pepiniere\/wp-json\/wp\/v2\/product\/5630","targetHints":{"allow":["GET"]}}],"collection":[{"href":"https:\/\/adekoite-preprod.fr\/pepiniere\/wp-json\/wp\/v2\/product"}],"about":[{"href":"https:\/\/adekoite-preprod.fr\/pepiniere\/wp-json\/wp\/v2\/types\/product"}],"wp:featuredmedia":[{"embeddable":true,"href":"https:\/\/adekoite-preprod.fr\/pepiniere\/wp-json\/wp\/v2\/media\/5631"}],"wp:attachment":[{"href":"https:\/\/adekoite-preprod.fr\/pepiniere\/wp-json\/wp\/v2\/media?parent=5630"}],"wp:term":[{"taxonomy":"product_brand","embeddable":true,"href":"https:\/\/adekoite-preprod.fr\/pepiniere\/wp-json\/wp\/v2\/product_brand?post=5630"},{"taxonomy":"product_cat","embeddable":true,"href":"https:\/\/adekoite-preprod.fr\/pepiniere\/wp-json\/wp\/v2\/product_cat?post=5630"},{"taxonomy":"product_tag","embeddable":true,"href":"https:\/\/adekoite-preprod.fr\/pepiniere\/wp-json\/wp\/v2\/product_tag?post=5630"}],"curies":[{"name":"wp","href":"https:\/\/api.w.org\/{rel}","templated":true}]}}