{"id":5682,"date":"2025-07-02T10:55:36","date_gmt":"2025-07-02T08:55:36","guid":{"rendered":"https:\/\/adekoite-preprod.fr\/pepiniere\/?post_type=product&#038;p=5682"},"modified":"2026-01-08T17:05:18","modified_gmt":"2026-01-08T16:05:18","slug":"eucommia-ulmoides","status":"publish","type":"product","link":"https:\/\/adekoite-preprod.fr\/pepiniere\/produit\/eucommia-ulmoides\/","title":{"rendered":"Eucommia ulmoides"},"content":{"rendered":"<p>Eucommia ulmoides, ou<em> Arbre \u00e0 gutta-percha<\/em>, est un arbre caduc peu commun qui rappelle l\u2019Orme par son feuillage et son port, mais sans en partager la sensibilit\u00e9 \u00e0 la graphiose. Il est <strong>robuste<\/strong>, <strong>facile \u00e0 cultiver<\/strong> et s\u2019adapte \u00e0 divers sols et climats. Avec une hauteur de 15 m\u00e8tres, il offre une croissance rapide, un feuillage \u00e9l\u00e9gant et une <strong>bonne rusticit\u00e9<\/strong> (-18\u00b0C). Il peut \u00eatre int\u00e9ressant pour prendre la place des Ormes l\u00e0 o\u00f9 ils ont disparu.<\/p>\n<h3>Origine de l&#8217; [nom_produit] \ud83c\udf0e<\/h3>\n<p>Eucomia ulmoides nous vient de Chine, o\u00f9 il est devenu tr\u00e8s rare dans son milieu naturel.<\/p>\n<h3>Description physique de l&#8217; [nom_produit] \ud83c\udf3f<\/h3>\n<p>L&#8217;Eucommia ulmoides est un arbre caduc de taille moyenne \u00e0 croissance rapide pouvant atteindre une quinzaine de m\u00e8tres de haut. Son apparence, comme son feuillage, lui font ressembler \u00e0 l\u2019Orme. Les feuilles contiennent un latex caoutchouteux. Les fleurs sont discr\u00e8tes et apparaissent en mars-mai, tandis que les fruits, des samares, <strong>m\u00fbrissent de juin \u00e0 novembre<\/strong>.<\/p>\n<h3>Avantages de l&#8217; [nom_produit] \u2728<\/h3>\n<ul>\n<li><strong>R\u00e9sistance aux maladies et ravageurs<\/strong> : Il est tr\u00e8s r\u00e9sistant aux ravageurs et maladies, ce qui en fait un arbre robuste et fiable pour le jardin.<\/li>\n<li><strong>Adaptabilit\u00e9<\/strong> : Il tol\u00e8re une large gamme de conditions de sol et climatiques, y compris les sols calcaires, les s\u00e9cheresses estivales et la pollution urbaine.<\/li>\n<li><strong>Feuillage et port<\/strong> : Ses feuilles ressemblent \u00e0 celles de l&#8217;orme, et son port g\u00e9n\u00e9ral est attrayant, ce qui en fait un bon substitut pour les ormes d\u00e9cim\u00e9s par la graphiose.<\/li>\n<li><strong>Faible entretien<\/strong> : Une fois \u00e9tabli, il n\u00e9cessite peu de soins.<\/li>\n<\/ul>\n","protected":false},"excerpt":{"rendered":"<p><strong>Eucommia ulmoides<\/strong> est une curiosit\u00e9 botanique encore rare dans les jardins. C\u2019est un arbre \u00e0 croissance rapide qui demande un peu de place. <strong>Peu exigeant, r\u00e9sistant et tol\u00e9rant<\/strong>, il supporte divers climats et conditions de sol, pr\u00e9f\u00e9rant les <strong>sols drainants<\/strong> et le <strong>plein soleil<\/strong>. Peu sensible aux maladies, il est une bonne alternative \u00e0 l\u2019Orme.<\/p>\n","protected":false},"featured_media":5683,"template":"","meta":{"_acf_changed":false},"product_brand":[],"product_cat":[110,116],"product_tag":[],"class_list":{"0":"post-5682","1":"product","2":"type-product","3":"status-publish","4":"has-post-thumbnail","6":"product_cat-arbres-et-arbustes","7":"product_cat-plantes-pour-2050","9":"first","10":"instock","11":"taxable","12":"shipping-taxable","13":"purchasable","14":"product-type-simple"},"acf":[],"yoast_head":"<!-- This site is optimized with the Yoast SEO plugin v27.0 - https:\/\/yoast.com\/product\/yoast-seo-wordpress\/ -->\n<title>Eucommia ulmoides - Arbre \u00e0 gutta percha - P\u00e9pini\u00e8re du Dandelion<\/title>\n<meta name=\"description\" content=\"L&quot;Eucomia ulmoides ou Arbre \u00e0 gutta-percha est le seul arbre a caoutchouc de l\u2019h\u00e9misph\u00e8re nord. Pour les sols drainants. Croissance rapide.\" \/>\n<meta name=\"robots\" content=\"noindex, follow, max-snippet:-1, max-image-preview:large, max-video-preview:-1\" \/>\n<meta property=\"og:locale\" content=\"fr_FR\" \/>\n<meta property=\"og:type\" content=\"article\" \/>\n<meta property=\"og:title\" content=\"Eucommia ulmoides - Arbre \u00e0 gutta percha - P\u00e9pini\u00e8re du Dandelion\" \/>\n<meta property=\"og:description\" content=\"L&quot;Eucomia ulmoides ou Arbre \u00e0 gutta-percha est le seul arbre a caoutchouc de l\u2019h\u00e9misph\u00e8re nord. Pour les sols drainants. Croissance rapide.\" \/>\n<meta property=\"og:url\" content=\"https:\/\/adekoite-preprod.fr\/pepiniere\/produit\/eucommia-ulmoides\/\" \/>\n<meta property=\"og:site_name\" content=\"P\u00e9pini\u00e8re du Dandelion\" \/>\n<meta property=\"article:modified_time\" content=\"2026-01-08T16:05:18+00:00\" \/>\n<meta property=\"og:image\" content=\"https:\/\/adekoite-preprod.fr\/pepiniere\/wp-content\/uploads\/2025\/07\/eucommia-ulmoides.webp\" \/>\n\t<meta property=\"og:image:width\" content=\"1000\" \/>\n\t<meta property=\"og:image:height\" content=\"886\" \/>\n\t<meta property=\"og:image:type\" content=\"image\/webp\" \/>\n<meta name=\"twitter:card\" content=\"summary_large_image\" \/>\n<meta name=\"twitter:label1\" content=\"Dur\u00e9e de lecture estim\u00e9e\" \/>\n\t<meta name=\"twitter:data1\" content=\"2 minutes\" \/>\n<script type=\"application\/ld+json\" class=\"yoast-schema-graph\">{\"@context\":\"https:\/\/schema.org\",\"@graph\":[{\"@type\":\"WebPage\",\"@id\":\"https:\/\/adekoite-preprod.fr\/pepiniere\/produit\/eucommia-ulmoides\/\",\"url\":\"https:\/\/adekoite-preprod.fr\/pepiniere\/produit\/eucommia-ulmoides\/\",\"name\":\"Eucommia ulmoides - Arbre \u00e0 gutta percha - P\u00e9pini\u00e8re du Dandelion\",\"isPartOf\":{\"@id\":\"https:\/\/adekoite-preprod.fr\/pepiniere\/#website\"},\"primaryImageOfPage\":{\"@id\":\"https:\/\/adekoite-preprod.fr\/pepiniere\/produit\/eucommia-ulmoides\/#primaryimage\"},\"image\":{\"@id\":\"https:\/\/adekoite-preprod.fr\/pepiniere\/produit\/eucommia-ulmoides\/#primaryimage\"},\"thumbnailUrl\":\"https:\/\/adekoite-preprod.fr\/pepiniere\/wp-content\/uploads\/2025\/07\/eucommia-ulmoides.webp\",\"datePublished\":\"2025-07-02T08:55:36+00:00\",\"dateModified\":\"2026-01-08T16:05:18+00:00\",\"description\":\"L\\\"Eucomia ulmoides ou Arbre \u00e0 gutta-percha est le seul arbre a caoutchouc de l\u2019h\u00e9misph\u00e8re nord. Pour les sols drainants. Croissance rapide.\",\"breadcrumb\":{\"@id\":\"https:\/\/adekoite-preprod.fr\/pepiniere\/produit\/eucommia-ulmoides\/#breadcrumb\"},\"inLanguage\":\"fr-FR\",\"potentialAction\":[{\"@type\":\"ReadAction\",\"target\":[\"https:\/\/adekoite-preprod.fr\/pepiniere\/produit\/eucommia-ulmoides\/\"]}]},{\"@type\":\"ImageObject\",\"inLanguage\":\"fr-FR\",\"@id\":\"https:\/\/adekoite-preprod.fr\/pepiniere\/produit\/eucommia-ulmoides\/#primaryimage\",\"url\":\"https:\/\/adekoite-preprod.fr\/pepiniere\/wp-content\/uploads\/2025\/07\/eucommia-ulmoides.webp\",\"contentUrl\":\"https:\/\/adekoite-preprod.fr\/pepiniere\/wp-content\/uploads\/2025\/07\/eucommia-ulmoides.webp\",\"width\":1000,\"height\":886,\"caption\":\"eucommia ulmoides\"},{\"@type\":\"BreadcrumbList\",\"@id\":\"https:\/\/adekoite-preprod.fr\/pepiniere\/produit\/eucommia-ulmoides\/#breadcrumb\",\"itemListElement\":[{\"@type\":\"ListItem\",\"position\":1,\"name\":\"Accueil\",\"item\":\"https:\/\/adekoite-preprod.fr\/pepiniere\/\"},{\"@type\":\"ListItem\",\"position\":2,\"name\":\"Boutique\",\"item\":\"https:\/\/adekoite-preprod.fr\/pepiniere\/boutique\/\"},{\"@type\":\"ListItem\",\"position\":3,\"name\":\"Eucommia ulmoides\"}]},{\"@type\":\"WebSite\",\"@id\":\"https:\/\/adekoite-preprod.fr\/pepiniere\/#website\",\"url\":\"https:\/\/adekoite-preprod.fr\/pepiniere\/\",\"name\":\"P\u00e9pini\u00e8re du Dandelion\",\"description\":\"\",\"potentialAction\":[{\"@type\":\"SearchAction\",\"target\":{\"@type\":\"EntryPoint\",\"urlTemplate\":\"https:\/\/adekoite-preprod.fr\/pepiniere\/?s={search_term_string}\"},\"query-input\":{\"@type\":\"PropertyValueSpecification\",\"valueRequired\":true,\"valueName\":\"search_term_string\"}}],\"inLanguage\":\"fr-FR\"}]}<\/script>\n<!-- \/ Yoast SEO plugin. -->","yoast_head_json":{"title":"Eucommia ulmoides - Arbre \u00e0 gutta percha - P\u00e9pini\u00e8re du Dandelion","description":"L\"Eucomia ulmoides ou Arbre \u00e0 gutta-percha est le seul arbre a caoutchouc de l\u2019h\u00e9misph\u00e8re nord. Pour les sols drainants. Croissance rapide.","robots":{"index":"noindex","follow":"follow","max-snippet":"max-snippet:-1","max-image-preview":"max-image-preview:large","max-video-preview":"max-video-preview:-1"},"og_locale":"fr_FR","og_type":"article","og_title":"Eucommia ulmoides - Arbre \u00e0 gutta percha - P\u00e9pini\u00e8re du Dandelion","og_description":"L\"Eucomia ulmoides ou Arbre \u00e0 gutta-percha est le seul arbre a caoutchouc de l\u2019h\u00e9misph\u00e8re nord. Pour les sols drainants. Croissance rapide.","og_url":"https:\/\/adekoite-preprod.fr\/pepiniere\/produit\/eucommia-ulmoides\/","og_site_name":"P\u00e9pini\u00e8re du Dandelion","article_modified_time":"2026-01-08T16:05:18+00:00","og_image":[{"width":1000,"height":886,"url":"https:\/\/adekoite-preprod.fr\/pepiniere\/wp-content\/uploads\/2025\/07\/eucommia-ulmoides.webp","type":"image\/webp"}],"twitter_card":"summary_large_image","twitter_misc":{"Dur\u00e9e de lecture estim\u00e9e":"2 minutes"},"schema":{"@context":"https:\/\/schema.org","@graph":[{"@type":"WebPage","@id":"https:\/\/adekoite-preprod.fr\/pepiniere\/produit\/eucommia-ulmoides\/","url":"https:\/\/adekoite-preprod.fr\/pepiniere\/produit\/eucommia-ulmoides\/","name":"Eucommia ulmoides - Arbre \u00e0 gutta percha - P\u00e9pini\u00e8re du Dandelion","isPartOf":{"@id":"https:\/\/adekoite-preprod.fr\/pepiniere\/#website"},"primaryImageOfPage":{"@id":"https:\/\/adekoite-preprod.fr\/pepiniere\/produit\/eucommia-ulmoides\/#primaryimage"},"image":{"@id":"https:\/\/adekoite-preprod.fr\/pepiniere\/produit\/eucommia-ulmoides\/#primaryimage"},"thumbnailUrl":"https:\/\/adekoite-preprod.fr\/pepiniere\/wp-content\/uploads\/2025\/07\/eucommia-ulmoides.webp","datePublished":"2025-07-02T08:55:36+00:00","dateModified":"2026-01-08T16:05:18+00:00","description":"L\"Eucomia ulmoides ou Arbre \u00e0 gutta-percha est le seul arbre a caoutchouc de l\u2019h\u00e9misph\u00e8re nord. Pour les sols drainants. Croissance rapide.","breadcrumb":{"@id":"https:\/\/adekoite-preprod.fr\/pepiniere\/produit\/eucommia-ulmoides\/#breadcrumb"},"inLanguage":"fr-FR","potentialAction":[{"@type":"ReadAction","target":["https:\/\/adekoite-preprod.fr\/pepiniere\/produit\/eucommia-ulmoides\/"]}]},{"@type":"ImageObject","inLanguage":"fr-FR","@id":"https:\/\/adekoite-preprod.fr\/pepiniere\/produit\/eucommia-ulmoides\/#primaryimage","url":"https:\/\/adekoite-preprod.fr\/pepiniere\/wp-content\/uploads\/2025\/07\/eucommia-ulmoides.webp","contentUrl":"https:\/\/adekoite-preprod.fr\/pepiniere\/wp-content\/uploads\/2025\/07\/eucommia-ulmoides.webp","width":1000,"height":886,"caption":"eucommia ulmoides"},{"@type":"BreadcrumbList","@id":"https:\/\/adekoite-preprod.fr\/pepiniere\/produit\/eucommia-ulmoides\/#breadcrumb","itemListElement":[{"@type":"ListItem","position":1,"name":"Accueil","item":"https:\/\/adekoite-preprod.fr\/pepiniere\/"},{"@type":"ListItem","position":2,"name":"Boutique","item":"https:\/\/adekoite-preprod.fr\/pepiniere\/boutique\/"},{"@type":"ListItem","position":3,"name":"Eucommia ulmoides"}]},{"@type":"WebSite","@id":"https:\/\/adekoite-preprod.fr\/pepiniere\/#website","url":"https:\/\/adekoite-preprod.fr\/pepiniere\/","name":"P\u00e9pini\u00e8re du Dandelion","description":"","potentialAction":[{"@type":"SearchAction","target":{"@type":"EntryPoint","urlTemplate":"https:\/\/adekoite-preprod.fr\/pepiniere\/?s={search_term_string}"},"query-input":{"@type":"PropertyValueSpecification","valueRequired":true,"valueName":"search_term_string"}}],"inLanguage":"fr-FR"}]}},"_links":{"self":[{"href":"https:\/\/adekoite-preprod.fr\/pepiniere\/wp-json\/wp\/v2\/product\/5682","targetHints":{"allow":["GET"]}}],"collection":[{"href":"https:\/\/adekoite-preprod.fr\/pepiniere\/wp-json\/wp\/v2\/product"}],"about":[{"href":"https:\/\/adekoite-preprod.fr\/pepiniere\/wp-json\/wp\/v2\/types\/product"}],"wp:featuredmedia":[{"embeddable":true,"href":"https:\/\/adekoite-preprod.fr\/pepiniere\/wp-json\/wp\/v2\/media\/5683"}],"wp:attachment":[{"href":"https:\/\/adekoite-preprod.fr\/pepiniere\/wp-json\/wp\/v2\/media?parent=5682"}],"wp:term":[{"taxonomy":"product_brand","embeddable":true,"href":"https:\/\/adekoite-preprod.fr\/pepiniere\/wp-json\/wp\/v2\/product_brand?post=5682"},{"taxonomy":"product_cat","embeddable":true,"href":"https:\/\/adekoite-preprod.fr\/pepiniere\/wp-json\/wp\/v2\/product_cat?post=5682"},{"taxonomy":"product_tag","embeddable":true,"href":"https:\/\/adekoite-preprod.fr\/pepiniere\/wp-json\/wp\/v2\/product_tag?post=5682"}],"curies":[{"name":"wp","href":"https:\/\/api.w.org\/{rel}","templated":true}]}}