{"id":6289,"date":"2025-09-04T15:55:09","date_gmt":"2025-09-04T13:55:09","guid":{"rendered":"https:\/\/adekoite-preprod.fr\/pepiniere\/?post_type=product&#038;p=6289"},"modified":"2026-01-08T17:05:44","modified_gmt":"2026-01-08T16:05:44","slug":"argyrocytisus-battandieri","status":"publish","type":"product","link":"https:\/\/adekoite-preprod.fr\/pepiniere\/produit\/argyrocytisus-battandieri\/","title":{"rendered":"Argyrocytisus battandieri"},"content":{"rendered":"<p>Le <strong>Gen\u00eat de l\u2019Atlas<\/strong> (Argyrocytisus battandieri) est un arbuste que l\u2019on aime pour son feuillage argent\u00e9 et ses fleurs jaunes dor\u00e9es parfum\u00e9es, apparaissant en juillet-ao\u00fbt. Avec une croissance rapide, il atteint 3 \u00e0 4 m\u00e8tres et forme un petit arbre multi-tronc au port dress\u00e9. R\u00e9sistant et vigoureux, il tol\u00e8re la s\u00e9cheresse et les fortes chaleurs une fois install\u00e9, avec une bonne rusticit\u00e9 (jusqu\u2019\u00e0 -12\u00b0C). Il pr\u00e9f\u00e8re les sols bien drain\u00e9s et une exposition en plein soleil.<\/p>\n<p>En automne, il d\u00e9voile un autre atout, de superbes couleurs automnales allant du jaune d\u2019or jusqu\u2019au rouge-orange.<\/p>\n<h3>Origine de [nom_produit] \ud83c\udf0e<\/h3>\n<p>Il est originaire des montagnes de l\u2019Atlas au Maroc, o\u00f9 il pousse entre 1 500 et 1 800 m\u00e8tres d\u2019altitude.<\/p>\n<h3>Description physique de [nom_produit] \ud83c\udf3f<\/h3>\n<p>Argyrocytisus battandieri est un <strong>arbuste de croissance rapide<\/strong> qui peut atteindre une hauteur d\u2019environ 3 \u00e0 4 m\u00e8tres. Avec un port plut\u00f4t dress\u00e9, il forme g\u00e9n\u00e9ralement un petit arbre multi-tronc. Les feuilles sont trifoliol\u00e9es et couvertes de poils blancs soyeux, leur donnant un aspect argent\u00e9. Elles disparaissent en hiver.<br \/>\nLes fleurs, parfum\u00e9es et de couleur jaune dor\u00e9, sont regroup\u00e9es en grappes dress\u00e9es. Elles apparaissent en juillet-ao\u00fbt et font de ce gen\u00eat probablement l\u2019un des plus beaux du genre.<\/p>\n<h3>Avantages de [nom_produit] \u2728<\/h3>\n<ul>\n<li><strong>Floraison abondante et parfum\u00e9e<\/strong> : Les fleurs jaunes dor\u00e9es ajoutent une touche spectaculaire au jardin.<\/li>\n<li><strong>Croissance vigoureuse<\/strong> : C\u2019est un arbuste de croissance rapide formant un petit arbre multi-tronc.<\/li>\n<li><strong>R\u00e9sistance<\/strong> : Il supporte tr\u00e8s bien la s\u00e9cheresse et les longues p\u00e9riodes de chaleur une fois \u00e9tabli.<\/li>\n<li><strong>Faible entretien<\/strong> : Une taille occasionnelle aide \u00e0 favoriser les jeunes pousses, sinon il n\u2019y a rien \u00e0 faire.<\/li>\n<\/ul>\n","protected":false},"excerpt":{"rendered":"<p>Gen\u00eat \u00e0 la forme originale et \u00e0 la tr\u00e8s belle floraison parfum\u00e9e, il est parfaitement adapt\u00e9 \u00e0 nos climats de plus en plus chauds et secs. Suffisamment rustique pour la plupart de nos r\u00e9gions, il ne demande que du plein soleil et un sol qui ne soit pas gorg\u00e9 d\u2019eau. Sa taille mod\u00e9r\u00e9e lui permet de s\u2019int\u00e9grer dans la plupart des jardins.<\/p>\n","protected":false},"featured_media":6312,"template":"","meta":{"_acf_changed":false},"product_brand":[],"product_cat":[110],"product_tag":[],"class_list":{"0":"post-6289","1":"product","2":"type-product","3":"status-publish","4":"has-post-thumbnail","6":"product_cat-arbres-et-arbustes","8":"first","9":"instock","10":"taxable","11":"shipping-taxable","12":"purchasable","13":"product-type-simple"},"acf":[],"yoast_head":"<!-- This site is optimized with the Yoast SEO plugin v27.0 - https:\/\/yoast.com\/product\/yoast-seo-wordpress\/ -->\n<title>Argyrocytisus battandieri - Gen\u00eat ananas - P\u00e9pini\u00e8re du Dandelion<\/title>\n<meta name=\"description\" content=\"Gen\u00eat \u00e0 la forme originale et \u00e0 la tr\u00e8s belle floraison parfum\u00e9e, il est parfaitement adapt\u00e9 \u00e0 nos climats de plus en plus chauds et secs.\" \/>\n<meta name=\"robots\" content=\"noindex, follow, max-snippet:-1, max-image-preview:large, max-video-preview:-1\" \/>\n<meta property=\"og:locale\" content=\"fr_FR\" \/>\n<meta property=\"og:type\" content=\"article\" \/>\n<meta property=\"og:title\" content=\"Argyrocytisus battandieri - Gen\u00eat ananas - P\u00e9pini\u00e8re du Dandelion\" \/>\n<meta property=\"og:description\" content=\"Gen\u00eat \u00e0 la forme originale et \u00e0 la tr\u00e8s belle floraison parfum\u00e9e, il est parfaitement adapt\u00e9 \u00e0 nos climats de plus en plus chauds et secs.\" \/>\n<meta property=\"og:url\" content=\"https:\/\/adekoite-preprod.fr\/pepiniere\/produit\/argyrocytisus-battandieri\/\" \/>\n<meta property=\"og:site_name\" content=\"P\u00e9pini\u00e8re du Dandelion\" \/>\n<meta property=\"article:modified_time\" content=\"2026-01-08T16:05:44+00:00\" \/>\n<meta property=\"og:image\" content=\"https:\/\/adekoite-preprod.fr\/pepiniere\/wp-content\/uploads\/2025\/09\/cytisus-battandieri-1-1.webp\" \/>\n\t<meta property=\"og:image:width\" content=\"1000\" \/>\n\t<meta property=\"og:image:height\" content=\"666\" \/>\n\t<meta property=\"og:image:type\" content=\"image\/webp\" \/>\n<meta name=\"twitter:card\" content=\"summary_large_image\" \/>\n<meta name=\"twitter:label1\" content=\"Dur\u00e9e de lecture estim\u00e9e\" \/>\n\t<meta name=\"twitter:data1\" content=\"2 minutes\" \/>\n<script type=\"application\/ld+json\" class=\"yoast-schema-graph\">{\"@context\":\"https:\/\/schema.org\",\"@graph\":[{\"@type\":\"WebPage\",\"@id\":\"https:\/\/adekoite-preprod.fr\/pepiniere\/produit\/argyrocytisus-battandieri\/\",\"url\":\"https:\/\/adekoite-preprod.fr\/pepiniere\/produit\/argyrocytisus-battandieri\/\",\"name\":\"Argyrocytisus battandieri - Gen\u00eat ananas - P\u00e9pini\u00e8re du Dandelion\",\"isPartOf\":{\"@id\":\"https:\/\/adekoite-preprod.fr\/pepiniere\/#website\"},\"primaryImageOfPage\":{\"@id\":\"https:\/\/adekoite-preprod.fr\/pepiniere\/produit\/argyrocytisus-battandieri\/#primaryimage\"},\"image\":{\"@id\":\"https:\/\/adekoite-preprod.fr\/pepiniere\/produit\/argyrocytisus-battandieri\/#primaryimage\"},\"thumbnailUrl\":\"https:\/\/adekoite-preprod.fr\/pepiniere\/wp-content\/uploads\/2025\/09\/cytisus-battandieri-1-1.webp\",\"datePublished\":\"2025-09-04T13:55:09+00:00\",\"dateModified\":\"2026-01-08T16:05:44+00:00\",\"description\":\"Gen\u00eat \u00e0 la forme originale et \u00e0 la tr\u00e8s belle floraison parfum\u00e9e, il est parfaitement adapt\u00e9 \u00e0 nos climats de plus en plus chauds et secs.\",\"breadcrumb\":{\"@id\":\"https:\/\/adekoite-preprod.fr\/pepiniere\/produit\/argyrocytisus-battandieri\/#breadcrumb\"},\"inLanguage\":\"fr-FR\",\"potentialAction\":[{\"@type\":\"ReadAction\",\"target\":[\"https:\/\/adekoite-preprod.fr\/pepiniere\/produit\/argyrocytisus-battandieri\/\"]}]},{\"@type\":\"ImageObject\",\"inLanguage\":\"fr-FR\",\"@id\":\"https:\/\/adekoite-preprod.fr\/pepiniere\/produit\/argyrocytisus-battandieri\/#primaryimage\",\"url\":\"https:\/\/adekoite-preprod.fr\/pepiniere\/wp-content\/uploads\/2025\/09\/cytisus-battandieri-1-1.webp\",\"contentUrl\":\"https:\/\/adekoite-preprod.fr\/pepiniere\/wp-content\/uploads\/2025\/09\/cytisus-battandieri-1-1.webp\",\"width\":1000,\"height\":666,\"caption\":\"cytisus battandieri\"},{\"@type\":\"BreadcrumbList\",\"@id\":\"https:\/\/adekoite-preprod.fr\/pepiniere\/produit\/argyrocytisus-battandieri\/#breadcrumb\",\"itemListElement\":[{\"@type\":\"ListItem\",\"position\":1,\"name\":\"Accueil\",\"item\":\"https:\/\/adekoite-preprod.fr\/pepiniere\/\"},{\"@type\":\"ListItem\",\"position\":2,\"name\":\"Boutique\",\"item\":\"https:\/\/adekoite-preprod.fr\/pepiniere\/boutique\/\"},{\"@type\":\"ListItem\",\"position\":3,\"name\":\"Argyrocytisus battandieri\"}]},{\"@type\":\"WebSite\",\"@id\":\"https:\/\/adekoite-preprod.fr\/pepiniere\/#website\",\"url\":\"https:\/\/adekoite-preprod.fr\/pepiniere\/\",\"name\":\"P\u00e9pini\u00e8re du Dandelion\",\"description\":\"\",\"potentialAction\":[{\"@type\":\"SearchAction\",\"target\":{\"@type\":\"EntryPoint\",\"urlTemplate\":\"https:\/\/adekoite-preprod.fr\/pepiniere\/?s={search_term_string}\"},\"query-input\":{\"@type\":\"PropertyValueSpecification\",\"valueRequired\":true,\"valueName\":\"search_term_string\"}}],\"inLanguage\":\"fr-FR\"}]}<\/script>\n<!-- \/ Yoast SEO plugin. -->","yoast_head_json":{"title":"Argyrocytisus battandieri - Gen\u00eat ananas - P\u00e9pini\u00e8re du Dandelion","description":"Gen\u00eat \u00e0 la forme originale et \u00e0 la tr\u00e8s belle floraison parfum\u00e9e, il est parfaitement adapt\u00e9 \u00e0 nos climats de plus en plus chauds et secs.","robots":{"index":"noindex","follow":"follow","max-snippet":"max-snippet:-1","max-image-preview":"max-image-preview:large","max-video-preview":"max-video-preview:-1"},"og_locale":"fr_FR","og_type":"article","og_title":"Argyrocytisus battandieri - Gen\u00eat ananas - P\u00e9pini\u00e8re du Dandelion","og_description":"Gen\u00eat \u00e0 la forme originale et \u00e0 la tr\u00e8s belle floraison parfum\u00e9e, il est parfaitement adapt\u00e9 \u00e0 nos climats de plus en plus chauds et secs.","og_url":"https:\/\/adekoite-preprod.fr\/pepiniere\/produit\/argyrocytisus-battandieri\/","og_site_name":"P\u00e9pini\u00e8re du Dandelion","article_modified_time":"2026-01-08T16:05:44+00:00","og_image":[{"width":1000,"height":666,"url":"https:\/\/adekoite-preprod.fr\/pepiniere\/wp-content\/uploads\/2025\/09\/cytisus-battandieri-1-1.webp","type":"image\/webp"}],"twitter_card":"summary_large_image","twitter_misc":{"Dur\u00e9e de lecture estim\u00e9e":"2 minutes"},"schema":{"@context":"https:\/\/schema.org","@graph":[{"@type":"WebPage","@id":"https:\/\/adekoite-preprod.fr\/pepiniere\/produit\/argyrocytisus-battandieri\/","url":"https:\/\/adekoite-preprod.fr\/pepiniere\/produit\/argyrocytisus-battandieri\/","name":"Argyrocytisus battandieri - Gen\u00eat ananas - P\u00e9pini\u00e8re du Dandelion","isPartOf":{"@id":"https:\/\/adekoite-preprod.fr\/pepiniere\/#website"},"primaryImageOfPage":{"@id":"https:\/\/adekoite-preprod.fr\/pepiniere\/produit\/argyrocytisus-battandieri\/#primaryimage"},"image":{"@id":"https:\/\/adekoite-preprod.fr\/pepiniere\/produit\/argyrocytisus-battandieri\/#primaryimage"},"thumbnailUrl":"https:\/\/adekoite-preprod.fr\/pepiniere\/wp-content\/uploads\/2025\/09\/cytisus-battandieri-1-1.webp","datePublished":"2025-09-04T13:55:09+00:00","dateModified":"2026-01-08T16:05:44+00:00","description":"Gen\u00eat \u00e0 la forme originale et \u00e0 la tr\u00e8s belle floraison parfum\u00e9e, il est parfaitement adapt\u00e9 \u00e0 nos climats de plus en plus chauds et secs.","breadcrumb":{"@id":"https:\/\/adekoite-preprod.fr\/pepiniere\/produit\/argyrocytisus-battandieri\/#breadcrumb"},"inLanguage":"fr-FR","potentialAction":[{"@type":"ReadAction","target":["https:\/\/adekoite-preprod.fr\/pepiniere\/produit\/argyrocytisus-battandieri\/"]}]},{"@type":"ImageObject","inLanguage":"fr-FR","@id":"https:\/\/adekoite-preprod.fr\/pepiniere\/produit\/argyrocytisus-battandieri\/#primaryimage","url":"https:\/\/adekoite-preprod.fr\/pepiniere\/wp-content\/uploads\/2025\/09\/cytisus-battandieri-1-1.webp","contentUrl":"https:\/\/adekoite-preprod.fr\/pepiniere\/wp-content\/uploads\/2025\/09\/cytisus-battandieri-1-1.webp","width":1000,"height":666,"caption":"cytisus battandieri"},{"@type":"BreadcrumbList","@id":"https:\/\/adekoite-preprod.fr\/pepiniere\/produit\/argyrocytisus-battandieri\/#breadcrumb","itemListElement":[{"@type":"ListItem","position":1,"name":"Accueil","item":"https:\/\/adekoite-preprod.fr\/pepiniere\/"},{"@type":"ListItem","position":2,"name":"Boutique","item":"https:\/\/adekoite-preprod.fr\/pepiniere\/boutique\/"},{"@type":"ListItem","position":3,"name":"Argyrocytisus battandieri"}]},{"@type":"WebSite","@id":"https:\/\/adekoite-preprod.fr\/pepiniere\/#website","url":"https:\/\/adekoite-preprod.fr\/pepiniere\/","name":"P\u00e9pini\u00e8re du Dandelion","description":"","potentialAction":[{"@type":"SearchAction","target":{"@type":"EntryPoint","urlTemplate":"https:\/\/adekoite-preprod.fr\/pepiniere\/?s={search_term_string}"},"query-input":{"@type":"PropertyValueSpecification","valueRequired":true,"valueName":"search_term_string"}}],"inLanguage":"fr-FR"}]}},"_links":{"self":[{"href":"https:\/\/adekoite-preprod.fr\/pepiniere\/wp-json\/wp\/v2\/product\/6289","targetHints":{"allow":["GET"]}}],"collection":[{"href":"https:\/\/adekoite-preprod.fr\/pepiniere\/wp-json\/wp\/v2\/product"}],"about":[{"href":"https:\/\/adekoite-preprod.fr\/pepiniere\/wp-json\/wp\/v2\/types\/product"}],"wp:featuredmedia":[{"embeddable":true,"href":"https:\/\/adekoite-preprod.fr\/pepiniere\/wp-json\/wp\/v2\/media\/6312"}],"wp:attachment":[{"href":"https:\/\/adekoite-preprod.fr\/pepiniere\/wp-json\/wp\/v2\/media?parent=6289"}],"wp:term":[{"taxonomy":"product_brand","embeddable":true,"href":"https:\/\/adekoite-preprod.fr\/pepiniere\/wp-json\/wp\/v2\/product_brand?post=6289"},{"taxonomy":"product_cat","embeddable":true,"href":"https:\/\/adekoite-preprod.fr\/pepiniere\/wp-json\/wp\/v2\/product_cat?post=6289"},{"taxonomy":"product_tag","embeddable":true,"href":"https:\/\/adekoite-preprod.fr\/pepiniere\/wp-json\/wp\/v2\/product_tag?post=6289"}],"curies":[{"name":"wp","href":"https:\/\/api.w.org\/{rel}","templated":true}]}}