{"id":6316,"date":"2025-09-16T10:14:58","date_gmt":"2025-09-16T08:14:58","guid":{"rendered":"https:\/\/adekoite-preprod.fr\/pepiniere\/?post_type=product&#038;p=6316"},"modified":"2026-01-08T17:06:00","modified_gmt":"2026-01-08T16:06:00","slug":"cercis-racemosa","status":"publish","type":"product","link":"https:\/\/adekoite-preprod.fr\/pepiniere\/produit\/cercis-racemosa\/","title":{"rendered":"Cercis racemosa"},"content":{"rendered":"<p>Cercis racemosa est un gros arbuste qui culmine aux alentours de 12 m\u00e8tres de haut. Il propose une floraison int\u00e9ressante qui prend la forme de longues grappes de fleurs roses apparaissant au printemps avant les feuilles. <strong>R\u00e9sistant<\/strong>, <strong>facile \u00e0 cultiver<\/strong> et <strong>mellif\u00e8re<\/strong>, il aime les sols drainants et supporte des temp\u00e9ratures jusqu\u2019\u00e0 -20\u00b0C.<\/p>\n<h3>Origine de [nom_produit] \ud83c\udf0e<\/h3>\n<p>C\u2019est un petit arbre qui nous vient de l\u2019Asie temp\u00e9r\u00e9e, plus pr\u00e9cis\u00e9ment du centre de la Chine.<\/p>\n<h3>Description physique de [nom_produit] \ud83c\udf3f<\/h3>\n<p>Petit arbre caduc atteignant environ 12 m\u00e8tres \u00e0 l\u2019\u00e2ge adulte, il dispose de feuilles en forme de c\u0153ur, vert fonc\u00e9 sur le dessus, plus p\u00e2les et duveteuses sur le dessous. L\u2019un de ses points les plus remarquables est sa floraison, qui se produit sous forme de grappes pendantes pouvant atteindre 10 cm de long et portant de nombreuses fleurs roses. Elle se produit au printemps, avant l\u2019apparition des feuilles.<\/p>\n<h3>Avantages de [nom_produit] \u2728<\/h3>\n<ul>\n<li><strong>Floraison spectaculaire<\/strong> : Ses longues grappes de fleurs roses-violettes, qui apparaissent au printemps avant les feuilles, ajoutent une touche de couleur et de beaut\u00e9 spectaculaire au jardin.<\/li>\n<li><strong>Adaptabilit\u00e9<\/strong> : Il s\u2019adapte \u00e0 la plupart des types de sols de jardin et peut \u00eatre cultiv\u00e9 en plein soleil ou \u00e0 mi-ombre.<\/li>\n<li><strong>R\u00e9sistance au froid<\/strong> : Rustique jusqu\u2019\u00e0 -20\u00b0C, il est adapt\u00e9 \u00e0 une vari\u00e9t\u00e9 de climats et peut \u00eatre cultiv\u00e9 dans des r\u00e9gions aux hivers rigoureux.<\/li>\n<li><strong>Faible entretien<\/strong> : Une fois \u00e9tabli, il n\u00e9cessite peu d\u2019entretien, ce qui en fait un choix id\u00e9al pour les jardiniers recherchant une plante facile \u00e0 vivre.<\/li>\n<\/ul>\n","protected":false},"excerpt":{"rendered":"<p>Beau et costaud, voici un petit arbre \u00e0 la<strong> floraison printani\u00e8re d\u00e9corative et originale<\/strong>. Facile \u00e0 cultiver et d\u2019entretien, il ne demande pas grand-chose pour s\u2019\u00e9panouir.<\/p>\n","protected":false},"featured_media":6317,"template":"","meta":{"_acf_changed":false},"product_brand":[],"product_cat":[110],"product_tag":[],"class_list":{"0":"post-6316","1":"product","2":"type-product","3":"status-publish","4":"has-post-thumbnail","6":"product_cat-arbres-et-arbustes","8":"first","9":"instock","10":"taxable","11":"shipping-taxable","12":"purchasable","13":"product-type-simple"},"acf":[],"yoast_head":"<!-- This site is optimized with the Yoast SEO plugin v27.0 - https:\/\/yoast.com\/product\/yoast-seo-wordpress\/ -->\n<title>Vente de Cercis racemosa ou Gainier de Chine - P\u00e9pini\u00e8re du Dandelion<\/title>\n<meta name=\"description\" content=\"Beau et costaud, voici un petit arbre \u00e0 la floraison printani\u00e8re d\u00e9corative et originale. Facile \u00e0 cultiver et d\u2019entretien, il ne demande pas grand-chose pour s\u2019\u00e9panouir.\" \/>\n<meta name=\"robots\" content=\"noindex, follow, max-snippet:-1, max-image-preview:large, max-video-preview:-1\" \/>\n<meta property=\"og:locale\" content=\"fr_FR\" \/>\n<meta property=\"og:type\" content=\"article\" \/>\n<meta property=\"og:title\" content=\"Vente de Cercis racemosa ou Gainier de Chine - P\u00e9pini\u00e8re du Dandelion\" \/>\n<meta property=\"og:description\" content=\"Beau et costaud, voici un petit arbre \u00e0 la floraison printani\u00e8re d\u00e9corative et originale. Facile \u00e0 cultiver et d\u2019entretien, il ne demande pas grand-chose pour s\u2019\u00e9panouir.\" \/>\n<meta property=\"og:url\" content=\"https:\/\/adekoite-preprod.fr\/pepiniere\/produit\/cercis-racemosa\/\" \/>\n<meta property=\"og:site_name\" content=\"P\u00e9pini\u00e8re du Dandelion\" \/>\n<meta property=\"article:modified_time\" content=\"2026-01-08T16:06:00+00:00\" \/>\n<meta property=\"og:image\" content=\"https:\/\/adekoite-preprod.fr\/pepiniere\/wp-content\/uploads\/2025\/09\/cercis-racemosa-7.webp\" \/>\n\t<meta property=\"og:image:width\" content=\"1000\" \/>\n\t<meta property=\"og:image:height\" content=\"800\" \/>\n\t<meta property=\"og:image:type\" content=\"image\/webp\" \/>\n<meta name=\"twitter:card\" content=\"summary_large_image\" \/>\n<meta name=\"twitter:label1\" content=\"Dur\u00e9e de lecture estim\u00e9e\" \/>\n\t<meta name=\"twitter:data1\" content=\"2 minutes\" \/>\n<script type=\"application\/ld+json\" class=\"yoast-schema-graph\">{\"@context\":\"https:\/\/schema.org\",\"@graph\":[{\"@type\":\"WebPage\",\"@id\":\"https:\/\/adekoite-preprod.fr\/pepiniere\/produit\/cercis-racemosa\/\",\"url\":\"https:\/\/adekoite-preprod.fr\/pepiniere\/produit\/cercis-racemosa\/\",\"name\":\"Vente de Cercis racemosa ou Gainier de Chine - P\u00e9pini\u00e8re du Dandelion\",\"isPartOf\":{\"@id\":\"https:\/\/adekoite-preprod.fr\/pepiniere\/#website\"},\"primaryImageOfPage\":{\"@id\":\"https:\/\/adekoite-preprod.fr\/pepiniere\/produit\/cercis-racemosa\/#primaryimage\"},\"image\":{\"@id\":\"https:\/\/adekoite-preprod.fr\/pepiniere\/produit\/cercis-racemosa\/#primaryimage\"},\"thumbnailUrl\":\"https:\/\/adekoite-preprod.fr\/pepiniere\/wp-content\/uploads\/2025\/09\/cercis-racemosa-7.webp\",\"datePublished\":\"2025-09-16T08:14:58+00:00\",\"dateModified\":\"2026-01-08T16:06:00+00:00\",\"description\":\"Beau et costaud, voici un petit arbre \u00e0 la floraison printani\u00e8re d\u00e9corative et originale. Facile \u00e0 cultiver et d\u2019entretien, il ne demande pas grand-chose pour s\u2019\u00e9panouir.\",\"breadcrumb\":{\"@id\":\"https:\/\/adekoite-preprod.fr\/pepiniere\/produit\/cercis-racemosa\/#breadcrumb\"},\"inLanguage\":\"fr-FR\",\"potentialAction\":[{\"@type\":\"ReadAction\",\"target\":[\"https:\/\/adekoite-preprod.fr\/pepiniere\/produit\/cercis-racemosa\/\"]}]},{\"@type\":\"ImageObject\",\"inLanguage\":\"fr-FR\",\"@id\":\"https:\/\/adekoite-preprod.fr\/pepiniere\/produit\/cercis-racemosa\/#primaryimage\",\"url\":\"https:\/\/adekoite-preprod.fr\/pepiniere\/wp-content\/uploads\/2025\/09\/cercis-racemosa-7.webp\",\"contentUrl\":\"https:\/\/adekoite-preprod.fr\/pepiniere\/wp-content\/uploads\/2025\/09\/cercis-racemosa-7.webp\",\"width\":1000,\"height\":800},{\"@type\":\"BreadcrumbList\",\"@id\":\"https:\/\/adekoite-preprod.fr\/pepiniere\/produit\/cercis-racemosa\/#breadcrumb\",\"itemListElement\":[{\"@type\":\"ListItem\",\"position\":1,\"name\":\"Accueil\",\"item\":\"https:\/\/adekoite-preprod.fr\/pepiniere\/\"},{\"@type\":\"ListItem\",\"position\":2,\"name\":\"Boutique\",\"item\":\"https:\/\/adekoite-preprod.fr\/pepiniere\/boutique\/\"},{\"@type\":\"ListItem\",\"position\":3,\"name\":\"Cercis racemosa\"}]},{\"@type\":\"WebSite\",\"@id\":\"https:\/\/adekoite-preprod.fr\/pepiniere\/#website\",\"url\":\"https:\/\/adekoite-preprod.fr\/pepiniere\/\",\"name\":\"P\u00e9pini\u00e8re du Dandelion\",\"description\":\"\",\"potentialAction\":[{\"@type\":\"SearchAction\",\"target\":{\"@type\":\"EntryPoint\",\"urlTemplate\":\"https:\/\/adekoite-preprod.fr\/pepiniere\/?s={search_term_string}\"},\"query-input\":{\"@type\":\"PropertyValueSpecification\",\"valueRequired\":true,\"valueName\":\"search_term_string\"}}],\"inLanguage\":\"fr-FR\"}]}<\/script>\n<!-- \/ Yoast SEO plugin. -->","yoast_head_json":{"title":"Vente de Cercis racemosa ou Gainier de Chine - P\u00e9pini\u00e8re du Dandelion","description":"Beau et costaud, voici un petit arbre \u00e0 la floraison printani\u00e8re d\u00e9corative et originale. Facile \u00e0 cultiver et d\u2019entretien, il ne demande pas grand-chose pour s\u2019\u00e9panouir.","robots":{"index":"noindex","follow":"follow","max-snippet":"max-snippet:-1","max-image-preview":"max-image-preview:large","max-video-preview":"max-video-preview:-1"},"og_locale":"fr_FR","og_type":"article","og_title":"Vente de Cercis racemosa ou Gainier de Chine - P\u00e9pini\u00e8re du Dandelion","og_description":"Beau et costaud, voici un petit arbre \u00e0 la floraison printani\u00e8re d\u00e9corative et originale. Facile \u00e0 cultiver et d\u2019entretien, il ne demande pas grand-chose pour s\u2019\u00e9panouir.","og_url":"https:\/\/adekoite-preprod.fr\/pepiniere\/produit\/cercis-racemosa\/","og_site_name":"P\u00e9pini\u00e8re du Dandelion","article_modified_time":"2026-01-08T16:06:00+00:00","og_image":[{"width":1000,"height":800,"url":"https:\/\/adekoite-preprod.fr\/pepiniere\/wp-content\/uploads\/2025\/09\/cercis-racemosa-7.webp","type":"image\/webp"}],"twitter_card":"summary_large_image","twitter_misc":{"Dur\u00e9e de lecture estim\u00e9e":"2 minutes"},"schema":{"@context":"https:\/\/schema.org","@graph":[{"@type":"WebPage","@id":"https:\/\/adekoite-preprod.fr\/pepiniere\/produit\/cercis-racemosa\/","url":"https:\/\/adekoite-preprod.fr\/pepiniere\/produit\/cercis-racemosa\/","name":"Vente de Cercis racemosa ou Gainier de Chine - P\u00e9pini\u00e8re du Dandelion","isPartOf":{"@id":"https:\/\/adekoite-preprod.fr\/pepiniere\/#website"},"primaryImageOfPage":{"@id":"https:\/\/adekoite-preprod.fr\/pepiniere\/produit\/cercis-racemosa\/#primaryimage"},"image":{"@id":"https:\/\/adekoite-preprod.fr\/pepiniere\/produit\/cercis-racemosa\/#primaryimage"},"thumbnailUrl":"https:\/\/adekoite-preprod.fr\/pepiniere\/wp-content\/uploads\/2025\/09\/cercis-racemosa-7.webp","datePublished":"2025-09-16T08:14:58+00:00","dateModified":"2026-01-08T16:06:00+00:00","description":"Beau et costaud, voici un petit arbre \u00e0 la floraison printani\u00e8re d\u00e9corative et originale. Facile \u00e0 cultiver et d\u2019entretien, il ne demande pas grand-chose pour s\u2019\u00e9panouir.","breadcrumb":{"@id":"https:\/\/adekoite-preprod.fr\/pepiniere\/produit\/cercis-racemosa\/#breadcrumb"},"inLanguage":"fr-FR","potentialAction":[{"@type":"ReadAction","target":["https:\/\/adekoite-preprod.fr\/pepiniere\/produit\/cercis-racemosa\/"]}]},{"@type":"ImageObject","inLanguage":"fr-FR","@id":"https:\/\/adekoite-preprod.fr\/pepiniere\/produit\/cercis-racemosa\/#primaryimage","url":"https:\/\/adekoite-preprod.fr\/pepiniere\/wp-content\/uploads\/2025\/09\/cercis-racemosa-7.webp","contentUrl":"https:\/\/adekoite-preprod.fr\/pepiniere\/wp-content\/uploads\/2025\/09\/cercis-racemosa-7.webp","width":1000,"height":800},{"@type":"BreadcrumbList","@id":"https:\/\/adekoite-preprod.fr\/pepiniere\/produit\/cercis-racemosa\/#breadcrumb","itemListElement":[{"@type":"ListItem","position":1,"name":"Accueil","item":"https:\/\/adekoite-preprod.fr\/pepiniere\/"},{"@type":"ListItem","position":2,"name":"Boutique","item":"https:\/\/adekoite-preprod.fr\/pepiniere\/boutique\/"},{"@type":"ListItem","position":3,"name":"Cercis racemosa"}]},{"@type":"WebSite","@id":"https:\/\/adekoite-preprod.fr\/pepiniere\/#website","url":"https:\/\/adekoite-preprod.fr\/pepiniere\/","name":"P\u00e9pini\u00e8re du Dandelion","description":"","potentialAction":[{"@type":"SearchAction","target":{"@type":"EntryPoint","urlTemplate":"https:\/\/adekoite-preprod.fr\/pepiniere\/?s={search_term_string}"},"query-input":{"@type":"PropertyValueSpecification","valueRequired":true,"valueName":"search_term_string"}}],"inLanguage":"fr-FR"}]}},"_links":{"self":[{"href":"https:\/\/adekoite-preprod.fr\/pepiniere\/wp-json\/wp\/v2\/product\/6316","targetHints":{"allow":["GET"]}}],"collection":[{"href":"https:\/\/adekoite-preprod.fr\/pepiniere\/wp-json\/wp\/v2\/product"}],"about":[{"href":"https:\/\/adekoite-preprod.fr\/pepiniere\/wp-json\/wp\/v2\/types\/product"}],"wp:featuredmedia":[{"embeddable":true,"href":"https:\/\/adekoite-preprod.fr\/pepiniere\/wp-json\/wp\/v2\/media\/6317"}],"wp:attachment":[{"href":"https:\/\/adekoite-preprod.fr\/pepiniere\/wp-json\/wp\/v2\/media?parent=6316"}],"wp:term":[{"taxonomy":"product_brand","embeddable":true,"href":"https:\/\/adekoite-preprod.fr\/pepiniere\/wp-json\/wp\/v2\/product_brand?post=6316"},{"taxonomy":"product_cat","embeddable":true,"href":"https:\/\/adekoite-preprod.fr\/pepiniere\/wp-json\/wp\/v2\/product_cat?post=6316"},{"taxonomy":"product_tag","embeddable":true,"href":"https:\/\/adekoite-preprod.fr\/pepiniere\/wp-json\/wp\/v2\/product_tag?post=6316"}],"curies":[{"name":"wp","href":"https:\/\/api.w.org\/{rel}","templated":true}]}}