{"id":6319,"date":"2025-09-16T14:02:42","date_gmt":"2025-09-16T12:02:42","guid":{"rendered":"https:\/\/adekoite-preprod.fr\/pepiniere\/?post_type=product&#038;p=6319"},"modified":"2026-01-08T17:06:08","modified_gmt":"2026-01-08T16:06:08","slug":"chilopsis-linearis","status":"publish","type":"product","link":"https:\/\/adekoite-preprod.fr\/pepiniere\/produit\/chilopsis-linearis\/","title":{"rendered":"Chilopsis linearis"},"content":{"rendered":"<p>Le Saule du d\u00e9sert (Chilopsis linearis) est un arbuste vigoureux et sans souci, <strong>id\u00e9al pour les jardins secs et ensoleill\u00e9s<\/strong>. Il est capable de fleurir d\u00e8s sa premi\u00e8re ann\u00e9e, offrant alors des grappes de fleurs roses de l\u2019\u00e9t\u00e9 \u00e0 l\u2019automne, attirant abeilles et papillons. Tr\u00e8s <strong>r\u00e9sistant \u00e0 la s\u00e9cheresse et aux embruns<\/strong>, il s\u2019adapte aux sols pauvres et drainants, m\u00eame rocailleux. Rustique jusqu\u2019\u00e0 -15\u00b0C, il demande simplement du plein soleil.<\/p>\n<h3>Origine de [nom_produit] \ud83c\udf0e<\/h3>\n<p>Originaire des milieux chauds et secs du sud-ouest des \u00c9tats-Unis et du Mexique, le Saule du d\u00e9sert est bien adapt\u00e9 aux climats arides.<\/p>\n<h3>Description physique de [nom_produit] \ud83c\udf3f<\/h3>\n<p>Chilopsis linearis se d\u00e9veloppe sous la forme d\u2019un arbuste plus haut que large, atteignant g\u00e9n\u00e9ralement une hauteur et une largeur d\u2019environ 5 m\u00e8tres. Ses feuilles sont fines et vert brillant, et ses fleurs rose violac\u00e9 apparaissent en grappes du d\u00e9but de l\u2019\u00e9t\u00e9 jusqu\u2019\u00e0 l\u2019automne. Les fleurs sont tr\u00e8s attractives pour les pollinisateurs.<\/p>\n<h3>Avantages de [nom_produit] \u2728<\/h3>\n<ul>\n<li><strong>Floraison pr\u00e9coce et longue<\/strong> : Le Saule du d\u00e9sert fleurit tr\u00e8s jeune, parfois d\u00e8s sa premi\u00e8re ann\u00e9e, et sa floraison s\u2019\u00e9tale du d\u00e9but de l\u2019\u00e9t\u00e9 jusqu\u2019\u00e0 l\u2019automne.<\/li>\n<li><strong>Attraction pour les pollinisateurs<\/strong> : Ses fleurs attirent de nombreux pollinisateurs.<\/li>\n<li><strong>R\u00e9sistance \u00e0 la s\u00e9cheresse<\/strong> : Une fois \u00e9tabli, il est tr\u00e8s r\u00e9sistant \u00e0 la s\u00e9cheresse, ce qui le rend id\u00e9al pour les jardins x\u00e9riques et les zones s\u00e8ches.<\/li>\n<li><strong>Adaptabilit\u00e9<\/strong> : Il r\u00e9siste bien aux embruns, ce qui en fait un bon candidat pour les jardins c\u00f4tiers, et son puissant syst\u00e8me racinaire lui permet de soutenir efficacement les talus.<\/li>\n<li><strong>Faible entretien<\/strong> : Le Saule du d\u00e9sert n\u00e9cessite peu d\u2019entretien une fois \u00e9tabli, ce qui en fait une plante facile \u00e0 vivre pour les jardiniers.<\/li>\n<li><strong>R\u00e9sistance aux maladies et ravageurs<\/strong> : Il n\u2019a pas de probl\u00e8mes majeurs de maladies ou de ravageurs, ce qui en fait une plante robuste et fiable pour le jardin.<\/li>\n<\/ul>\n","protected":false},"excerpt":{"rendered":"<p>Chilopsis linearis est un petit arbuste au joli feuillage, \u00e0 la longue floraison qui s\u2019\u00e9tale de l\u2019\u00e9t\u00e9 \u00e0 l\u2019automne, et dot\u00e9 d\u2019une r\u00e9sistance au chaud et au sec \u00e0 toute \u00e9preuve. On peut l\u2019int\u00e9grer \u00e0 une haie, en sujet isol\u00e9 ou en renforcement d\u2019un talus, que ses racines puissantes soutiendront sans difficult\u00e9.<\/p>\n","protected":false},"featured_media":6320,"template":"","meta":{"_acf_changed":false},"product_brand":[],"product_cat":[110,116],"product_tag":[],"class_list":{"0":"post-6319","1":"product","2":"type-product","3":"status-publish","4":"has-post-thumbnail","6":"product_cat-arbres-et-arbustes","7":"product_cat-plantes-pour-2050","9":"first","10":"instock","11":"taxable","12":"shipping-taxable","13":"purchasable","14":"product-type-simple"},"acf":[],"yoast_head":"<!-- This site is optimized with the Yoast SEO plugin v27.0 - https:\/\/yoast.com\/product\/yoast-seo-wordpress\/ -->\n<title>Chilopsis linearis ou Saule du desert - P\u00e9pini\u00e8re du Dandelion<\/title>\n<meta name=\"description\" content=\"Beau et costaud, voici un petit arbre \u00e0 la floraison printani\u00e8re d\u00e9corative et originale. Facile \u00e0 cultiver et d\u2019entretien, il ne demande pas grand-chose pour s\u2019\u00e9panouir.\" \/>\n<meta name=\"robots\" content=\"noindex, follow, max-snippet:-1, max-image-preview:large, max-video-preview:-1\" \/>\n<meta property=\"og:locale\" content=\"fr_FR\" \/>\n<meta property=\"og:type\" content=\"article\" \/>\n<meta property=\"og:title\" content=\"Chilopsis linearis ou Saule du desert - P\u00e9pini\u00e8re du Dandelion\" \/>\n<meta property=\"og:description\" content=\"Beau et costaud, voici un petit arbre \u00e0 la floraison printani\u00e8re d\u00e9corative et originale. Facile \u00e0 cultiver et d\u2019entretien, il ne demande pas grand-chose pour s\u2019\u00e9panouir.\" \/>\n<meta property=\"og:url\" content=\"https:\/\/adekoite-preprod.fr\/pepiniere\/produit\/chilopsis-linearis\/\" \/>\n<meta property=\"og:site_name\" content=\"P\u00e9pini\u00e8re du Dandelion\" \/>\n<meta property=\"article:modified_time\" content=\"2026-01-08T16:06:08+00:00\" \/>\n<meta property=\"og:image\" content=\"https:\/\/adekoite-preprod.fr\/pepiniere\/wp-content\/uploads\/2025\/09\/chilopsis-linearis-1.webp\" \/>\n\t<meta property=\"og:image:width\" content=\"1000\" \/>\n\t<meta property=\"og:image:height\" content=\"663\" \/>\n\t<meta property=\"og:image:type\" content=\"image\/webp\" \/>\n<meta name=\"twitter:card\" content=\"summary_large_image\" \/>\n<meta name=\"twitter:label1\" content=\"Dur\u00e9e de lecture estim\u00e9e\" \/>\n\t<meta name=\"twitter:data1\" content=\"2 minutes\" \/>\n<script type=\"application\/ld+json\" class=\"yoast-schema-graph\">{\"@context\":\"https:\/\/schema.org\",\"@graph\":[{\"@type\":\"WebPage\",\"@id\":\"https:\/\/adekoite-preprod.fr\/pepiniere\/produit\/chilopsis-linearis\/\",\"url\":\"https:\/\/adekoite-preprod.fr\/pepiniere\/produit\/chilopsis-linearis\/\",\"name\":\"Chilopsis linearis ou Saule du desert - P\u00e9pini\u00e8re du Dandelion\",\"isPartOf\":{\"@id\":\"https:\/\/adekoite-preprod.fr\/pepiniere\/#website\"},\"primaryImageOfPage\":{\"@id\":\"https:\/\/adekoite-preprod.fr\/pepiniere\/produit\/chilopsis-linearis\/#primaryimage\"},\"image\":{\"@id\":\"https:\/\/adekoite-preprod.fr\/pepiniere\/produit\/chilopsis-linearis\/#primaryimage\"},\"thumbnailUrl\":\"https:\/\/adekoite-preprod.fr\/pepiniere\/wp-content\/uploads\/2025\/09\/chilopsis-linearis-1.webp\",\"datePublished\":\"2025-09-16T12:02:42+00:00\",\"dateModified\":\"2026-01-08T16:06:08+00:00\",\"description\":\"Beau et costaud, voici un petit arbre \u00e0 la floraison printani\u00e8re d\u00e9corative et originale. Facile \u00e0 cultiver et d\u2019entretien, il ne demande pas grand-chose pour s\u2019\u00e9panouir.\",\"breadcrumb\":{\"@id\":\"https:\/\/adekoite-preprod.fr\/pepiniere\/produit\/chilopsis-linearis\/#breadcrumb\"},\"inLanguage\":\"fr-FR\",\"potentialAction\":[{\"@type\":\"ReadAction\",\"target\":[\"https:\/\/adekoite-preprod.fr\/pepiniere\/produit\/chilopsis-linearis\/\"]}]},{\"@type\":\"ImageObject\",\"inLanguage\":\"fr-FR\",\"@id\":\"https:\/\/adekoite-preprod.fr\/pepiniere\/produit\/chilopsis-linearis\/#primaryimage\",\"url\":\"https:\/\/adekoite-preprod.fr\/pepiniere\/wp-content\/uploads\/2025\/09\/chilopsis-linearis-1.webp\",\"contentUrl\":\"https:\/\/adekoite-preprod.fr\/pepiniere\/wp-content\/uploads\/2025\/09\/chilopsis-linearis-1.webp\",\"width\":1000,\"height\":663},{\"@type\":\"BreadcrumbList\",\"@id\":\"https:\/\/adekoite-preprod.fr\/pepiniere\/produit\/chilopsis-linearis\/#breadcrumb\",\"itemListElement\":[{\"@type\":\"ListItem\",\"position\":1,\"name\":\"Accueil\",\"item\":\"https:\/\/adekoite-preprod.fr\/pepiniere\/\"},{\"@type\":\"ListItem\",\"position\":2,\"name\":\"Boutique\",\"item\":\"https:\/\/adekoite-preprod.fr\/pepiniere\/boutique\/\"},{\"@type\":\"ListItem\",\"position\":3,\"name\":\"Chilopsis linearis\"}]},{\"@type\":\"WebSite\",\"@id\":\"https:\/\/adekoite-preprod.fr\/pepiniere\/#website\",\"url\":\"https:\/\/adekoite-preprod.fr\/pepiniere\/\",\"name\":\"P\u00e9pini\u00e8re du Dandelion\",\"description\":\"\",\"potentialAction\":[{\"@type\":\"SearchAction\",\"target\":{\"@type\":\"EntryPoint\",\"urlTemplate\":\"https:\/\/adekoite-preprod.fr\/pepiniere\/?s={search_term_string}\"},\"query-input\":{\"@type\":\"PropertyValueSpecification\",\"valueRequired\":true,\"valueName\":\"search_term_string\"}}],\"inLanguage\":\"fr-FR\"}]}<\/script>\n<!-- \/ Yoast SEO plugin. -->","yoast_head_json":{"title":"Chilopsis linearis ou Saule du desert - P\u00e9pini\u00e8re du Dandelion","description":"Beau et costaud, voici un petit arbre \u00e0 la floraison printani\u00e8re d\u00e9corative et originale. Facile \u00e0 cultiver et d\u2019entretien, il ne demande pas grand-chose pour s\u2019\u00e9panouir.","robots":{"index":"noindex","follow":"follow","max-snippet":"max-snippet:-1","max-image-preview":"max-image-preview:large","max-video-preview":"max-video-preview:-1"},"og_locale":"fr_FR","og_type":"article","og_title":"Chilopsis linearis ou Saule du desert - P\u00e9pini\u00e8re du Dandelion","og_description":"Beau et costaud, voici un petit arbre \u00e0 la floraison printani\u00e8re d\u00e9corative et originale. Facile \u00e0 cultiver et d\u2019entretien, il ne demande pas grand-chose pour s\u2019\u00e9panouir.","og_url":"https:\/\/adekoite-preprod.fr\/pepiniere\/produit\/chilopsis-linearis\/","og_site_name":"P\u00e9pini\u00e8re du Dandelion","article_modified_time":"2026-01-08T16:06:08+00:00","og_image":[{"width":1000,"height":663,"url":"https:\/\/adekoite-preprod.fr\/pepiniere\/wp-content\/uploads\/2025\/09\/chilopsis-linearis-1.webp","type":"image\/webp"}],"twitter_card":"summary_large_image","twitter_misc":{"Dur\u00e9e de lecture estim\u00e9e":"2 minutes"},"schema":{"@context":"https:\/\/schema.org","@graph":[{"@type":"WebPage","@id":"https:\/\/adekoite-preprod.fr\/pepiniere\/produit\/chilopsis-linearis\/","url":"https:\/\/adekoite-preprod.fr\/pepiniere\/produit\/chilopsis-linearis\/","name":"Chilopsis linearis ou Saule du desert - P\u00e9pini\u00e8re du Dandelion","isPartOf":{"@id":"https:\/\/adekoite-preprod.fr\/pepiniere\/#website"},"primaryImageOfPage":{"@id":"https:\/\/adekoite-preprod.fr\/pepiniere\/produit\/chilopsis-linearis\/#primaryimage"},"image":{"@id":"https:\/\/adekoite-preprod.fr\/pepiniere\/produit\/chilopsis-linearis\/#primaryimage"},"thumbnailUrl":"https:\/\/adekoite-preprod.fr\/pepiniere\/wp-content\/uploads\/2025\/09\/chilopsis-linearis-1.webp","datePublished":"2025-09-16T12:02:42+00:00","dateModified":"2026-01-08T16:06:08+00:00","description":"Beau et costaud, voici un petit arbre \u00e0 la floraison printani\u00e8re d\u00e9corative et originale. Facile \u00e0 cultiver et d\u2019entretien, il ne demande pas grand-chose pour s\u2019\u00e9panouir.","breadcrumb":{"@id":"https:\/\/adekoite-preprod.fr\/pepiniere\/produit\/chilopsis-linearis\/#breadcrumb"},"inLanguage":"fr-FR","potentialAction":[{"@type":"ReadAction","target":["https:\/\/adekoite-preprod.fr\/pepiniere\/produit\/chilopsis-linearis\/"]}]},{"@type":"ImageObject","inLanguage":"fr-FR","@id":"https:\/\/adekoite-preprod.fr\/pepiniere\/produit\/chilopsis-linearis\/#primaryimage","url":"https:\/\/adekoite-preprod.fr\/pepiniere\/wp-content\/uploads\/2025\/09\/chilopsis-linearis-1.webp","contentUrl":"https:\/\/adekoite-preprod.fr\/pepiniere\/wp-content\/uploads\/2025\/09\/chilopsis-linearis-1.webp","width":1000,"height":663},{"@type":"BreadcrumbList","@id":"https:\/\/adekoite-preprod.fr\/pepiniere\/produit\/chilopsis-linearis\/#breadcrumb","itemListElement":[{"@type":"ListItem","position":1,"name":"Accueil","item":"https:\/\/adekoite-preprod.fr\/pepiniere\/"},{"@type":"ListItem","position":2,"name":"Boutique","item":"https:\/\/adekoite-preprod.fr\/pepiniere\/boutique\/"},{"@type":"ListItem","position":3,"name":"Chilopsis linearis"}]},{"@type":"WebSite","@id":"https:\/\/adekoite-preprod.fr\/pepiniere\/#website","url":"https:\/\/adekoite-preprod.fr\/pepiniere\/","name":"P\u00e9pini\u00e8re du Dandelion","description":"","potentialAction":[{"@type":"SearchAction","target":{"@type":"EntryPoint","urlTemplate":"https:\/\/adekoite-preprod.fr\/pepiniere\/?s={search_term_string}"},"query-input":{"@type":"PropertyValueSpecification","valueRequired":true,"valueName":"search_term_string"}}],"inLanguage":"fr-FR"}]}},"_links":{"self":[{"href":"https:\/\/adekoite-preprod.fr\/pepiniere\/wp-json\/wp\/v2\/product\/6319","targetHints":{"allow":["GET"]}}],"collection":[{"href":"https:\/\/adekoite-preprod.fr\/pepiniere\/wp-json\/wp\/v2\/product"}],"about":[{"href":"https:\/\/adekoite-preprod.fr\/pepiniere\/wp-json\/wp\/v2\/types\/product"}],"wp:featuredmedia":[{"embeddable":true,"href":"https:\/\/adekoite-preprod.fr\/pepiniere\/wp-json\/wp\/v2\/media\/6320"}],"wp:attachment":[{"href":"https:\/\/adekoite-preprod.fr\/pepiniere\/wp-json\/wp\/v2\/media?parent=6319"}],"wp:term":[{"taxonomy":"product_brand","embeddable":true,"href":"https:\/\/adekoite-preprod.fr\/pepiniere\/wp-json\/wp\/v2\/product_brand?post=6319"},{"taxonomy":"product_cat","embeddable":true,"href":"https:\/\/adekoite-preprod.fr\/pepiniere\/wp-json\/wp\/v2\/product_cat?post=6319"},{"taxonomy":"product_tag","embeddable":true,"href":"https:\/\/adekoite-preprod.fr\/pepiniere\/wp-json\/wp\/v2\/product_tag?post=6319"}],"curies":[{"name":"wp","href":"https:\/\/api.w.org\/{rel}","templated":true}]}}