{"id":6322,"date":"2025-09-16T14:09:23","date_gmt":"2025-09-16T12:09:23","guid":{"rendered":"https:\/\/adekoite-preprod.fr\/pepiniere\/?post_type=product&#038;p=6322"},"modified":"2026-01-08T17:06:40","modified_gmt":"2026-01-08T16:06:40","slug":"corylus-colurna","status":"publish","type":"product","link":"https:\/\/adekoite-preprod.fr\/pepiniere\/produit\/corylus-colurna\/","title":{"rendered":"Corylus colurna"},"content":{"rendered":"<p>Le <strong>Noisetier de Byzance<\/strong> (Corylus colurna) est un grand arbre caduc (jusqu\u2019\u00e0 20-25 m\u00e8tres), robuste et <strong>facile \u00e0 cultiver<\/strong>. Avec son port pyramidal r\u00e9gulier et ses noix d\u00e9coratives, il est <strong>r\u00e9sistant \u00e0 la s\u00e9cheresse<\/strong>, <strong>\u00e0 la pollution et au froid<\/strong> (-28\u00b0C). Il s\u2019adapte \u00e0 la plupart des sols, tant qu\u2019ils sont assez drainants.<\/p>\n<h3>Origine de [nom_produit] \ud83c\udf0e<\/h3>\n<p>Corylus colurna est originaire d\u2019une vaste zone s\u2019\u00e9tendant de l\u2019Europe du Sud-Est (Balkans, Gr\u00e8ce, Turquie) jusqu\u2019\u00e0 l\u2019Asie.<\/p>\n<h3>Description physique de [nom_produit] \ud83c\udf3f<\/h3>\n<p>Contrairement aux noisetiers classiques, le Noisetier de Byzance est un vrai arbre, au tronc droit et \u00e0 la couronne pyramidale, qui peut culminer jusqu\u2019\u00e0 25 m\u00e8tres de haut. Ses feuilles ovales, vert fonc\u00e9 et l\u00e9g\u00e8rement duveteuses, prennent des teintes jaunes ou rouge violac\u00e9 en automne. Au printemps, ses chatons m\u00e2les (fleurs jaunes) apparaissent en mars-avril, suivis de noix comestibles, regroup\u00e9es en grappes et envelopp\u00e9es dans une coque \u00e9paisse et d\u00e9corative. Son \u00e9corce li\u00e9geuse, fissur\u00e9e avec l\u2019\u00e2ge, ajoute un charme suppl\u00e9mentaire.<\/p>\n<h3>Avantages de [nom_produit] \u2728<\/h3>\n<ul>\n<li><strong>Port majestueux<\/strong> : Silhouette pyramidale, bien adapt\u00e9 pour les all\u00e9es, les parcs ou les jardins.<\/li>\n<li><strong>Robustesse et adaptabilit\u00e9<\/strong> : C\u2019est un arbre pratiquement tout-terrain, tol\u00e9rant la plupart des sols, pourvu qu\u2019ils ne retiennent pas trop l\u2019eau. Il supporte la pollution urbaine ainsi que les longues p\u00e9riodes de s\u00e9cheresse.<\/li>\n<li><strong>Faible entretien<\/strong> : Le Noisetier de Byzance est facile \u00e0 cultiver et n\u00e9cessite peu d\u2019entretien une fois \u00e9tabli, ce qui en fait un choix id\u00e9al pour les jardiniers recherchant une plante robuste.<\/li>\n<\/ul>\n","protected":false},"excerpt":{"rendered":"<p>Noisetier version XXL et d\u2019une frugalit\u00e9 \u00e9tonnante. Tr\u00e8s robuste, cet arbre tol\u00e8re divers types de sols, r\u00e9siste \u00e0 la pollution urbaine et aux s\u00e9cheresses. Ses noisettes sont nombreuses et savoureuses, mais assez petites.<\/p>\n","protected":false},"featured_media":6323,"template":"","meta":{"_acf_changed":false},"product_brand":[],"product_cat":[110,116],"product_tag":[],"class_list":{"0":"post-6322","1":"product","2":"type-product","3":"status-publish","4":"has-post-thumbnail","6":"product_cat-arbres-et-arbustes","7":"product_cat-plantes-pour-2050","9":"first","10":"instock","11":"taxable","12":"shipping-taxable","13":"purchasable","14":"product-type-simple"},"acf":[],"yoast_head":"<!-- This site is optimized with the Yoast SEO plugin v27.0 - https:\/\/yoast.com\/product\/yoast-seo-wordpress\/ -->\n<title>Vente de Corylus colurna Noisetier de Byzance - P\u00e9pini\u00e8re du Dandelion<\/title>\n<meta name=\"description\" content=\"Noisetier version XXL et d\u2019une frugalit\u00e9 \u00e9tonnante. Tr\u00e8s robuste, cet arbre tol\u00e8re divers types de sols, r\u00e9siste \u00e0 la pollution urbaine et aux s\u00e9cheresses. Ses noisettes sont nombreuses et savoureuses, mais assez petites.\" \/>\n<meta name=\"robots\" content=\"noindex, follow, max-snippet:-1, max-image-preview:large, max-video-preview:-1\" \/>\n<meta property=\"og:locale\" content=\"fr_FR\" \/>\n<meta property=\"og:type\" content=\"article\" \/>\n<meta property=\"og:title\" content=\"Vente de Corylus colurna Noisetier de Byzance - P\u00e9pini\u00e8re du Dandelion\" \/>\n<meta property=\"og:description\" content=\"Noisetier version XXL et d\u2019une frugalit\u00e9 \u00e9tonnante. Tr\u00e8s robuste, cet arbre tol\u00e8re divers types de sols, r\u00e9siste \u00e0 la pollution urbaine et aux s\u00e9cheresses. Ses noisettes sont nombreuses et savoureuses, mais assez petites.\" \/>\n<meta property=\"og:url\" content=\"https:\/\/adekoite-preprod.fr\/pepiniere\/produit\/corylus-colurna\/\" \/>\n<meta property=\"og:site_name\" content=\"P\u00e9pini\u00e8re du Dandelion\" \/>\n<meta property=\"article:modified_time\" content=\"2026-01-08T16:06:40+00:00\" \/>\n<meta property=\"og:image\" content=\"https:\/\/adekoite-preprod.fr\/pepiniere\/wp-content\/uploads\/2025\/09\/corylus-colurna-3.webp\" \/>\n\t<meta property=\"og:image:width\" content=\"678\" \/>\n\t<meta property=\"og:image:height\" content=\"1000\" \/>\n\t<meta property=\"og:image:type\" content=\"image\/webp\" \/>\n<meta name=\"twitter:card\" content=\"summary_large_image\" \/>\n<meta name=\"twitter:label1\" content=\"Dur\u00e9e de lecture estim\u00e9e\" \/>\n\t<meta name=\"twitter:data1\" content=\"2 minutes\" \/>\n<script type=\"application\/ld+json\" class=\"yoast-schema-graph\">{\"@context\":\"https:\/\/schema.org\",\"@graph\":[{\"@type\":\"WebPage\",\"@id\":\"https:\/\/adekoite-preprod.fr\/pepiniere\/produit\/corylus-colurna\/\",\"url\":\"https:\/\/adekoite-preprod.fr\/pepiniere\/produit\/corylus-colurna\/\",\"name\":\"Vente de Corylus colurna Noisetier de Byzance - P\u00e9pini\u00e8re du Dandelion\",\"isPartOf\":{\"@id\":\"https:\/\/adekoite-preprod.fr\/pepiniere\/#website\"},\"primaryImageOfPage\":{\"@id\":\"https:\/\/adekoite-preprod.fr\/pepiniere\/produit\/corylus-colurna\/#primaryimage\"},\"image\":{\"@id\":\"https:\/\/adekoite-preprod.fr\/pepiniere\/produit\/corylus-colurna\/#primaryimage\"},\"thumbnailUrl\":\"https:\/\/adekoite-preprod.fr\/pepiniere\/wp-content\/uploads\/2025\/09\/corylus-colurna-3.webp\",\"datePublished\":\"2025-09-16T12:09:23+00:00\",\"dateModified\":\"2026-01-08T16:06:40+00:00\",\"description\":\"Noisetier version XXL et d\u2019une frugalit\u00e9 \u00e9tonnante. Tr\u00e8s robuste, cet arbre tol\u00e8re divers types de sols, r\u00e9siste \u00e0 la pollution urbaine et aux s\u00e9cheresses. Ses noisettes sont nombreuses et savoureuses, mais assez petites.\",\"breadcrumb\":{\"@id\":\"https:\/\/adekoite-preprod.fr\/pepiniere\/produit\/corylus-colurna\/#breadcrumb\"},\"inLanguage\":\"fr-FR\",\"potentialAction\":[{\"@type\":\"ReadAction\",\"target\":[\"https:\/\/adekoite-preprod.fr\/pepiniere\/produit\/corylus-colurna\/\"]}]},{\"@type\":\"ImageObject\",\"inLanguage\":\"fr-FR\",\"@id\":\"https:\/\/adekoite-preprod.fr\/pepiniere\/produit\/corylus-colurna\/#primaryimage\",\"url\":\"https:\/\/adekoite-preprod.fr\/pepiniere\/wp-content\/uploads\/2025\/09\/corylus-colurna-3.webp\",\"contentUrl\":\"https:\/\/adekoite-preprod.fr\/pepiniere\/wp-content\/uploads\/2025\/09\/corylus-colurna-3.webp\",\"width\":678,\"height\":1000,\"caption\":\"Corylus colurna\"},{\"@type\":\"BreadcrumbList\",\"@id\":\"https:\/\/adekoite-preprod.fr\/pepiniere\/produit\/corylus-colurna\/#breadcrumb\",\"itemListElement\":[{\"@type\":\"ListItem\",\"position\":1,\"name\":\"Accueil\",\"item\":\"https:\/\/adekoite-preprod.fr\/pepiniere\/\"},{\"@type\":\"ListItem\",\"position\":2,\"name\":\"Boutique\",\"item\":\"https:\/\/adekoite-preprod.fr\/pepiniere\/boutique\/\"},{\"@type\":\"ListItem\",\"position\":3,\"name\":\"Corylus colurna\"}]},{\"@type\":\"WebSite\",\"@id\":\"https:\/\/adekoite-preprod.fr\/pepiniere\/#website\",\"url\":\"https:\/\/adekoite-preprod.fr\/pepiniere\/\",\"name\":\"P\u00e9pini\u00e8re du Dandelion\",\"description\":\"\",\"potentialAction\":[{\"@type\":\"SearchAction\",\"target\":{\"@type\":\"EntryPoint\",\"urlTemplate\":\"https:\/\/adekoite-preprod.fr\/pepiniere\/?s={search_term_string}\"},\"query-input\":{\"@type\":\"PropertyValueSpecification\",\"valueRequired\":true,\"valueName\":\"search_term_string\"}}],\"inLanguage\":\"fr-FR\"}]}<\/script>\n<!-- \/ Yoast SEO plugin. -->","yoast_head_json":{"title":"Vente de Corylus colurna Noisetier de Byzance - P\u00e9pini\u00e8re du Dandelion","description":"Noisetier version XXL et d\u2019une frugalit\u00e9 \u00e9tonnante. Tr\u00e8s robuste, cet arbre tol\u00e8re divers types de sols, r\u00e9siste \u00e0 la pollution urbaine et aux s\u00e9cheresses. Ses noisettes sont nombreuses et savoureuses, mais assez petites.","robots":{"index":"noindex","follow":"follow","max-snippet":"max-snippet:-1","max-image-preview":"max-image-preview:large","max-video-preview":"max-video-preview:-1"},"og_locale":"fr_FR","og_type":"article","og_title":"Vente de Corylus colurna Noisetier de Byzance - P\u00e9pini\u00e8re du Dandelion","og_description":"Noisetier version XXL et d\u2019une frugalit\u00e9 \u00e9tonnante. Tr\u00e8s robuste, cet arbre tol\u00e8re divers types de sols, r\u00e9siste \u00e0 la pollution urbaine et aux s\u00e9cheresses. Ses noisettes sont nombreuses et savoureuses, mais assez petites.","og_url":"https:\/\/adekoite-preprod.fr\/pepiniere\/produit\/corylus-colurna\/","og_site_name":"P\u00e9pini\u00e8re du Dandelion","article_modified_time":"2026-01-08T16:06:40+00:00","og_image":[{"width":678,"height":1000,"url":"https:\/\/adekoite-preprod.fr\/pepiniere\/wp-content\/uploads\/2025\/09\/corylus-colurna-3.webp","type":"image\/webp"}],"twitter_card":"summary_large_image","twitter_misc":{"Dur\u00e9e de lecture estim\u00e9e":"2 minutes"},"schema":{"@context":"https:\/\/schema.org","@graph":[{"@type":"WebPage","@id":"https:\/\/adekoite-preprod.fr\/pepiniere\/produit\/corylus-colurna\/","url":"https:\/\/adekoite-preprod.fr\/pepiniere\/produit\/corylus-colurna\/","name":"Vente de Corylus colurna Noisetier de Byzance - P\u00e9pini\u00e8re du Dandelion","isPartOf":{"@id":"https:\/\/adekoite-preprod.fr\/pepiniere\/#website"},"primaryImageOfPage":{"@id":"https:\/\/adekoite-preprod.fr\/pepiniere\/produit\/corylus-colurna\/#primaryimage"},"image":{"@id":"https:\/\/adekoite-preprod.fr\/pepiniere\/produit\/corylus-colurna\/#primaryimage"},"thumbnailUrl":"https:\/\/adekoite-preprod.fr\/pepiniere\/wp-content\/uploads\/2025\/09\/corylus-colurna-3.webp","datePublished":"2025-09-16T12:09:23+00:00","dateModified":"2026-01-08T16:06:40+00:00","description":"Noisetier version XXL et d\u2019une frugalit\u00e9 \u00e9tonnante. Tr\u00e8s robuste, cet arbre tol\u00e8re divers types de sols, r\u00e9siste \u00e0 la pollution urbaine et aux s\u00e9cheresses. Ses noisettes sont nombreuses et savoureuses, mais assez petites.","breadcrumb":{"@id":"https:\/\/adekoite-preprod.fr\/pepiniere\/produit\/corylus-colurna\/#breadcrumb"},"inLanguage":"fr-FR","potentialAction":[{"@type":"ReadAction","target":["https:\/\/adekoite-preprod.fr\/pepiniere\/produit\/corylus-colurna\/"]}]},{"@type":"ImageObject","inLanguage":"fr-FR","@id":"https:\/\/adekoite-preprod.fr\/pepiniere\/produit\/corylus-colurna\/#primaryimage","url":"https:\/\/adekoite-preprod.fr\/pepiniere\/wp-content\/uploads\/2025\/09\/corylus-colurna-3.webp","contentUrl":"https:\/\/adekoite-preprod.fr\/pepiniere\/wp-content\/uploads\/2025\/09\/corylus-colurna-3.webp","width":678,"height":1000,"caption":"Corylus colurna"},{"@type":"BreadcrumbList","@id":"https:\/\/adekoite-preprod.fr\/pepiniere\/produit\/corylus-colurna\/#breadcrumb","itemListElement":[{"@type":"ListItem","position":1,"name":"Accueil","item":"https:\/\/adekoite-preprod.fr\/pepiniere\/"},{"@type":"ListItem","position":2,"name":"Boutique","item":"https:\/\/adekoite-preprod.fr\/pepiniere\/boutique\/"},{"@type":"ListItem","position":3,"name":"Corylus colurna"}]},{"@type":"WebSite","@id":"https:\/\/adekoite-preprod.fr\/pepiniere\/#website","url":"https:\/\/adekoite-preprod.fr\/pepiniere\/","name":"P\u00e9pini\u00e8re du Dandelion","description":"","potentialAction":[{"@type":"SearchAction","target":{"@type":"EntryPoint","urlTemplate":"https:\/\/adekoite-preprod.fr\/pepiniere\/?s={search_term_string}"},"query-input":{"@type":"PropertyValueSpecification","valueRequired":true,"valueName":"search_term_string"}}],"inLanguage":"fr-FR"}]}},"_links":{"self":[{"href":"https:\/\/adekoite-preprod.fr\/pepiniere\/wp-json\/wp\/v2\/product\/6322","targetHints":{"allow":["GET"]}}],"collection":[{"href":"https:\/\/adekoite-preprod.fr\/pepiniere\/wp-json\/wp\/v2\/product"}],"about":[{"href":"https:\/\/adekoite-preprod.fr\/pepiniere\/wp-json\/wp\/v2\/types\/product"}],"wp:featuredmedia":[{"embeddable":true,"href":"https:\/\/adekoite-preprod.fr\/pepiniere\/wp-json\/wp\/v2\/media\/6323"}],"wp:attachment":[{"href":"https:\/\/adekoite-preprod.fr\/pepiniere\/wp-json\/wp\/v2\/media?parent=6322"}],"wp:term":[{"taxonomy":"product_brand","embeddable":true,"href":"https:\/\/adekoite-preprod.fr\/pepiniere\/wp-json\/wp\/v2\/product_brand?post=6322"},{"taxonomy":"product_cat","embeddable":true,"href":"https:\/\/adekoite-preprod.fr\/pepiniere\/wp-json\/wp\/v2\/product_cat?post=6322"},{"taxonomy":"product_tag","embeddable":true,"href":"https:\/\/adekoite-preprod.fr\/pepiniere\/wp-json\/wp\/v2\/product_tag?post=6322"}],"curies":[{"name":"wp","href":"https:\/\/api.w.org\/{rel}","templated":true}]}}