{"id":6365,"date":"2025-09-17T11:20:17","date_gmt":"2025-09-17T09:20:17","guid":{"rendered":"https:\/\/adekoite-preprod.fr\/pepiniere\/?post_type=product&#038;p=6365"},"modified":"2026-01-08T17:07:16","modified_gmt":"2026-01-08T16:07:16","slug":"koelreuteria-bipinnata","status":"publish","type":"product","link":"https:\/\/adekoite-preprod.fr\/pepiniere\/produit\/koelreuteria-bipinnata\/","title":{"rendered":"Koelreuteria bipinnata"},"content":{"rendered":"<p>C\u2019est un <strong>Savonnier<\/strong> beaucoup moins fr\u00e9quent dans les parcs et jardins que son cousin Koelreuteria paniculata. Il a une <strong>floraison estivale g\u00e9n\u00e9reuse<\/strong> : des panicules de fleurs jaunes, mellif\u00e8res, qui attirent les pollinisateurs entre ao\u00fbt et octobre, une p\u00e9riode o\u00f9 les fleurs se font plus rares. La floraison est suivie de fruits en forme de lanternes color\u00e9es dans des tons rose-rouge, ajoutant un charme d\u00e9coratif en automne.<\/p>\n<p>Atteignant 15 m\u00e8tres de haut, cet arbre \u00e0 la <strong>croissance rapide<\/strong> offre une ombre l\u00e9g\u00e8re gr\u00e2ce \u00e0 ses longues feuilles compos\u00e9es. Tr\u00e8s r\u00e9sistant, il <strong>tol\u00e8re la s\u00e9cheresse, la chaleur, la pollution urbaine<\/strong> et s\u2019adapte \u00e0 presque tous les sols. Il affiche une rusticit\u00e9 de l\u2019ordre de -15\u00b0C.<\/p>\n<h3>Origine de [nom_produit] \ud83c\udf0e<\/h3>\n<p>Originaire d\u2019Asie, on trouve cet arbre dans des habitats assez vari\u00e9s, ce qui peut expliquer sa tol\u00e9rance aux diff\u00e9rentes conditions de culture.<\/p>\n<h3>Description physique de [nom_produit] \ud83c\udf3f<\/h3>\n<p>Cet arbre peut atteindre jusqu\u2019\u00e0 15 m\u00e8tres de haut, avec une croissance assez rapide. Il poss\u00e8de de longues feuilles compos\u00e9es, tr\u00e8s ornementales. Les fleurs jaunes sont petites mais tr\u00e8s nombreuses, regroup\u00e9es en panicules pouvant atteindre 70 cm de long. En p\u00e9riode de floraison, l\u2019arbre semble dispara\u00eetre sous un nuage de fleurs. Elles ont aussi l\u2019avantage d\u2019\u00eatre mellif\u00e8res et de plaire \u00e0 de nombreux insectes. Les fruits prennent le relais des fleurs et sont eux aussi tr\u00e8s d\u00e9coratifs. Ils ont la forme de petites lanternes, qui passent du rouge au rose \u00e0 maturit\u00e9.<\/p>\n<h3>Avantages de [nom_produit] \u2728<\/h3>\n<ul>\n<li><strong>Floraison spectaculaire<\/strong> : Sa floraison tardive, entre ao\u00fbt et octobre, est spectaculaire et attire de nombreux pollinisateurs.<\/li>\n<li><strong>Ombre l\u00e9g\u00e8re<\/strong> : Ses feuilles compos\u00e9es offrent une ombre l\u00e9g\u00e8re et agr\u00e9able pendant les mois d\u2019\u00e9t\u00e9.<\/li>\n<li><strong>Fructification d\u00e9corative<\/strong> : Les fruits en forme de lanternes ajoutent un int\u00e9r\u00eat visuel avec leurs couleurs changeantes.<\/li>\n<li><strong>R\u00e9sistance et adaptabilit\u00e9<\/strong> : Tr\u00e8s r\u00e9sistant \u00e0 la chaleur, \u00e0 la s\u00e9cheresse et \u00e0 la pollution, il est facile \u00e0 cultiver dans divers environnements.<\/li>\n<\/ul>\n","protected":false},"excerpt":{"rendered":"<p>Koelreuteria bipinnata est un arbre ornemental peu commun, robuste et tr\u00e8s d\u00e9coratif. Sa floraison estivale spectaculaire en panicules jaunes attire les pollinisateurs, suivie de fruits en forme de lanternes rose-rouge. Facile \u00e0 cultiver, c\u2019est un vrai dur \u00e0 cuire !<\/p>\n","protected":false},"featured_media":6366,"template":"","meta":{"_acf_changed":false},"product_brand":[],"product_cat":[110,116],"product_tag":[],"class_list":{"0":"post-6365","1":"product","2":"type-product","3":"status-publish","4":"has-post-thumbnail","6":"product_cat-arbres-et-arbustes","7":"product_cat-plantes-pour-2050","9":"first","10":"instock","11":"taxable","12":"shipping-taxable","13":"purchasable","14":"product-type-simple"},"acf":[],"yoast_head":"<!-- This site is optimized with the Yoast SEO plugin v27.0 - https:\/\/yoast.com\/product\/yoast-seo-wordpress\/ -->\n<title>Koelreuteria bipinnata: Savonnier - Arbre aux lanternes - Arbre de flamme chinois - P\u00e9pini\u00e8re du Dandelion<\/title>\n<meta name=\"description\" content=\"Koelreuteria bipinnata est un arbre ornemental peu commun, robuste et tr\u00e8s d\u00e9coratif. Sa floraison estivale spectaculaire en panicules jaunes attire les pollinisateurs, suivie de fruits en forme de lanternes rose-rouge. Facile \u00e0 cultiver, c\u2019est un vrai dur \u00e0 cuire !\" \/>\n<meta name=\"robots\" content=\"noindex, follow, max-snippet:-1, max-image-preview:large, max-video-preview:-1\" \/>\n<meta property=\"og:locale\" content=\"fr_FR\" \/>\n<meta property=\"og:type\" content=\"article\" \/>\n<meta property=\"og:title\" content=\"Koelreuteria bipinnata: Savonnier - Arbre aux lanternes - Arbre de flamme chinois - P\u00e9pini\u00e8re du Dandelion\" \/>\n<meta property=\"og:description\" content=\"Koelreuteria bipinnata est un arbre ornemental peu commun, robuste et tr\u00e8s d\u00e9coratif. Sa floraison estivale spectaculaire en panicules jaunes attire les pollinisateurs, suivie de fruits en forme de lanternes rose-rouge. Facile \u00e0 cultiver, c\u2019est un vrai dur \u00e0 cuire !\" \/>\n<meta property=\"og:url\" content=\"https:\/\/adekoite-preprod.fr\/pepiniere\/produit\/koelreuteria-bipinnata\/\" \/>\n<meta property=\"og:site_name\" content=\"P\u00e9pini\u00e8re du Dandelion\" \/>\n<meta property=\"article:modified_time\" content=\"2026-01-08T16:07:16+00:00\" \/>\n<meta property=\"og:image\" content=\"https:\/\/adekoite-preprod.fr\/pepiniere\/wp-content\/uploads\/2025\/09\/koelreuteria-bipinnata-15.webp\" \/>\n\t<meta property=\"og:image:width\" content=\"1000\" \/>\n\t<meta property=\"og:image:height\" content=\"750\" \/>\n\t<meta property=\"og:image:type\" content=\"image\/webp\" \/>\n<meta name=\"twitter:card\" content=\"summary_large_image\" \/>\n<meta name=\"twitter:label1\" content=\"Dur\u00e9e de lecture estim\u00e9e\" \/>\n\t<meta name=\"twitter:data1\" content=\"2 minutes\" \/>\n<script type=\"application\/ld+json\" class=\"yoast-schema-graph\">{\"@context\":\"https:\/\/schema.org\",\"@graph\":[{\"@type\":\"WebPage\",\"@id\":\"https:\/\/adekoite-preprod.fr\/pepiniere\/produit\/koelreuteria-bipinnata\/\",\"url\":\"https:\/\/adekoite-preprod.fr\/pepiniere\/produit\/koelreuteria-bipinnata\/\",\"name\":\"Koelreuteria bipinnata: Savonnier - Arbre aux lanternes - Arbre de flamme chinois - P\u00e9pini\u00e8re du Dandelion\",\"isPartOf\":{\"@id\":\"https:\/\/adekoite-preprod.fr\/pepiniere\/#website\"},\"primaryImageOfPage\":{\"@id\":\"https:\/\/adekoite-preprod.fr\/pepiniere\/produit\/koelreuteria-bipinnata\/#primaryimage\"},\"image\":{\"@id\":\"https:\/\/adekoite-preprod.fr\/pepiniere\/produit\/koelreuteria-bipinnata\/#primaryimage\"},\"thumbnailUrl\":\"https:\/\/adekoite-preprod.fr\/pepiniere\/wp-content\/uploads\/2025\/09\/koelreuteria-bipinnata-15.webp\",\"datePublished\":\"2025-09-17T09:20:17+00:00\",\"dateModified\":\"2026-01-08T16:07:16+00:00\",\"description\":\"Koelreuteria bipinnata est un arbre ornemental peu commun, robuste et tr\u00e8s d\u00e9coratif. Sa floraison estivale spectaculaire en panicules jaunes attire les pollinisateurs, suivie de fruits en forme de lanternes rose-rouge. Facile \u00e0 cultiver, c\u2019est un vrai dur \u00e0 cuire !\",\"breadcrumb\":{\"@id\":\"https:\/\/adekoite-preprod.fr\/pepiniere\/produit\/koelreuteria-bipinnata\/#breadcrumb\"},\"inLanguage\":\"fr-FR\",\"potentialAction\":[{\"@type\":\"ReadAction\",\"target\":[\"https:\/\/adekoite-preprod.fr\/pepiniere\/produit\/koelreuteria-bipinnata\/\"]}]},{\"@type\":\"ImageObject\",\"inLanguage\":\"fr-FR\",\"@id\":\"https:\/\/adekoite-preprod.fr\/pepiniere\/produit\/koelreuteria-bipinnata\/#primaryimage\",\"url\":\"https:\/\/adekoite-preprod.fr\/pepiniere\/wp-content\/uploads\/2025\/09\/koelreuteria-bipinnata-15.webp\",\"contentUrl\":\"https:\/\/adekoite-preprod.fr\/pepiniere\/wp-content\/uploads\/2025\/09\/koelreuteria-bipinnata-15.webp\",\"width\":1000,\"height\":750,\"caption\":\"Savonnier\"},{\"@type\":\"BreadcrumbList\",\"@id\":\"https:\/\/adekoite-preprod.fr\/pepiniere\/produit\/koelreuteria-bipinnata\/#breadcrumb\",\"itemListElement\":[{\"@type\":\"ListItem\",\"position\":1,\"name\":\"Accueil\",\"item\":\"https:\/\/adekoite-preprod.fr\/pepiniere\/\"},{\"@type\":\"ListItem\",\"position\":2,\"name\":\"Boutique\",\"item\":\"https:\/\/adekoite-preprod.fr\/pepiniere\/boutique\/\"},{\"@type\":\"ListItem\",\"position\":3,\"name\":\"Koelreuteria bipinnata\"}]},{\"@type\":\"WebSite\",\"@id\":\"https:\/\/adekoite-preprod.fr\/pepiniere\/#website\",\"url\":\"https:\/\/adekoite-preprod.fr\/pepiniere\/\",\"name\":\"P\u00e9pini\u00e8re du Dandelion\",\"description\":\"\",\"potentialAction\":[{\"@type\":\"SearchAction\",\"target\":{\"@type\":\"EntryPoint\",\"urlTemplate\":\"https:\/\/adekoite-preprod.fr\/pepiniere\/?s={search_term_string}\"},\"query-input\":{\"@type\":\"PropertyValueSpecification\",\"valueRequired\":true,\"valueName\":\"search_term_string\"}}],\"inLanguage\":\"fr-FR\"}]}<\/script>\n<!-- \/ Yoast SEO plugin. -->","yoast_head_json":{"title":"Koelreuteria bipinnata: Savonnier - Arbre aux lanternes - Arbre de flamme chinois - P\u00e9pini\u00e8re du Dandelion","description":"Koelreuteria bipinnata est un arbre ornemental peu commun, robuste et tr\u00e8s d\u00e9coratif. Sa floraison estivale spectaculaire en panicules jaunes attire les pollinisateurs, suivie de fruits en forme de lanternes rose-rouge. Facile \u00e0 cultiver, c\u2019est un vrai dur \u00e0 cuire !","robots":{"index":"noindex","follow":"follow","max-snippet":"max-snippet:-1","max-image-preview":"max-image-preview:large","max-video-preview":"max-video-preview:-1"},"og_locale":"fr_FR","og_type":"article","og_title":"Koelreuteria bipinnata: Savonnier - Arbre aux lanternes - Arbre de flamme chinois - P\u00e9pini\u00e8re du Dandelion","og_description":"Koelreuteria bipinnata est un arbre ornemental peu commun, robuste et tr\u00e8s d\u00e9coratif. Sa floraison estivale spectaculaire en panicules jaunes attire les pollinisateurs, suivie de fruits en forme de lanternes rose-rouge. Facile \u00e0 cultiver, c\u2019est un vrai dur \u00e0 cuire !","og_url":"https:\/\/adekoite-preprod.fr\/pepiniere\/produit\/koelreuteria-bipinnata\/","og_site_name":"P\u00e9pini\u00e8re du Dandelion","article_modified_time":"2026-01-08T16:07:16+00:00","og_image":[{"width":1000,"height":750,"url":"https:\/\/adekoite-preprod.fr\/pepiniere\/wp-content\/uploads\/2025\/09\/koelreuteria-bipinnata-15.webp","type":"image\/webp"}],"twitter_card":"summary_large_image","twitter_misc":{"Dur\u00e9e de lecture estim\u00e9e":"2 minutes"},"schema":{"@context":"https:\/\/schema.org","@graph":[{"@type":"WebPage","@id":"https:\/\/adekoite-preprod.fr\/pepiniere\/produit\/koelreuteria-bipinnata\/","url":"https:\/\/adekoite-preprod.fr\/pepiniere\/produit\/koelreuteria-bipinnata\/","name":"Koelreuteria bipinnata: Savonnier - Arbre aux lanternes - Arbre de flamme chinois - P\u00e9pini\u00e8re du Dandelion","isPartOf":{"@id":"https:\/\/adekoite-preprod.fr\/pepiniere\/#website"},"primaryImageOfPage":{"@id":"https:\/\/adekoite-preprod.fr\/pepiniere\/produit\/koelreuteria-bipinnata\/#primaryimage"},"image":{"@id":"https:\/\/adekoite-preprod.fr\/pepiniere\/produit\/koelreuteria-bipinnata\/#primaryimage"},"thumbnailUrl":"https:\/\/adekoite-preprod.fr\/pepiniere\/wp-content\/uploads\/2025\/09\/koelreuteria-bipinnata-15.webp","datePublished":"2025-09-17T09:20:17+00:00","dateModified":"2026-01-08T16:07:16+00:00","description":"Koelreuteria bipinnata est un arbre ornemental peu commun, robuste et tr\u00e8s d\u00e9coratif. Sa floraison estivale spectaculaire en panicules jaunes attire les pollinisateurs, suivie de fruits en forme de lanternes rose-rouge. Facile \u00e0 cultiver, c\u2019est un vrai dur \u00e0 cuire !","breadcrumb":{"@id":"https:\/\/adekoite-preprod.fr\/pepiniere\/produit\/koelreuteria-bipinnata\/#breadcrumb"},"inLanguage":"fr-FR","potentialAction":[{"@type":"ReadAction","target":["https:\/\/adekoite-preprod.fr\/pepiniere\/produit\/koelreuteria-bipinnata\/"]}]},{"@type":"ImageObject","inLanguage":"fr-FR","@id":"https:\/\/adekoite-preprod.fr\/pepiniere\/produit\/koelreuteria-bipinnata\/#primaryimage","url":"https:\/\/adekoite-preprod.fr\/pepiniere\/wp-content\/uploads\/2025\/09\/koelreuteria-bipinnata-15.webp","contentUrl":"https:\/\/adekoite-preprod.fr\/pepiniere\/wp-content\/uploads\/2025\/09\/koelreuteria-bipinnata-15.webp","width":1000,"height":750,"caption":"Savonnier"},{"@type":"BreadcrumbList","@id":"https:\/\/adekoite-preprod.fr\/pepiniere\/produit\/koelreuteria-bipinnata\/#breadcrumb","itemListElement":[{"@type":"ListItem","position":1,"name":"Accueil","item":"https:\/\/adekoite-preprod.fr\/pepiniere\/"},{"@type":"ListItem","position":2,"name":"Boutique","item":"https:\/\/adekoite-preprod.fr\/pepiniere\/boutique\/"},{"@type":"ListItem","position":3,"name":"Koelreuteria bipinnata"}]},{"@type":"WebSite","@id":"https:\/\/adekoite-preprod.fr\/pepiniere\/#website","url":"https:\/\/adekoite-preprod.fr\/pepiniere\/","name":"P\u00e9pini\u00e8re du Dandelion","description":"","potentialAction":[{"@type":"SearchAction","target":{"@type":"EntryPoint","urlTemplate":"https:\/\/adekoite-preprod.fr\/pepiniere\/?s={search_term_string}"},"query-input":{"@type":"PropertyValueSpecification","valueRequired":true,"valueName":"search_term_string"}}],"inLanguage":"fr-FR"}]}},"_links":{"self":[{"href":"https:\/\/adekoite-preprod.fr\/pepiniere\/wp-json\/wp\/v2\/product\/6365","targetHints":{"allow":["GET"]}}],"collection":[{"href":"https:\/\/adekoite-preprod.fr\/pepiniere\/wp-json\/wp\/v2\/product"}],"about":[{"href":"https:\/\/adekoite-preprod.fr\/pepiniere\/wp-json\/wp\/v2\/types\/product"}],"wp:featuredmedia":[{"embeddable":true,"href":"https:\/\/adekoite-preprod.fr\/pepiniere\/wp-json\/wp\/v2\/media\/6366"}],"wp:attachment":[{"href":"https:\/\/adekoite-preprod.fr\/pepiniere\/wp-json\/wp\/v2\/media?parent=6365"}],"wp:term":[{"taxonomy":"product_brand","embeddable":true,"href":"https:\/\/adekoite-preprod.fr\/pepiniere\/wp-json\/wp\/v2\/product_brand?post=6365"},{"taxonomy":"product_cat","embeddable":true,"href":"https:\/\/adekoite-preprod.fr\/pepiniere\/wp-json\/wp\/v2\/product_cat?post=6365"},{"taxonomy":"product_tag","embeddable":true,"href":"https:\/\/adekoite-preprod.fr\/pepiniere\/wp-json\/wp\/v2\/product_tag?post=6365"}],"curies":[{"name":"wp","href":"https:\/\/api.w.org\/{rel}","templated":true}]}}