{"id":6377,"date":"2025-09-17T13:56:42","date_gmt":"2025-09-17T11:56:42","guid":{"rendered":"https:\/\/adekoite-preprod.fr\/pepiniere\/?post_type=product&#038;p=6377"},"modified":"2026-01-08T17:07:36","modified_gmt":"2026-01-08T16:07:36","slug":"maclura-pomifera","status":"publish","type":"product","link":"https:\/\/adekoite-preprod.fr\/pepiniere\/produit\/maclura-pomifera\/","title":{"rendered":"Maclura pomifera"},"content":{"rendered":"<p>L\u2019Oranger des Osages (Maclura pomifera) est un arbre \u00e0 <strong>croissance rapide<\/strong> pouvant atteindre les 20 m\u00e8ttres. C\u2019est un dur \u00e0 cuire, capable de d\u00e9fier le froid (jusqu\u2019\u00e0 -28\u00b0C), la s\u00e9cheresse, la pollution et les fortes chaleurs.<br \/>\nIl offre de belles teintes automnales, et ses fruits sph\u00e9riques verd\u00e2tres (non comestibles, de la taille d\u2019une orange) en font un arbre ornemental et original.<\/p>\n<p>On gardera en t\u00eate que c\u2019est un arbre \u00e9pineux qu\u2019on \u00e9vitera de placer proche du passage des voitures, il par contre \u00eatre tr\u00e8s utile en haie d\u00e9fensive.<br \/>\nPeu exigeant, il s\u2019adapte \u00e0 presque tous les sols, m\u00eame pauvres ou calcaires, mais pr\u00e9f\u00e8re un sol profond et drainant. Il appr\u00e9cie le plein soleil et demande peu d\u2019entretien.<\/p>\n<h3>Origine de [nom_produit] \ud83c\udf0e<\/h3>\n<p>Originaire du sud et du centre des \u00c9tats-Unis, il est appr\u00e9ci\u00e9 depuis longtemps pour sa robustesse et son adaptabilit\u00e9.<\/p>\n<h3>Description physique de [nom_produit] \ud83c\udf3f<\/h3>\n<p>Cet arbre caduc peut atteindre jusqu\u2019\u00e0 20 m\u00e8tres de haut avec une croissance rapide. Ses grandes feuilles vert brillant prennent de belles teintes jaunes \u00e0 l\u2019automne avant de tomber. Les branches sont arm\u00e9es d\u2019\u00e9pines de pr\u00e8s de 4 cm. La floraison a lieu en \u00e9t\u00e9 ; les fleurs m\u00e2les et femelles, discr\u00e8tes, sont port\u00e9es par des arbres distincts. Les fruits sph\u00e9riques, verd\u00e2tres, de la taille d\u2019une orange ou d\u2019un pamplemousse, ne sont pas comestibles et sont remplis d\u2019un jus laiteux.<\/p>\n<h3>Avantages de [nom_produit] \u2728<\/h3>\n<ul>\n<li><strong>R\u00e9sistance<\/strong> : Maclura pomifera est r\u00e9sistant \u00e0 presque tous les facteurs environnementaux, ce qui en fait un arbre tr\u00e8s robuste et sans entretien.<\/li>\n<li><strong>Esth\u00e9tique g\u00e9n\u00e9rale<\/strong> : Son feuillage aux jolies teintes automnales et ses fruits en font un arbre ornemental tr\u00e8s int\u00e9ressant.<\/li>\n<li><strong>Adaptabilit\u00e9<\/strong> : Il peut \u00eatre conduit en haie et supporte tr\u00e8s bien la taille, ce qui le rend polyvalent pour divers usages paysagers.<\/li>\n<\/ul>\n","protected":false},"excerpt":{"rendered":"<p>Maclura pomifera est un arbre ornemental \u00e9pineux et ultra-robuste, id\u00e9al pour faire face aux d\u00e9fis climatiques : il r\u00e9siste au froid, \u00e0 la s\u00e9cheresse, \u00e0 la chaleur et m\u00eame \u00e0 la pollution. Il poss\u00e8de un joli feuillage brillant qui vire au dor\u00e9 en automne. Il produit de gros fruits d\u00e9coratifs, non comestibles, sur les pieds femelles.<\/p>\n","protected":false},"featured_media":6378,"template":"","meta":{"_acf_changed":false},"product_brand":[],"product_cat":[110,116],"product_tag":[],"class_list":{"0":"post-6377","1":"product","2":"type-product","3":"status-publish","4":"has-post-thumbnail","6":"product_cat-arbres-et-arbustes","7":"product_cat-plantes-pour-2050","9":"first","10":"instock","11":"taxable","12":"shipping-taxable","13":"purchasable","14":"product-type-simple"},"acf":[],"yoast_head":"<!-- This site is optimized with the Yoast SEO plugin v27.0 - https:\/\/yoast.com\/product\/yoast-seo-wordpress\/ -->\n<title>Maclura pomifera ou Orang\u00e9 des osages | Vente en ligne - P\u00e9pini\u00e8re du Dandelion<\/title>\n<meta name=\"description\" content=\"Maclura pomifera est un arbre ornemental \u00e9pineux et ultra-robuste, id\u00e9al pour faire face aux d\u00e9fis climatiques : il r\u00e9siste au froid, \u00e0 la s\u00e9cheresse, \u00e0 la chaleur et m\u00eame \u00e0 la pollution\" \/>\n<meta name=\"robots\" content=\"noindex, follow, max-snippet:-1, max-image-preview:large, max-video-preview:-1\" \/>\n<meta property=\"og:locale\" content=\"fr_FR\" \/>\n<meta property=\"og:type\" content=\"article\" \/>\n<meta property=\"og:title\" content=\"Maclura pomifera ou Orang\u00e9 des osages | Vente en ligne - P\u00e9pini\u00e8re du Dandelion\" \/>\n<meta property=\"og:description\" content=\"Maclura pomifera est un arbre ornemental \u00e9pineux et ultra-robuste, id\u00e9al pour faire face aux d\u00e9fis climatiques : il r\u00e9siste au froid, \u00e0 la s\u00e9cheresse, \u00e0 la chaleur et m\u00eame \u00e0 la pollution\" \/>\n<meta property=\"og:url\" content=\"https:\/\/adekoite-preprod.fr\/pepiniere\/produit\/maclura-pomifera\/\" \/>\n<meta property=\"og:site_name\" content=\"P\u00e9pini\u00e8re du Dandelion\" \/>\n<meta property=\"article:modified_time\" content=\"2026-01-08T16:07:36+00:00\" \/>\n<meta property=\"og:image\" content=\"https:\/\/adekoite-preprod.fr\/pepiniere\/wp-content\/uploads\/2025\/09\/maclura-pomifera-11.webp\" \/>\n\t<meta property=\"og:image:width\" content=\"750\" \/>\n\t<meta property=\"og:image:height\" content=\"1000\" \/>\n\t<meta property=\"og:image:type\" content=\"image\/webp\" \/>\n<meta name=\"twitter:card\" content=\"summary_large_image\" \/>\n<meta name=\"twitter:label1\" content=\"Dur\u00e9e de lecture estim\u00e9e\" \/>\n\t<meta name=\"twitter:data1\" content=\"2 minutes\" \/>\n<script type=\"application\/ld+json\" class=\"yoast-schema-graph\">{\"@context\":\"https:\/\/schema.org\",\"@graph\":[{\"@type\":\"WebPage\",\"@id\":\"https:\/\/adekoite-preprod.fr\/pepiniere\/produit\/maclura-pomifera\/\",\"url\":\"https:\/\/adekoite-preprod.fr\/pepiniere\/produit\/maclura-pomifera\/\",\"name\":\"Maclura pomifera ou Orang\u00e9 des osages | Vente en ligne - P\u00e9pini\u00e8re du Dandelion\",\"isPartOf\":{\"@id\":\"https:\/\/adekoite-preprod.fr\/pepiniere\/#website\"},\"primaryImageOfPage\":{\"@id\":\"https:\/\/adekoite-preprod.fr\/pepiniere\/produit\/maclura-pomifera\/#primaryimage\"},\"image\":{\"@id\":\"https:\/\/adekoite-preprod.fr\/pepiniere\/produit\/maclura-pomifera\/#primaryimage\"},\"thumbnailUrl\":\"https:\/\/adekoite-preprod.fr\/pepiniere\/wp-content\/uploads\/2025\/09\/maclura-pomifera-11.webp\",\"datePublished\":\"2025-09-17T11:56:42+00:00\",\"dateModified\":\"2026-01-08T16:07:36+00:00\",\"description\":\"Maclura pomifera est un arbre ornemental \u00e9pineux et ultra-robuste, id\u00e9al pour faire face aux d\u00e9fis climatiques : il r\u00e9siste au froid, \u00e0 la s\u00e9cheresse, \u00e0 la chaleur et m\u00eame \u00e0 la pollution\",\"breadcrumb\":{\"@id\":\"https:\/\/adekoite-preprod.fr\/pepiniere\/produit\/maclura-pomifera\/#breadcrumb\"},\"inLanguage\":\"fr-FR\",\"potentialAction\":[{\"@type\":\"ReadAction\",\"target\":[\"https:\/\/adekoite-preprod.fr\/pepiniere\/produit\/maclura-pomifera\/\"]}]},{\"@type\":\"ImageObject\",\"inLanguage\":\"fr-FR\",\"@id\":\"https:\/\/adekoite-preprod.fr\/pepiniere\/produit\/maclura-pomifera\/#primaryimage\",\"url\":\"https:\/\/adekoite-preprod.fr\/pepiniere\/wp-content\/uploads\/2025\/09\/maclura-pomifera-11.webp\",\"contentUrl\":\"https:\/\/adekoite-preprod.fr\/pepiniere\/wp-content\/uploads\/2025\/09\/maclura-pomifera-11.webp\",\"width\":750,\"height\":1000,\"caption\":\"Maclura pomifera\"},{\"@type\":\"BreadcrumbList\",\"@id\":\"https:\/\/adekoite-preprod.fr\/pepiniere\/produit\/maclura-pomifera\/#breadcrumb\",\"itemListElement\":[{\"@type\":\"ListItem\",\"position\":1,\"name\":\"Accueil\",\"item\":\"https:\/\/adekoite-preprod.fr\/pepiniere\/\"},{\"@type\":\"ListItem\",\"position\":2,\"name\":\"Boutique\",\"item\":\"https:\/\/adekoite-preprod.fr\/pepiniere\/boutique\/\"},{\"@type\":\"ListItem\",\"position\":3,\"name\":\"Maclura pomifera\"}]},{\"@type\":\"WebSite\",\"@id\":\"https:\/\/adekoite-preprod.fr\/pepiniere\/#website\",\"url\":\"https:\/\/adekoite-preprod.fr\/pepiniere\/\",\"name\":\"P\u00e9pini\u00e8re du Dandelion\",\"description\":\"\",\"potentialAction\":[{\"@type\":\"SearchAction\",\"target\":{\"@type\":\"EntryPoint\",\"urlTemplate\":\"https:\/\/adekoite-preprod.fr\/pepiniere\/?s={search_term_string}\"},\"query-input\":{\"@type\":\"PropertyValueSpecification\",\"valueRequired\":true,\"valueName\":\"search_term_string\"}}],\"inLanguage\":\"fr-FR\"}]}<\/script>\n<!-- \/ Yoast SEO plugin. -->","yoast_head_json":{"title":"Maclura pomifera ou Orang\u00e9 des osages | Vente en ligne - P\u00e9pini\u00e8re du Dandelion","description":"Maclura pomifera est un arbre ornemental \u00e9pineux et ultra-robuste, id\u00e9al pour faire face aux d\u00e9fis climatiques : il r\u00e9siste au froid, \u00e0 la s\u00e9cheresse, \u00e0 la chaleur et m\u00eame \u00e0 la pollution","robots":{"index":"noindex","follow":"follow","max-snippet":"max-snippet:-1","max-image-preview":"max-image-preview:large","max-video-preview":"max-video-preview:-1"},"og_locale":"fr_FR","og_type":"article","og_title":"Maclura pomifera ou Orang\u00e9 des osages | Vente en ligne - P\u00e9pini\u00e8re du Dandelion","og_description":"Maclura pomifera est un arbre ornemental \u00e9pineux et ultra-robuste, id\u00e9al pour faire face aux d\u00e9fis climatiques : il r\u00e9siste au froid, \u00e0 la s\u00e9cheresse, \u00e0 la chaleur et m\u00eame \u00e0 la pollution","og_url":"https:\/\/adekoite-preprod.fr\/pepiniere\/produit\/maclura-pomifera\/","og_site_name":"P\u00e9pini\u00e8re du Dandelion","article_modified_time":"2026-01-08T16:07:36+00:00","og_image":[{"width":750,"height":1000,"url":"https:\/\/adekoite-preprod.fr\/pepiniere\/wp-content\/uploads\/2025\/09\/maclura-pomifera-11.webp","type":"image\/webp"}],"twitter_card":"summary_large_image","twitter_misc":{"Dur\u00e9e de lecture estim\u00e9e":"2 minutes"},"schema":{"@context":"https:\/\/schema.org","@graph":[{"@type":"WebPage","@id":"https:\/\/adekoite-preprod.fr\/pepiniere\/produit\/maclura-pomifera\/","url":"https:\/\/adekoite-preprod.fr\/pepiniere\/produit\/maclura-pomifera\/","name":"Maclura pomifera ou Orang\u00e9 des osages | Vente en ligne - P\u00e9pini\u00e8re du Dandelion","isPartOf":{"@id":"https:\/\/adekoite-preprod.fr\/pepiniere\/#website"},"primaryImageOfPage":{"@id":"https:\/\/adekoite-preprod.fr\/pepiniere\/produit\/maclura-pomifera\/#primaryimage"},"image":{"@id":"https:\/\/adekoite-preprod.fr\/pepiniere\/produit\/maclura-pomifera\/#primaryimage"},"thumbnailUrl":"https:\/\/adekoite-preprod.fr\/pepiniere\/wp-content\/uploads\/2025\/09\/maclura-pomifera-11.webp","datePublished":"2025-09-17T11:56:42+00:00","dateModified":"2026-01-08T16:07:36+00:00","description":"Maclura pomifera est un arbre ornemental \u00e9pineux et ultra-robuste, id\u00e9al pour faire face aux d\u00e9fis climatiques : il r\u00e9siste au froid, \u00e0 la s\u00e9cheresse, \u00e0 la chaleur et m\u00eame \u00e0 la pollution","breadcrumb":{"@id":"https:\/\/adekoite-preprod.fr\/pepiniere\/produit\/maclura-pomifera\/#breadcrumb"},"inLanguage":"fr-FR","potentialAction":[{"@type":"ReadAction","target":["https:\/\/adekoite-preprod.fr\/pepiniere\/produit\/maclura-pomifera\/"]}]},{"@type":"ImageObject","inLanguage":"fr-FR","@id":"https:\/\/adekoite-preprod.fr\/pepiniere\/produit\/maclura-pomifera\/#primaryimage","url":"https:\/\/adekoite-preprod.fr\/pepiniere\/wp-content\/uploads\/2025\/09\/maclura-pomifera-11.webp","contentUrl":"https:\/\/adekoite-preprod.fr\/pepiniere\/wp-content\/uploads\/2025\/09\/maclura-pomifera-11.webp","width":750,"height":1000,"caption":"Maclura pomifera"},{"@type":"BreadcrumbList","@id":"https:\/\/adekoite-preprod.fr\/pepiniere\/produit\/maclura-pomifera\/#breadcrumb","itemListElement":[{"@type":"ListItem","position":1,"name":"Accueil","item":"https:\/\/adekoite-preprod.fr\/pepiniere\/"},{"@type":"ListItem","position":2,"name":"Boutique","item":"https:\/\/adekoite-preprod.fr\/pepiniere\/boutique\/"},{"@type":"ListItem","position":3,"name":"Maclura pomifera"}]},{"@type":"WebSite","@id":"https:\/\/adekoite-preprod.fr\/pepiniere\/#website","url":"https:\/\/adekoite-preprod.fr\/pepiniere\/","name":"P\u00e9pini\u00e8re du Dandelion","description":"","potentialAction":[{"@type":"SearchAction","target":{"@type":"EntryPoint","urlTemplate":"https:\/\/adekoite-preprod.fr\/pepiniere\/?s={search_term_string}"},"query-input":{"@type":"PropertyValueSpecification","valueRequired":true,"valueName":"search_term_string"}}],"inLanguage":"fr-FR"}]}},"_links":{"self":[{"href":"https:\/\/adekoite-preprod.fr\/pepiniere\/wp-json\/wp\/v2\/product\/6377","targetHints":{"allow":["GET"]}}],"collection":[{"href":"https:\/\/adekoite-preprod.fr\/pepiniere\/wp-json\/wp\/v2\/product"}],"about":[{"href":"https:\/\/adekoite-preprod.fr\/pepiniere\/wp-json\/wp\/v2\/types\/product"}],"wp:featuredmedia":[{"embeddable":true,"href":"https:\/\/adekoite-preprod.fr\/pepiniere\/wp-json\/wp\/v2\/media\/6378"}],"wp:attachment":[{"href":"https:\/\/adekoite-preprod.fr\/pepiniere\/wp-json\/wp\/v2\/media?parent=6377"}],"wp:term":[{"taxonomy":"product_brand","embeddable":true,"href":"https:\/\/adekoite-preprod.fr\/pepiniere\/wp-json\/wp\/v2\/product_brand?post=6377"},{"taxonomy":"product_cat","embeddable":true,"href":"https:\/\/adekoite-preprod.fr\/pepiniere\/wp-json\/wp\/v2\/product_cat?post=6377"},{"taxonomy":"product_tag","embeddable":true,"href":"https:\/\/adekoite-preprod.fr\/pepiniere\/wp-json\/wp\/v2\/product_tag?post=6377"}],"curies":[{"name":"wp","href":"https:\/\/api.w.org\/{rel}","templated":true}]}}