{"id":6385,"date":"2025-09-17T16:58:00","date_gmt":"2025-09-17T14:58:00","guid":{"rendered":"https:\/\/adekoite-preprod.fr\/pepiniere\/?post_type=product&#038;p=6385"},"modified":"2026-01-08T17:07:52","modified_gmt":"2026-01-08T16:07:52","slug":"melia-azedarach","status":"publish","type":"product","link":"https:\/\/adekoite-preprod.fr\/pepiniere\/produit\/melia-azedarach\/","title":{"rendered":"Melia azedarach"},"content":{"rendered":"<p>Melia azedarach est un petit arbre caduc, pouvant atteindre 12 m\u00e8tres en culture, au port arrondi et l\u00e9ger. Ses fleurs printani\u00e8res, blanches \u00e0 ros\u00e9es, sont parfum\u00e9es et regroup\u00e9es en grappes. En automne, elles laissent place \u00e0 de petites drupes dor\u00e9es, tr\u00e8s d\u00e9coratives, qui persistent une partie de l\u2019hiver. Relativement rustique, il supporte -12 \u00b0C et au-del\u00e0. Il supporte bien la s\u00e9cheresse et n\u2019est pas tr\u00e8s exigeant pour le sol.<\/p>\n<h3>Origine de [nom_produit] \ud83c\udf0e<\/h3>\n<p>Le Lilas de Perse est originaire du sud-est de l\u2019Asie, pr\u00e9sent notamment en Chine et au nord de l\u2019Inde<\/p>\n<h3>Description physique de [nom_produit] \ud83c\udf3f<\/h3>\n<p>En culture, Melia azedarach garde des dimensions raisonnables (environ 12 m\u00e8tres), lui permettant de s\u2019int\u00e9grer dans de nombreux jardins. Ses branches forment une couronne a\u00e9r\u00e9e, portant des feuilles longues de 45 \u00e0 50 cm, compos\u00e9es de nombreux folioles, et offrant une ombre claire.<br \/>\nAu printemps, l\u2019arbre se couvre d\u2019une multitude de petites fleurs \u00e9toil\u00e9es, blanches \u00e0 lilas, l\u00e9g\u00e8rement parfum\u00e9es et mellif\u00e8res.<br \/>\nEn automne, apparaissent des fruits dor\u00e9s, ronds et persistants, qui d\u00e9corent l\u2019arbre m\u00eame apr\u00e8s la chute du feuillage.<\/p>\n<h3>Avantages de [nom_produit] \u2728<\/h3>\n<ul>\n<li><strong>Floraison parfum\u00e9e et mellif\u00e8re<\/strong> : Les fleurs attirent de nombreux insectes pollinisateurs.<\/li>\n<li><strong>Fruits d\u00e9coratifs<\/strong> : Petites drupes dor\u00e9es qui restent longtemps sur l\u2019arbre, apportant un int\u00e9r\u00eat visuel en hiver.<\/li>\n<li><strong>Croissance rapide<\/strong> : Il forme vite un bel arbre capable de fournir de l\u2019ombre.<\/li>\n<li><strong>R\u00e9sistance \u00e0 la chaleur et \u00e0 la s\u00e9cheresse<\/strong> : Il aime la chaleur et tol\u00e8re bien la s\u00e9cheresse, m\u00eame sur un sol pauvre.<\/li>\n<\/ul>\n","protected":false},"excerpt":{"rendered":"<p>Melia azedarach, aussi connu sous le nom de Margousier, est un arbre ornemental \u00e9l\u00e9gant et robuste. Il offre une jolie floraison, un feuillage d\u00e9licat et des fruits d\u00e9coratifs en automne. De croissance rapide, il ne demande pas grand-chose pour s\u2019\u00e9panouir.<\/p>\n","protected":false},"featured_media":6386,"template":"","meta":{"_acf_changed":false},"product_brand":[],"product_cat":[110,116],"product_tag":[],"class_list":{"0":"post-6385","1":"product","2":"type-product","3":"status-publish","4":"has-post-thumbnail","6":"product_cat-arbres-et-arbustes","7":"product_cat-plantes-pour-2050","9":"first","10":"instock","11":"taxable","12":"shipping-taxable","13":"purchasable","14":"product-type-simple"},"acf":[],"yoast_head":"<!-- This site is optimized with the Yoast SEO plugin v27.0 - https:\/\/yoast.com\/product\/yoast-seo-wordpress\/ -->\n<title>Melia azedarach ou Lilas de Perse en vente sur le site de la P\u00e9pini\u00e8re du Dandelion<\/title>\n<meta name=\"description\" content=\"Melia azedarach, aussi connu sous le nom de Margousier, est un arbre ornemental \u00e9l\u00e9gant et robuste. Il offre une jolie floraison, un feuillage d\u00e9licat et des fruits d\u00e9coratifs en automne.\" \/>\n<meta name=\"robots\" content=\"noindex, follow, max-snippet:-1, max-image-preview:large, max-video-preview:-1\" \/>\n<meta property=\"og:locale\" content=\"fr_FR\" \/>\n<meta property=\"og:type\" content=\"article\" \/>\n<meta property=\"og:title\" content=\"Melia azedarach ou Lilas de Perse en vente sur le site de la P\u00e9pini\u00e8re du Dandelion\" \/>\n<meta property=\"og:description\" content=\"Melia azedarach, aussi connu sous le nom de Margousier, est un arbre ornemental \u00e9l\u00e9gant et robuste. Il offre une jolie floraison, un feuillage d\u00e9licat et des fruits d\u00e9coratifs en automne.\" \/>\n<meta property=\"og:url\" content=\"https:\/\/adekoite-preprod.fr\/pepiniere\/produit\/melia-azedarach\/\" \/>\n<meta property=\"og:site_name\" content=\"P\u00e9pini\u00e8re du Dandelion\" \/>\n<meta property=\"article:modified_time\" content=\"2026-01-08T16:07:52+00:00\" \/>\n<meta property=\"og:image\" content=\"https:\/\/adekoite-preprod.fr\/pepiniere\/wp-content\/uploads\/2025\/09\/melia-azedarach.webp\" \/>\n\t<meta property=\"og:image:width\" content=\"1000\" \/>\n\t<meta property=\"og:image:height\" content=\"741\" \/>\n\t<meta property=\"og:image:type\" content=\"image\/webp\" \/>\n<meta name=\"twitter:card\" content=\"summary_large_image\" \/>\n<meta name=\"twitter:label1\" content=\"Dur\u00e9e de lecture estim\u00e9e\" \/>\n\t<meta name=\"twitter:data1\" content=\"2 minutes\" \/>\n<script type=\"application\/ld+json\" class=\"yoast-schema-graph\">{\"@context\":\"https:\/\/schema.org\",\"@graph\":[{\"@type\":\"WebPage\",\"@id\":\"https:\/\/adekoite-preprod.fr\/pepiniere\/produit\/melia-azedarach\/\",\"url\":\"https:\/\/adekoite-preprod.fr\/pepiniere\/produit\/melia-azedarach\/\",\"name\":\"Melia azedarach ou Lilas de Perse en vente sur le site de la P\u00e9pini\u00e8re du Dandelion\",\"isPartOf\":{\"@id\":\"https:\/\/adekoite-preprod.fr\/pepiniere\/#website\"},\"primaryImageOfPage\":{\"@id\":\"https:\/\/adekoite-preprod.fr\/pepiniere\/produit\/melia-azedarach\/#primaryimage\"},\"image\":{\"@id\":\"https:\/\/adekoite-preprod.fr\/pepiniere\/produit\/melia-azedarach\/#primaryimage\"},\"thumbnailUrl\":\"https:\/\/adekoite-preprod.fr\/pepiniere\/wp-content\/uploads\/2025\/09\/melia-azedarach.webp\",\"datePublished\":\"2025-09-17T14:58:00+00:00\",\"dateModified\":\"2026-01-08T16:07:52+00:00\",\"description\":\"Melia azedarach, aussi connu sous le nom de Margousier, est un arbre ornemental \u00e9l\u00e9gant et robuste. Il offre une jolie floraison, un feuillage d\u00e9licat et des fruits d\u00e9coratifs en automne.\",\"breadcrumb\":{\"@id\":\"https:\/\/adekoite-preprod.fr\/pepiniere\/produit\/melia-azedarach\/#breadcrumb\"},\"inLanguage\":\"fr-FR\",\"potentialAction\":[{\"@type\":\"ReadAction\",\"target\":[\"https:\/\/adekoite-preprod.fr\/pepiniere\/produit\/melia-azedarach\/\"]}]},{\"@type\":\"ImageObject\",\"inLanguage\":\"fr-FR\",\"@id\":\"https:\/\/adekoite-preprod.fr\/pepiniere\/produit\/melia-azedarach\/#primaryimage\",\"url\":\"https:\/\/adekoite-preprod.fr\/pepiniere\/wp-content\/uploads\/2025\/09\/melia-azedarach.webp\",\"contentUrl\":\"https:\/\/adekoite-preprod.fr\/pepiniere\/wp-content\/uploads\/2025\/09\/melia-azedarach.webp\",\"width\":1000,\"height\":741,\"caption\":\"Lilas de Perse\"},{\"@type\":\"BreadcrumbList\",\"@id\":\"https:\/\/adekoite-preprod.fr\/pepiniere\/produit\/melia-azedarach\/#breadcrumb\",\"itemListElement\":[{\"@type\":\"ListItem\",\"position\":1,\"name\":\"Accueil\",\"item\":\"https:\/\/adekoite-preprod.fr\/pepiniere\/\"},{\"@type\":\"ListItem\",\"position\":2,\"name\":\"Boutique\",\"item\":\"https:\/\/adekoite-preprod.fr\/pepiniere\/boutique\/\"},{\"@type\":\"ListItem\",\"position\":3,\"name\":\"Melia azedarach\"}]},{\"@type\":\"WebSite\",\"@id\":\"https:\/\/adekoite-preprod.fr\/pepiniere\/#website\",\"url\":\"https:\/\/adekoite-preprod.fr\/pepiniere\/\",\"name\":\"P\u00e9pini\u00e8re du Dandelion\",\"description\":\"\",\"potentialAction\":[{\"@type\":\"SearchAction\",\"target\":{\"@type\":\"EntryPoint\",\"urlTemplate\":\"https:\/\/adekoite-preprod.fr\/pepiniere\/?s={search_term_string}\"},\"query-input\":{\"@type\":\"PropertyValueSpecification\",\"valueRequired\":true,\"valueName\":\"search_term_string\"}}],\"inLanguage\":\"fr-FR\"}]}<\/script>\n<!-- \/ Yoast SEO plugin. -->","yoast_head_json":{"title":"Melia azedarach ou Lilas de Perse en vente sur le site de la P\u00e9pini\u00e8re du Dandelion","description":"Melia azedarach, aussi connu sous le nom de Margousier, est un arbre ornemental \u00e9l\u00e9gant et robuste. Il offre une jolie floraison, un feuillage d\u00e9licat et des fruits d\u00e9coratifs en automne.","robots":{"index":"noindex","follow":"follow","max-snippet":"max-snippet:-1","max-image-preview":"max-image-preview:large","max-video-preview":"max-video-preview:-1"},"og_locale":"fr_FR","og_type":"article","og_title":"Melia azedarach ou Lilas de Perse en vente sur le site de la P\u00e9pini\u00e8re du Dandelion","og_description":"Melia azedarach, aussi connu sous le nom de Margousier, est un arbre ornemental \u00e9l\u00e9gant et robuste. Il offre une jolie floraison, un feuillage d\u00e9licat et des fruits d\u00e9coratifs en automne.","og_url":"https:\/\/adekoite-preprod.fr\/pepiniere\/produit\/melia-azedarach\/","og_site_name":"P\u00e9pini\u00e8re du Dandelion","article_modified_time":"2026-01-08T16:07:52+00:00","og_image":[{"width":1000,"height":741,"url":"https:\/\/adekoite-preprod.fr\/pepiniere\/wp-content\/uploads\/2025\/09\/melia-azedarach.webp","type":"image\/webp"}],"twitter_card":"summary_large_image","twitter_misc":{"Dur\u00e9e de lecture estim\u00e9e":"2 minutes"},"schema":{"@context":"https:\/\/schema.org","@graph":[{"@type":"WebPage","@id":"https:\/\/adekoite-preprod.fr\/pepiniere\/produit\/melia-azedarach\/","url":"https:\/\/adekoite-preprod.fr\/pepiniere\/produit\/melia-azedarach\/","name":"Melia azedarach ou Lilas de Perse en vente sur le site de la P\u00e9pini\u00e8re du Dandelion","isPartOf":{"@id":"https:\/\/adekoite-preprod.fr\/pepiniere\/#website"},"primaryImageOfPage":{"@id":"https:\/\/adekoite-preprod.fr\/pepiniere\/produit\/melia-azedarach\/#primaryimage"},"image":{"@id":"https:\/\/adekoite-preprod.fr\/pepiniere\/produit\/melia-azedarach\/#primaryimage"},"thumbnailUrl":"https:\/\/adekoite-preprod.fr\/pepiniere\/wp-content\/uploads\/2025\/09\/melia-azedarach.webp","datePublished":"2025-09-17T14:58:00+00:00","dateModified":"2026-01-08T16:07:52+00:00","description":"Melia azedarach, aussi connu sous le nom de Margousier, est un arbre ornemental \u00e9l\u00e9gant et robuste. Il offre une jolie floraison, un feuillage d\u00e9licat et des fruits d\u00e9coratifs en automne.","breadcrumb":{"@id":"https:\/\/adekoite-preprod.fr\/pepiniere\/produit\/melia-azedarach\/#breadcrumb"},"inLanguage":"fr-FR","potentialAction":[{"@type":"ReadAction","target":["https:\/\/adekoite-preprod.fr\/pepiniere\/produit\/melia-azedarach\/"]}]},{"@type":"ImageObject","inLanguage":"fr-FR","@id":"https:\/\/adekoite-preprod.fr\/pepiniere\/produit\/melia-azedarach\/#primaryimage","url":"https:\/\/adekoite-preprod.fr\/pepiniere\/wp-content\/uploads\/2025\/09\/melia-azedarach.webp","contentUrl":"https:\/\/adekoite-preprod.fr\/pepiniere\/wp-content\/uploads\/2025\/09\/melia-azedarach.webp","width":1000,"height":741,"caption":"Lilas de Perse"},{"@type":"BreadcrumbList","@id":"https:\/\/adekoite-preprod.fr\/pepiniere\/produit\/melia-azedarach\/#breadcrumb","itemListElement":[{"@type":"ListItem","position":1,"name":"Accueil","item":"https:\/\/adekoite-preprod.fr\/pepiniere\/"},{"@type":"ListItem","position":2,"name":"Boutique","item":"https:\/\/adekoite-preprod.fr\/pepiniere\/boutique\/"},{"@type":"ListItem","position":3,"name":"Melia azedarach"}]},{"@type":"WebSite","@id":"https:\/\/adekoite-preprod.fr\/pepiniere\/#website","url":"https:\/\/adekoite-preprod.fr\/pepiniere\/","name":"P\u00e9pini\u00e8re du Dandelion","description":"","potentialAction":[{"@type":"SearchAction","target":{"@type":"EntryPoint","urlTemplate":"https:\/\/adekoite-preprod.fr\/pepiniere\/?s={search_term_string}"},"query-input":{"@type":"PropertyValueSpecification","valueRequired":true,"valueName":"search_term_string"}}],"inLanguage":"fr-FR"}]}},"_links":{"self":[{"href":"https:\/\/adekoite-preprod.fr\/pepiniere\/wp-json\/wp\/v2\/product\/6385","targetHints":{"allow":["GET"]}}],"collection":[{"href":"https:\/\/adekoite-preprod.fr\/pepiniere\/wp-json\/wp\/v2\/product"}],"about":[{"href":"https:\/\/adekoite-preprod.fr\/pepiniere\/wp-json\/wp\/v2\/types\/product"}],"wp:featuredmedia":[{"embeddable":true,"href":"https:\/\/adekoite-preprod.fr\/pepiniere\/wp-json\/wp\/v2\/media\/6386"}],"wp:attachment":[{"href":"https:\/\/adekoite-preprod.fr\/pepiniere\/wp-json\/wp\/v2\/media?parent=6385"}],"wp:term":[{"taxonomy":"product_brand","embeddable":true,"href":"https:\/\/adekoite-preprod.fr\/pepiniere\/wp-json\/wp\/v2\/product_brand?post=6385"},{"taxonomy":"product_cat","embeddable":true,"href":"https:\/\/adekoite-preprod.fr\/pepiniere\/wp-json\/wp\/v2\/product_cat?post=6385"},{"taxonomy":"product_tag","embeddable":true,"href":"https:\/\/adekoite-preprod.fr\/pepiniere\/wp-json\/wp\/v2\/product_tag?post=6385"}],"curies":[{"name":"wp","href":"https:\/\/api.w.org\/{rel}","templated":true}]}}