{"id":6406,"date":"2025-09-18T10:18:21","date_gmt":"2025-09-18T08:18:21","guid":{"rendered":"https:\/\/adekoite-preprod.fr\/pepiniere\/?post_type=product&#038;p=6406"},"modified":"2026-01-08T17:08:43","modified_gmt":"2026-01-08T16:08:43","slug":"sophora-secundiflora","status":"publish","type":"product","link":"https:\/\/adekoite-preprod.fr\/pepiniere\/produit\/sophora-secundiflora\/","title":{"rendered":"Sophora secundiflora"},"content":{"rendered":"<p>Sophora secundiflora est un petit arbre ou arbuste persistant pouvant atteindre 10 m\u00e8tres de haut. Il offre un <strong>spectacle \u00e9poustouflant au printemps<\/strong> : ses grappes de fleurs violettes et parfum\u00e9es recouvrent enti\u00e8rement ses branches, attirant nombre de pollinisateurs.<\/p>\n<p><strong>Facile \u00e0 cultiver<\/strong>, il demande simplement un sol bien drainant et le plein soleil. Ultra-r\u00e9sistant \u00e0 la s\u00e9cheresse, il supporte les \u00e9t\u00e9s chauds et s\u2019adapte parfaitement aux climats urbains.<br \/>\nUn peu frileux (-10 \u00b0C \u00e0 -12 \u00b0C), on le r\u00e9servera plut\u00f4t aux r\u00e9gions aux hivers doux.<br \/>\nUn arbre ornemental, r\u00e9silient et sans entretien, <strong>id\u00e9al pour les jardins secs ou les espaces urbains<\/strong> en qu\u00eate de couleur et de parfum.<\/p>\n<h3>Origine de [nom_produit] \ud83c\udf0e<\/h3>\n<p>Originaire du sud-ouest des \u00c9tats-Unis et du nord du Mexique, il est bien adapt\u00e9 aux climats chauds et secs.<\/p>\n<h3>Description physique de [nom_produit] \ud83c\udf3f<\/h3>\n<p>Cet arbre \u00e0 feuilles persistantes peut atteindre environ 10 m\u00e8tres de haut. Sa floraison, tr\u00e8s abondante, en grappes, est de couleur bleu-violet et tr\u00e8s parfum\u00e9e, ce qui le rend particuli\u00e8rement attractif.<\/p>\n<h3>Avantages de [nom_produit] \u2728<\/h3>\n<ul>\n<li><strong>Ornemental<\/strong> : sa floraison printani\u00e8re est un r\u00e9gal pour les yeux et les insectes. Son port en fait un bon choix pour les jardins et les espaces verts.<\/li>\n<li><strong>R\u00e9sistance \u00e0 la s\u00e9cheresse<\/strong> : tr\u00e8s r\u00e9sistant \u00e0 la s\u00e9cheresse, il est id\u00e9al pour les climats chauds et secs.<\/li>\n<li><strong>Adaptation au climat urbain<\/strong> : il s\u2019adapte tr\u00e8s bien au climat urbain, ce qui en fait un bon choix pour les plantations en ville.<\/li>\n<\/ul>\n","protected":false},"excerpt":{"rendered":"<p>Sophora secundiflora est un petit arbre ou un gros arbuste absolument spectaculaire au printemps, lorsqu\u2019il se couvre d\u2019une multitude de grappes de fleurs violettes et parfum\u00e9es.<br \/>\nC\u2019est un r\u00e9gal pour les yeux et pour les pollinisateurs !<\/p>\n","protected":false},"featured_media":6407,"template":"","meta":{"_acf_changed":false},"product_brand":[],"product_cat":[110],"product_tag":[],"class_list":{"0":"post-6406","1":"product","2":"type-product","3":"status-publish","4":"has-post-thumbnail","6":"product_cat-arbres-et-arbustes","8":"first","9":"instock","10":"taxable","11":"shipping-taxable","12":"purchasable","13":"product-type-simple"},"acf":[],"yoast_head":"<!-- This site is optimized with the Yoast SEO plugin v27.0 - https:\/\/yoast.com\/product\/yoast-seo-wordpress\/ -->\n<title>Sophora secundiflora ou Haricot mescal - P\u00e9pini\u00e8re du Dandelion<\/title>\n<meta name=\"description\" content=\"Sophora secundiflora est un petit arbre ou un gros arbuste absolument spectaculaire au printemps, lorsqu\u2019il se couvre d\u2019une multitude de grappes de fleurs violettes et parfum\u00e9es.\" \/>\n<meta name=\"robots\" content=\"noindex, follow, max-snippet:-1, max-image-preview:large, max-video-preview:-1\" \/>\n<meta property=\"og:locale\" content=\"fr_FR\" \/>\n<meta property=\"og:type\" content=\"article\" \/>\n<meta property=\"og:title\" content=\"Sophora secundiflora ou Haricot mescal - P\u00e9pini\u00e8re du Dandelion\" \/>\n<meta property=\"og:description\" content=\"Sophora secundiflora est un petit arbre ou un gros arbuste absolument spectaculaire au printemps, lorsqu\u2019il se couvre d\u2019une multitude de grappes de fleurs violettes et parfum\u00e9es.\" \/>\n<meta property=\"og:url\" content=\"https:\/\/adekoite-preprod.fr\/pepiniere\/produit\/sophora-secundiflora\/\" \/>\n<meta property=\"og:site_name\" content=\"P\u00e9pini\u00e8re du Dandelion\" \/>\n<meta property=\"article:modified_time\" content=\"2026-01-08T16:08:43+00:00\" \/>\n<meta property=\"og:image\" content=\"https:\/\/adekoite-preprod.fr\/pepiniere\/wp-content\/uploads\/2025\/09\/sophora-secundiflora-3.webp\" \/>\n\t<meta property=\"og:image:width\" content=\"712\" \/>\n\t<meta property=\"og:image:height\" content=\"1000\" \/>\n\t<meta property=\"og:image:type\" content=\"image\/webp\" \/>\n<meta name=\"twitter:card\" content=\"summary_large_image\" \/>\n<meta name=\"twitter:label1\" content=\"Dur\u00e9e de lecture estim\u00e9e\" \/>\n\t<meta name=\"twitter:data1\" content=\"2 minutes\" \/>\n<script type=\"application\/ld+json\" class=\"yoast-schema-graph\">{\"@context\":\"https:\/\/schema.org\",\"@graph\":[{\"@type\":\"WebPage\",\"@id\":\"https:\/\/adekoite-preprod.fr\/pepiniere\/produit\/sophora-secundiflora\/\",\"url\":\"https:\/\/adekoite-preprod.fr\/pepiniere\/produit\/sophora-secundiflora\/\",\"name\":\"Sophora secundiflora ou Haricot mescal - P\u00e9pini\u00e8re du Dandelion\",\"isPartOf\":{\"@id\":\"https:\/\/adekoite-preprod.fr\/pepiniere\/#website\"},\"primaryImageOfPage\":{\"@id\":\"https:\/\/adekoite-preprod.fr\/pepiniere\/produit\/sophora-secundiflora\/#primaryimage\"},\"image\":{\"@id\":\"https:\/\/adekoite-preprod.fr\/pepiniere\/produit\/sophora-secundiflora\/#primaryimage\"},\"thumbnailUrl\":\"https:\/\/adekoite-preprod.fr\/pepiniere\/wp-content\/uploads\/2025\/09\/sophora-secundiflora-3.webp\",\"datePublished\":\"2025-09-18T08:18:21+00:00\",\"dateModified\":\"2026-01-08T16:08:43+00:00\",\"description\":\"Sophora secundiflora est un petit arbre ou un gros arbuste absolument spectaculaire au printemps, lorsqu\u2019il se couvre d\u2019une multitude de grappes de fleurs violettes et parfum\u00e9es.\",\"breadcrumb\":{\"@id\":\"https:\/\/adekoite-preprod.fr\/pepiniere\/produit\/sophora-secundiflora\/#breadcrumb\"},\"inLanguage\":\"fr-FR\",\"potentialAction\":[{\"@type\":\"ReadAction\",\"target\":[\"https:\/\/adekoite-preprod.fr\/pepiniere\/produit\/sophora-secundiflora\/\"]}]},{\"@type\":\"ImageObject\",\"inLanguage\":\"fr-FR\",\"@id\":\"https:\/\/adekoite-preprod.fr\/pepiniere\/produit\/sophora-secundiflora\/#primaryimage\",\"url\":\"https:\/\/adekoite-preprod.fr\/pepiniere\/wp-content\/uploads\/2025\/09\/sophora-secundiflora-3.webp\",\"contentUrl\":\"https:\/\/adekoite-preprod.fr\/pepiniere\/wp-content\/uploads\/2025\/09\/sophora-secundiflora-3.webp\",\"width\":712,\"height\":1000,\"caption\":\"Haricot mescal\"},{\"@type\":\"BreadcrumbList\",\"@id\":\"https:\/\/adekoite-preprod.fr\/pepiniere\/produit\/sophora-secundiflora\/#breadcrumb\",\"itemListElement\":[{\"@type\":\"ListItem\",\"position\":1,\"name\":\"Accueil\",\"item\":\"https:\/\/adekoite-preprod.fr\/pepiniere\/\"},{\"@type\":\"ListItem\",\"position\":2,\"name\":\"Boutique\",\"item\":\"https:\/\/adekoite-preprod.fr\/pepiniere\/boutique\/\"},{\"@type\":\"ListItem\",\"position\":3,\"name\":\"Sophora secundiflora\"}]},{\"@type\":\"WebSite\",\"@id\":\"https:\/\/adekoite-preprod.fr\/pepiniere\/#website\",\"url\":\"https:\/\/adekoite-preprod.fr\/pepiniere\/\",\"name\":\"P\u00e9pini\u00e8re du Dandelion\",\"description\":\"\",\"potentialAction\":[{\"@type\":\"SearchAction\",\"target\":{\"@type\":\"EntryPoint\",\"urlTemplate\":\"https:\/\/adekoite-preprod.fr\/pepiniere\/?s={search_term_string}\"},\"query-input\":{\"@type\":\"PropertyValueSpecification\",\"valueRequired\":true,\"valueName\":\"search_term_string\"}}],\"inLanguage\":\"fr-FR\"}]}<\/script>\n<!-- \/ Yoast SEO plugin. -->","yoast_head_json":{"title":"Sophora secundiflora ou Haricot mescal - P\u00e9pini\u00e8re du Dandelion","description":"Sophora secundiflora est un petit arbre ou un gros arbuste absolument spectaculaire au printemps, lorsqu\u2019il se couvre d\u2019une multitude de grappes de fleurs violettes et parfum\u00e9es.","robots":{"index":"noindex","follow":"follow","max-snippet":"max-snippet:-1","max-image-preview":"max-image-preview:large","max-video-preview":"max-video-preview:-1"},"og_locale":"fr_FR","og_type":"article","og_title":"Sophora secundiflora ou Haricot mescal - P\u00e9pini\u00e8re du Dandelion","og_description":"Sophora secundiflora est un petit arbre ou un gros arbuste absolument spectaculaire au printemps, lorsqu\u2019il se couvre d\u2019une multitude de grappes de fleurs violettes et parfum\u00e9es.","og_url":"https:\/\/adekoite-preprod.fr\/pepiniere\/produit\/sophora-secundiflora\/","og_site_name":"P\u00e9pini\u00e8re du Dandelion","article_modified_time":"2026-01-08T16:08:43+00:00","og_image":[{"width":712,"height":1000,"url":"https:\/\/adekoite-preprod.fr\/pepiniere\/wp-content\/uploads\/2025\/09\/sophora-secundiflora-3.webp","type":"image\/webp"}],"twitter_card":"summary_large_image","twitter_misc":{"Dur\u00e9e de lecture estim\u00e9e":"2 minutes"},"schema":{"@context":"https:\/\/schema.org","@graph":[{"@type":"WebPage","@id":"https:\/\/adekoite-preprod.fr\/pepiniere\/produit\/sophora-secundiflora\/","url":"https:\/\/adekoite-preprod.fr\/pepiniere\/produit\/sophora-secundiflora\/","name":"Sophora secundiflora ou Haricot mescal - P\u00e9pini\u00e8re du Dandelion","isPartOf":{"@id":"https:\/\/adekoite-preprod.fr\/pepiniere\/#website"},"primaryImageOfPage":{"@id":"https:\/\/adekoite-preprod.fr\/pepiniere\/produit\/sophora-secundiflora\/#primaryimage"},"image":{"@id":"https:\/\/adekoite-preprod.fr\/pepiniere\/produit\/sophora-secundiflora\/#primaryimage"},"thumbnailUrl":"https:\/\/adekoite-preprod.fr\/pepiniere\/wp-content\/uploads\/2025\/09\/sophora-secundiflora-3.webp","datePublished":"2025-09-18T08:18:21+00:00","dateModified":"2026-01-08T16:08:43+00:00","description":"Sophora secundiflora est un petit arbre ou un gros arbuste absolument spectaculaire au printemps, lorsqu\u2019il se couvre d\u2019une multitude de grappes de fleurs violettes et parfum\u00e9es.","breadcrumb":{"@id":"https:\/\/adekoite-preprod.fr\/pepiniere\/produit\/sophora-secundiflora\/#breadcrumb"},"inLanguage":"fr-FR","potentialAction":[{"@type":"ReadAction","target":["https:\/\/adekoite-preprod.fr\/pepiniere\/produit\/sophora-secundiflora\/"]}]},{"@type":"ImageObject","inLanguage":"fr-FR","@id":"https:\/\/adekoite-preprod.fr\/pepiniere\/produit\/sophora-secundiflora\/#primaryimage","url":"https:\/\/adekoite-preprod.fr\/pepiniere\/wp-content\/uploads\/2025\/09\/sophora-secundiflora-3.webp","contentUrl":"https:\/\/adekoite-preprod.fr\/pepiniere\/wp-content\/uploads\/2025\/09\/sophora-secundiflora-3.webp","width":712,"height":1000,"caption":"Haricot mescal"},{"@type":"BreadcrumbList","@id":"https:\/\/adekoite-preprod.fr\/pepiniere\/produit\/sophora-secundiflora\/#breadcrumb","itemListElement":[{"@type":"ListItem","position":1,"name":"Accueil","item":"https:\/\/adekoite-preprod.fr\/pepiniere\/"},{"@type":"ListItem","position":2,"name":"Boutique","item":"https:\/\/adekoite-preprod.fr\/pepiniere\/boutique\/"},{"@type":"ListItem","position":3,"name":"Sophora secundiflora"}]},{"@type":"WebSite","@id":"https:\/\/adekoite-preprod.fr\/pepiniere\/#website","url":"https:\/\/adekoite-preprod.fr\/pepiniere\/","name":"P\u00e9pini\u00e8re du Dandelion","description":"","potentialAction":[{"@type":"SearchAction","target":{"@type":"EntryPoint","urlTemplate":"https:\/\/adekoite-preprod.fr\/pepiniere\/?s={search_term_string}"},"query-input":{"@type":"PropertyValueSpecification","valueRequired":true,"valueName":"search_term_string"}}],"inLanguage":"fr-FR"}]}},"_links":{"self":[{"href":"https:\/\/adekoite-preprod.fr\/pepiniere\/wp-json\/wp\/v2\/product\/6406","targetHints":{"allow":["GET"]}}],"collection":[{"href":"https:\/\/adekoite-preprod.fr\/pepiniere\/wp-json\/wp\/v2\/product"}],"about":[{"href":"https:\/\/adekoite-preprod.fr\/pepiniere\/wp-json\/wp\/v2\/types\/product"}],"wp:featuredmedia":[{"embeddable":true,"href":"https:\/\/adekoite-preprod.fr\/pepiniere\/wp-json\/wp\/v2\/media\/6407"}],"wp:attachment":[{"href":"https:\/\/adekoite-preprod.fr\/pepiniere\/wp-json\/wp\/v2\/media?parent=6406"}],"wp:term":[{"taxonomy":"product_brand","embeddable":true,"href":"https:\/\/adekoite-preprod.fr\/pepiniere\/wp-json\/wp\/v2\/product_brand?post=6406"},{"taxonomy":"product_cat","embeddable":true,"href":"https:\/\/adekoite-preprod.fr\/pepiniere\/wp-json\/wp\/v2\/product_cat?post=6406"},{"taxonomy":"product_tag","embeddable":true,"href":"https:\/\/adekoite-preprod.fr\/pepiniere\/wp-json\/wp\/v2\/product_tag?post=6406"}],"curies":[{"name":"wp","href":"https:\/\/api.w.org\/{rel}","templated":true}]}}