{"id":5892,"date":"2026-04-07T14:24:07","date_gmt":"2026-04-07T12:24:07","guid":{"rendered":"https:\/\/adekoite-preprod.fr\/progbat\/?page_id=5892"},"modified":"2026-04-07T15:13:52","modified_gmt":"2026-04-07T13:13:52","slug":"contact","status":"publish","type":"page","link":"https:\/\/adekoite-preprod.fr\/progbat\/contact\/","title":{"rendered":"Contact"},"content":{"rendered":"\t\t<div data-elementor-type=\"wp-page\" data-elementor-id=\"5892\" class=\"elementor elementor-5892\" data-elementor-post-type=\"page\">\n\t\t\t\t<div class=\"elementor-element elementor-element-07bf259 e-flex e-con-boxed e-con e-parent\" data-id=\"07bf259\" data-element_type=\"container\" data-e-type=\"container\">\n\t\t\t\t\t<div class=\"e-con-inner\">\n\t\t<div class=\"elementor-element elementor-element-0149379 e-con-full hero-full e-flex e-con e-child\" data-id=\"0149379\" data-element_type=\"container\" data-e-type=\"container\">\n\t\t<div class=\"elementor-element elementor-element-1b5907b e-con-full e-flex e-con e-child\" data-id=\"1b5907b\" data-element_type=\"container\" data-e-type=\"container\" data-settings=\"{&quot;background_background&quot;:&quot;classic&quot;}\">\n\t\t<div class=\"elementor-element elementor-element-f225d2b e-con-full e-flex e-con e-child\" data-id=\"f225d2b\" data-element_type=\"container\" data-e-type=\"container\">\n\t\t<div class=\"elementor-element elementor-element-4c15045 e-con-full e-flex e-con e-child\" data-id=\"4c15045\" data-element_type=\"container\" data-e-type=\"container\">\n\t\t\t\t<div class=\"elementor-element elementor-element-8de5bf3 elementor-widget elementor-widget-heading\" data-id=\"8de5bf3\" data-element_type=\"widget\" data-e-type=\"widget\" data-widget_type=\"heading.default\">\n\t\t\t\t\t<h1 class=\"elementor-heading-title elementor-size-default\">Contactez l\u2019\u00e9quipe <span class=\"blue\">ProGBat<\/span> <\/h1>\t\t\t\t<\/div>\n\t\t\t\t<div class=\"elementor-element elementor-element-126c3e9 elementor-widget elementor-widget-text-editor\" data-id=\"126c3e9\" data-element_type=\"widget\" data-e-type=\"widget\" data-widget_type=\"text-editor.default\">\n\t\t\t\t\t\t\t\t\t<p>Une question, un besoin, un projet ou une demande pr\u00e9cise ?<br \/>Notre \u00e9quipe est \u00e0 votre \u00e9coute pour vous orienter vers le bon interlocuteur.<\/p>\t\t\t\t\t\t\t\t<\/div>\n\t\t\t\t<\/div>\n\t\t<div class=\"elementor-element elementor-element-b3a940d e-con-full e-flex e-con e-child\" data-id=\"b3a940d\" data-element_type=\"container\" data-e-type=\"container\">\n\t\t<div class=\"elementor-element elementor-element-a2c2ec0 e-con-full e-flex e-con e-child\" data-id=\"a2c2ec0\" data-element_type=\"container\" data-e-type=\"container\" data-settings=\"{&quot;background_background&quot;:&quot;classic&quot;}\">\n\t\t\t\t<div class=\"elementor-element elementor-element-7e7d33e elementor-widget elementor-widget-image\" data-id=\"7e7d33e\" data-element_type=\"widget\" data-e-type=\"widget\" data-widget_type=\"image.default\">\n\t\t\t\t\t\t\t\t\t\t\t\t\t\t\t<img fetchpriority=\"high\" decoding=\"async\" width=\"800\" height=\"415\" src=\"https:\/\/adekoite-preprod.fr\/progbat\/wp-content\/uploads\/2026\/04\/contact-progbat.webp\" class=\"attachment-large size-large wp-image-5894\" alt=\"Equipe ProGBat\" srcset=\"https:\/\/adekoite-preprod.fr\/progbat\/wp-content\/uploads\/2026\/04\/contact-progbat.webp 1000w, https:\/\/adekoite-preprod.fr\/progbat\/wp-content\/uploads\/2026\/04\/contact-progbat-300x156.webp 300w, https:\/\/adekoite-preprod.fr\/progbat\/wp-content\/uploads\/2026\/04\/contact-progbat-768x399.webp 768w\" sizes=\"(max-width: 800px) 100vw, 800px\" \/>\t\t\t\t\t\t\t\t\t\t\t\t\t\t\t<\/div>\n\t\t\t\t<\/div>\n\t\t\t\t<\/div>\n\t\t\t\t<\/div>\n\t\t\t\t<\/div>\n\t\t\t\t<\/div>\n\t\t\t\t\t<\/div>\n\t\t\t\t<\/div>\n\t\t<div class=\"elementor-element elementor-element-a16c9c2 e-flex e-con-boxed e-con e-parent\" data-id=\"a16c9c2\" data-element_type=\"container\" data-e-type=\"container\">\n\t\t\t\t\t<div class=\"e-con-inner\">\n\t\t<div class=\"elementor-element elementor-element-9c3a36d e-con-full e-flex e-con e-child\" data-id=\"9c3a36d\" data-element_type=\"container\" data-e-type=\"container\">\n\t\t\t\t<div class=\"elementor-element elementor-element-c89b69f btn-svg-prog-down elementor-align-center elementor-invisible elementor-widget elementor-widget-button\" data-id=\"c89b69f\" data-element_type=\"widget\" data-e-type=\"widget\" data-settings=\"{&quot;_animation&quot;:&quot;fadeInDown&quot;}\" data-widget_type=\"button.default\">\n\t\t\t\t\t\t\t\t\t\t<a class=\"elementor-button elementor-button-link elementor-size-sm\" href=\"#contact\">\n\t\t\t\t\t\t<span class=\"elementor-button-content-wrapper\">\n\t\t\t\t\t\t<span class=\"elementor-button-icon\">\n\t\t\t\t<svg xmlns=\"http:\/\/www.w3.org\/2000\/svg\" width=\"21\" height=\"22\" viewBox=\"0 0 21 22\" fill=\"none\"><path d=\"M10.1898 0.499999V20.8795M10.1898 20.8795L19.0131 12.0562M10.1898 20.8795L1.36642 12.0562\" stroke=\"#0837F2\" stroke-linecap=\"round\" stroke-linejoin=\"round\"><\/path><\/svg>\t\t\t<\/span>\n\t\t\t\t\t\t\t\t<\/span>\n\t\t\t\t\t<\/a>\n\t\t\t\t\t\t\t\t<\/div>\n\t\t\t\t<\/div>\n\t\t\t\t\t<\/div>\n\t\t\t\t<\/div>\n\t\t<div class=\"elementor-element elementor-element-fa9b372 e-flex e-con-boxed e-con e-parent\" data-id=\"fa9b372\" data-element_type=\"container\" data-e-type=\"container\">\n\t\t\t\t\t<div class=\"e-con-inner\">\n\t\t\t\t<div class=\"elementor-element elementor-element-2a9e0be elementor-widget elementor-widget-menu-anchor\" data-id=\"2a9e0be\" data-element_type=\"widget\" data-e-type=\"widget\" data-widget_type=\"menu-anchor.default\">\n\t\t\t\t\t\t\t<div class=\"elementor-menu-anchor\" id=\"contact\"><\/div>\n\t\t\t\t\t\t<\/div>\n\t\t\t\t\t<\/div>\n\t\t\t\t<\/div>\n\t\t<div class=\"elementor-element elementor-element-4cc374a e-flex e-con-boxed e-con e-parent\" data-id=\"4cc374a\" data-element_type=\"container\" data-e-type=\"container\">\n\t\t\t\t\t<div class=\"e-con-inner\">\n\t\t<div class=\"elementor-element elementor-element-7ce461a e-con-full conteneur-ombre e-flex e-con e-child\" data-id=\"7ce461a\" data-element_type=\"container\" data-e-type=\"container\" data-settings=\"{&quot;background_background&quot;:&quot;classic&quot;}\">\n\t\t<div class=\"elementor-element elementor-element-9b64232 e-con-full e-flex e-con e-child\" data-id=\"9b64232\" data-element_type=\"container\" data-e-type=\"container\">\n\t\t\t\t<div class=\"elementor-element elementor-element-a736bd1 elementor-widget elementor-widget-html\" data-id=\"a736bd1\" data-element_type=\"widget\" data-e-type=\"widget\" data-widget_type=\"html.default\">\n\t\t\t\t\t<span class=\"pastille-globale\">Contact<\/span>\t\t\t\t<\/div>\n\t\t\t\t<\/div>\n\t\t<div class=\"elementor-element elementor-element-726befd e-con-full e-flex e-con e-child\" data-id=\"726befd\" data-element_type=\"container\" data-e-type=\"container\" data-settings=\"{&quot;background_background&quot;:&quot;classic&quot;}\">\n\t\t<div class=\"elementor-element elementor-element-0e0be87 e-con-full e-flex e-con e-child\" data-id=\"0e0be87\" data-element_type=\"container\" data-e-type=\"container\" data-settings=\"{&quot;background_background&quot;:&quot;classic&quot;}\">\n\t\t\t\t<div class=\"elementor-element elementor-element-e590d79 elementor-widget elementor-widget-heading\" data-id=\"e590d79\" data-element_type=\"widget\" data-e-type=\"widget\" data-widget_type=\"heading.default\">\n\t\t\t\t\t<h2 class=\"elementor-heading-title elementor-size-default\">Appelez-nous<\/h2>\t\t\t\t<\/div>\n\t\t\t\t<div class=\"elementor-element elementor-element-e80cca2 elementor-widget elementor-widget-text-editor\" data-id=\"e80cca2\" data-element_type=\"widget\" data-e-type=\"widget\" data-widget_type=\"text-editor.default\">\n\t\t\t\t\t\t\t\t\t<p>du lundi au vendredi<br \/>9h-12h30 \/ 14h-17h<\/p>\t\t\t\t\t\t\t\t<\/div>\n\t\t\t\t<div class=\"elementor-element elementor-element-c35d004 elementor-position-inline-start elementor-mobile-position-inline-start elementor-view-default elementor-widget elementor-widget-icon-box\" data-id=\"c35d004\" data-element_type=\"widget\" data-e-type=\"widget\" data-widget_type=\"icon-box.default\">\n\t\t\t\t\t\t\t<div class=\"elementor-icon-box-wrapper\">\n\n\t\t\t\t\t\t<div class=\"elementor-icon-box-icon\">\n\t\t\t\t<a href=\"tel:+33970194460\" class=\"elementor-icon\" tabindex=\"-1\" aria-label=\"+33 9 70 19 44 60\">\n\t\t\t\t<svg xmlns=\"http:\/\/www.w3.org\/2000\/svg\" width=\"34\" height=\"34\" viewBox=\"0 0 34 34\" fill=\"none\"><rect x=\"0.5\" y=\"0.5\" width=\"33\" height=\"33\" rx=\"16.5\" fill=\"white\"><\/rect><rect x=\"0.5\" y=\"0.5\" width=\"33\" height=\"33\" rx=\"16.5\" stroke=\"#0837F2\"><\/rect><path d=\"M13.4716 19.5634C12.1045 17.6818 11.2313 15.68 10.9434 13.9475C10.6615 12.251 10.9215 10.6286 12.0927 9.77774L12.1251 9.75554L13.8512 8.68483C14.1016 8.52959 14.3807 8.42666 14.6719 8.38222C14.9631 8.33777 15.2602 8.35275 15.5455 8.42624C15.8307 8.49973 16.0981 8.63022 16.3315 8.80983C16.565 8.98944 16.7596 9.21447 16.9038 9.47133L17.7808 11.0348C18.0028 11.4304 18.096 11.8853 18.0473 12.3363C17.9987 12.7873 17.8107 13.212 17.5096 13.5512L16.0384 15.2066C15.9396 15.3175 15.9289 15.4142 15.9434 15.4712C16.031 15.8201 16.249 16.4263 16.7812 17.1589C17.3134 17.8914 17.8226 18.286 18.1274 18.4772C18.1762 18.5091 18.2717 18.5274 18.4083 18.4686L20.4365 17.5816C20.8522 17.3997 21.3143 17.3519 21.7584 17.4449C22.2026 17.538 22.6066 17.7672 22.9144 18.1006L24.1303 19.4178C24.3301 19.6343 24.484 19.889 24.5826 20.1665C24.6813 20.444 24.7228 20.7386 24.7045 21.0326C24.6863 21.3266 24.6087 21.6139 24.4765 21.877C24.3442 22.1402 24.1601 22.3739 23.9351 22.564L22.3833 23.8748L22.3522 23.8988C21.1811 24.7497 19.5577 24.4957 18.0314 23.7033C16.4726 22.8941 14.8386 21.4451 13.4716 19.5634Z\" fill=\"#0837F2\"><\/path><\/svg>\t\t\t\t<\/a>\n\t\t\t<\/div>\n\t\t\t\n\t\t\t\t\t\t<div class=\"elementor-icon-box-content\">\n\n\t\t\t\t\t\t\t\t\t<p class=\"elementor-icon-box-title\">\n\t\t\t\t\t\t<a href=\"tel:+33970194460\" >\n\t\t\t\t\t\t\t+33 9 70 19 44 60\t\t\t\t\t\t<\/a>\n\t\t\t\t\t<\/p>\n\t\t\t\t\n\t\t\t\t\n\t\t\t<\/div>\n\t\t\t\n\t\t<\/div>\n\t\t\t\t\t\t<\/div>\n\t\t\t\t<\/div>\n\t\t<div class=\"elementor-element elementor-element-df23a20 e-con-full e-flex e-con e-child\" data-id=\"df23a20\" data-element_type=\"container\" data-e-type=\"container\">\n\t\t\t\t<div class=\"elementor-element elementor-element-999677d elementor-widget elementor-widget-heading\" data-id=\"999677d\" data-element_type=\"widget\" data-e-type=\"widget\" data-widget_type=\"heading.default\">\n\t\t\t\t\t<h2 class=\"elementor-heading-title elementor-size-default\">Vous pr\u00e9f\u00e9rez nous \u00e9crire ?<\/h2>\t\t\t\t<\/div>\n\t\t\t\t<div class=\"elementor-element elementor-element-2d52273 elementor-widget elementor-widget-text-editor\" data-id=\"2d52273\" data-element_type=\"widget\" data-e-type=\"widget\" data-widget_type=\"text-editor.default\">\n\t\t\t\t\t\t\t\t\t<p>S\u00e9lectionnez le service que vous souhaitez contacter, puis remplissez le formulaire.<\/p>\t\t\t\t\t\t\t\t<\/div>\n\t\t\t\t<div class=\"elementor-element elementor-element-73ab5bb elementor-widget elementor-widget-html\" data-id=\"73ab5bb\" data-element_type=\"widget\" data-e-type=\"widget\" data-widget_type=\"html.default\">\n\t\t\t\t\t<div class=\"service-contact-wrapper\">\r\n\r\n  <select id=\"service-contact-select\" class=\"service-contact-select\">\r\n    <option value=\"\">Choisissez le service \u00e0 contacter<\/option>\r\n    <option value=\"commercial\">Service commercial<\/option>\r\n    <option value=\"partenariats\">Service partenariats<\/option>\r\n    <option value=\"marketing\">Service marketing \/ communication<\/option>\r\n  <\/select>\r\n\r\n  <!-- Formulaire Commercial -->\r\n  <div id=\"form-commercial\" class=\"service-contact-form\">\r\n    <div class=\"hs-form-frame\"\r\n         data-region=\"eu1\"\r\n         data-form-id=\"3e97c374-610f-4e98-b208-731646c746a2\"\r\n         data-portal-id=\"146051370\"><\/div>\r\n  <\/div>\r\n\r\n  <!-- Formulaire Partenariats -->\r\n  <div id=\"form-partenariats\" class=\"service-contact-form\">\r\n    <div class=\"hs-form-frame\"\r\n         data-region=\"eu1\"\r\n         data-form-id=\"ab240135-9536-41b1-8aec-1ab39518f230\"\r\n         data-portal-id=\"146051370\"><\/div>\r\n  <\/div>\r\n\r\n  <!-- Formulaire Marketing -->\r\n  <div id=\"form-marketing\" class=\"service-contact-form\">\r\n    <div class=\"hs-form-frame\"\r\n         data-region=\"eu1\"\r\n         data-form-id=\"6d3697ad-e8cc-4c82-9118-444ae1d752ef\"\r\n         data-portal-id=\"146051370\"><\/div>\r\n  <\/div>\r\n\r\n<\/div>\r\n\r\n<!-- Script HubSpot (UNE SEULE FOIS) -->\r\n<script src=\"https:\/\/js-eu1.hsforms.net\/forms\/embed\/146051370.js\" defer><\/script>\r\n\r\n\r\n\r\n<script>\r\ndocument.addEventListener('DOMContentLoaded', function () {\r\n\r\n  const select = document.getElementById('service-contact-select');\r\n\r\n  const forms = {\r\n    commercial: document.getElementById('form-commercial'),\r\n    partenariats: document.getElementById('form-partenariats'),\r\n    marketing: document.getElementById('form-marketing')\r\n  };\r\n\r\n  function hideAllForms() {\r\n    Object.values(forms).forEach(form => {\r\n      if (form) form.style.display = 'none';\r\n    });\r\n  }\r\n\r\n  select.addEventListener('change', function () {\r\n    hideAllForms();\r\n\r\n    if (this.value && forms[this.value]) {\r\n      forms[this.value].style.display = 'block';\r\n    }\r\n  });\r\n\r\n});\r\n<\/script>\t\t\t\t<\/div>\n\t\t\t\t<div class=\"elementor-element elementor-element-1902c42 elementor-widget elementor-widget-text-editor\" data-id=\"1902c42\" data-element_type=\"widget\" data-e-type=\"widget\" data-widget_type=\"text-editor.default\">\n\t\t\t\t\t\t\t\t\t<p>Notre \u00e9quipe fait le maximum pour vous r\u00e9pondre dans les meilleurs d\u00e9lais.<\/p>\t\t\t\t\t\t\t\t<\/div>\n\t\t\t\t<\/div>\n\t\t\t\t<\/div>\n\t\t\t\t<\/div>\n\t\t\t\t\t<\/div>\n\t\t\t\t<\/div>\n\t\t\t\t<\/div>\n\t\t","protected":false},"excerpt":{"rendered":"<p>Contactez l\u2019\u00e9quipe ProGBat Une question, un besoin, un projet ou une demande pr\u00e9cise ?Notre \u00e9quipe est \u00e0 votre \u00e9coute pour vous orienter vers le bon interlocuteur. Contact Appelez-nous du lundi au vendredi9h-12h30 \/ 14h-17h +33 9 70 19 44 60 Vous pr\u00e9f\u00e9rez nous \u00e9crire ? S\u00e9lectionnez le service que vous souhaitez contacter, puis remplissez le [&hellip;]<\/p>\n","protected":false},"author":1,"featured_media":0,"parent":0,"menu_order":0,"comment_status":"closed","ping_status":"closed","template":"","meta":{"footnotes":""},"class_list":["post-5892","page","type-page","status-publish","hentry"],"_links":{"self":[{"href":"https:\/\/adekoite-preprod.fr\/progbat\/wp-json\/wp\/v2\/pages\/5892","targetHints":{"allow":["GET"]}}],"collection":[{"href":"https:\/\/adekoite-preprod.fr\/progbat\/wp-json\/wp\/v2\/pages"}],"about":[{"href":"https:\/\/adekoite-preprod.fr\/progbat\/wp-json\/wp\/v2\/types\/page"}],"author":[{"embeddable":true,"href":"https:\/\/adekoite-preprod.fr\/progbat\/wp-json\/wp\/v2\/users\/1"}],"replies":[{"embeddable":true,"href":"https:\/\/adekoite-preprod.fr\/progbat\/wp-json\/wp\/v2\/comments?post=5892"}],"version-history":[{"count":43,"href":"https:\/\/adekoite-preprod.fr\/progbat\/wp-json\/wp\/v2\/pages\/5892\/revisions"}],"predecessor-version":[{"id":5941,"href":"https:\/\/adekoite-preprod.fr\/progbat\/wp-json\/wp\/v2\/pages\/5892\/revisions\/5941"}],"wp:attachment":[{"href":"https:\/\/adekoite-preprod.fr\/progbat\/wp-json\/wp\/v2\/media?parent=5892"}],"curies":[{"name":"wp","href":"https:\/\/api.w.org\/{rel}","templated":true}]}}